{"id":1110,"date":"2016-04-19T07:40:54","date_gmt":"2016-04-19T05:40:54","guid":{"rendered":"http:\/\/www.zti.il.pw.edu.pl\/?page_id=1110"},"modified":"2016-04-19T07:51:33","modified_gmt":"2016-04-19T05:51:33","slug":"repo-mj","status":"publish","type":"page","link":"https:\/\/www.zti.il.pw.edu.pl\/?page_id=1110","title":{"rendered":"Repo MJ"},"content":{"rendered":"<p><html xmlns:xsd=\"http:\/\/www.w3.org\/2001\/XMLSchema\" xmlns=\"http:\/\/www.w3.org\/1999\/xhtml\"><\/p>\n<p><head><br \/>\n    <meta http-equiv=\"Content-Type\" content=\"text\/html; charset=UTF-8\" \/><br \/>\n    <title>Raport dorobku<br \/>\n    <\/title><br \/>\n    <script src=\"\/a4j\/g\/3_3_3.Final\/org\/ajax4jsf\/framework.pack.js\" type=\"text\/javascript\"><\/script><script src=\"\/a4j\/g\/3_3_3.Final\/org\/richfaces\/ui.pack.js\" type=\"text\/javascript\"><\/script><link class=\"component\" href=\"\/a4j\/s\/3_3_3.Final\/org\/richfaces\/skin.xcss\/DATB\/eAGTcz60MXT5DGkAD2IDhA__\" rel=\"stylesheet\" type=\"text\/css\" \/><link class=\"component\" href=\"\/a4j\/s\/3_3_3.FinalMETA-INF\/skins\/glassX.xcss\/DATB\/eAGTcz60MXT5DGkAD2IDhA__\" rel=\"stylesheet\" type=\"text\/css\" \/><link class=\"component\" href=\"\/a4j\/s\/3_3_3.FinalMETA-INF\/skins\/glassXExt.xcss\/DATB\/eAGTcz60MXT5DGkAD2IDhA__\" media=\"rich-extended-skinning\" rel=\"stylesheet\" type=\"text\/css\" \/><script type=\"text\/javascript\">window.RICH_FACES_EXTENDED_SKINNING_ON=true;<\/script><link class=\"user\" href=\"\/stylesheet\/theme.css\" rel=\"stylesheet\" type=\"text\/css\" \/><link type=\"text\/css\" rel=\"stylesheet\" href=\"https:\/\/repo.pw.edu.pl\/stylesheet\/theme.css\" \/>\n<style>\n        table.summaryTable, .summaryTable th, .summaryTable td{\n            border: 1px solid black;\n            border-collapse: collapse;\n        }<\/p>\n<p>        .reportTimePeriod{\n            margin-bottom: 15px;\n        }<\/p>\n<p>        .researcherReport{\n            margin-bottom: 30px;\n        }<\/p>\n<p>        table.citationsTable{\n            margin-bottom: 5pt;\n        }<\/p>\n<p>        table.citationsTable td{\n            font-size: 1.2em;\n            padding-right: 25px;\n        }<\/p>\n<p>        @page {\n            @bottom-right {\n                content: counter(page) \" \/ \" counter(pages);\n            }<\/p>\n<p>            margin: 2cm;\n        }<\/p>\n<p>        tr{page-break-inside:avoid;}<\/p>\n<p>        body {\n            font-family: Times New Roman;\n            font-size: 11pt;\n            line-height: 1.1;\n        }<\/p>\n<p>        a{\n            color: black;\n        }<\/p>\n<p>        .rich-table-cell{\n            font-size: 10pt;<\/p>\n<p>        }<\/p>\n<p>        .resultListHeader0{\n            font-size: 12pt;\n            page-break-after:avoid;\n            color: black!important;<\/p>\n<p>        }\n        .resultListHeader1{\n            font-size: 11.5pt;\n            page-break-after:avoid;\n            color: black!important;\n        }<\/p>\n<p>        .resultListHeader2{\n            font-size: 10.5pt;\n            color: black!important;\n        }\n        .resultListHeader3{\n            font-size: 10pt;\n            color: black!important;\n        }<\/p>\n<p>        .resultListHeaderRow{\n            page-break-after: avoid;\n        }<\/p>\n<p>        .scoreCell{\n            text-align: right;\n            white-space: nowrap;\n            vertical-align: middle;\n            min-width: 15pt;\n        }<\/p>\n<p>        th{\n            vertical-align: bottom;\n            text-align: left;\n            border: none;\n        }<\/p>\n<p>        thead tr{\n            background: none!important;\n        }\n        .rich-table-subheadercell{\n            text-align: left;\n            border:none;\n        }\n        .rich-table-subheadercell+.rich-table-subheadercell{\n            text-align: right;\n        }<\/p>\n<p>        td{\n            text-align: justify;\n        }\n        .entitiesTable{\n            width: 100%;\n        }\n        .entitiesTable td{\n            font-size: 10pt;\n            padding-top: 7px;\n            padding-bottom: 7px;\n            color: #474747;\n        }<\/p>\n<p>        .csl-left-margin{\n            display: none;\n        }\n        .legend table td{\n            font-size: 10pt;\n        }\n        .legendHeader{\n            font-weight: bold;<\/p>\n<p>        }<\/p>\n<\/style>\n<p><\/head><br \/>\n<body class=\"researcherReportBody\"><\/p>\n<div style=\"float: right; font-size: 9pt;\"><\/div>\n<div style=\"float: right; font-size: 9pt;\">Raport wygenerowany dnia 19-04-2016<\/div>\n<div style=\"margin-bottom: 10pt;\">\n<!img src=\"\/docstore\/download.seam?fileId=WUT381657\" style=\"margin-bottom: 5px;\" width=\"64\" \/><\/div>\n<div class=\"researcherReport\">\n<h1>mgr in&#380;. Marcin Jaczewski<\/p>\n<\/h1>\n<div class=\"authorBasicInfoPanel\" style=\"margin-bottom: 20px;\">\n<table>\n<tbody>\n<tr>\n<td><span class=\"authorAffil\">asystent<\/span><\/td>\n<\/tr>\n<tr>\n<td><a href=\"\/info\/affiliation\/WUT-f4a3b530-23b4-40cc-a890-fb47df6361d5\/The+Institute+of+Civil+Engineering?tab=&amp;lang=pl&amp;affil=&amp;cid=2050161\" id=\"j_id27\"><span class=\"authorAffil\">Instytut In&#380;ynierii Budowlanej<\/span><\/a><\/td>\n<\/tr>\n<tr>\n<td><span style=\"display:block\"><a href=\"\/info\/affiliation\/WUT-0fee2ebc-eb78-4e76-b191-0a76891774a2\/Faculty+of+Civil+Engineering?tab=&amp;lang=pl&amp;affil=&amp;cid=2050161\" id=\"j_id37\"><span class=\"authorAffil\">Wydzia&#322; In&#380;ynierii L&#261;dowej <\/span><\/a><\/span><\/td>\n<\/tr>\n<\/tbody>\n<\/table>\n<\/div>\n<table class=\"citationsTable\">\n<tbody>\n<tr>\n<td>h-index: 2<\/td>\n<td>liczba cytowa&#324;: 6<\/td>\n<td>&#377;r&oacute;d&#322;o: Google Scholar<\/td>\n<\/tr>\n<tr>\n<td><\/td>\n<td>liczba cytowa&#324;: 2<\/td>\n<td>&#377;r&oacute;d&#322;o: Web of Science<\/td>\n<\/tr>\n<\/tbody>\n<\/table>\n<div class=\"summaryTableWrapper\">\n<table class=\"summaryTable\" cellpadding=\"3\">\n<thead>\n<tr>\n<th align=\"left\">Dorobek<\/th>\n<th align=\"left\">liczba<\/th>\n<th align=\"right\">l. punkt&oacute;w<\/th>\n<\/tr>\n<\/thead>\n<tbody>\n<tr class=\"level-1\">\n<td>Publikacje<\/td>\n<td>13\n                        <\/td>\n<td>59\n                            <\/td>\n<tr class=\"level-2\">\n<td style=\"padding-left: 15px;\">Ksi&#261;&#380;ki autorskie<\/td>\n<td>1\n                                            <\/td>\n<td>20\n                                                <\/td>\n<\/tr>\n<tr class=\"level-2\">\n<td style=\"padding-left: 15px;\">Artyku&#322;y z listy B<\/td>\n<td>3\n                                            <\/td>\n<td>11\n                                                <\/td>\n<\/tr>\n<tr class=\"level-2\">\n<td style=\"padding-left: 15px;\">Rozdzia&#322;y z ksi&#261;&#380;ek<\/td>\n<td>2\n                                            <\/td>\n<td>8\n                                                <\/td>\n<\/tr>\n<tr class=\"level-2\">\n<td style=\"padding-left: 15px;\">Materia&#322;y konferencyjne (WoS)<\/td>\n<td>2\n                                            <\/td>\n<td>20\n                                                <\/td>\n<\/tr>\n<tr class=\"level-2\">\n<td style=\"padding-left: 15px;\">Materia&#322;y konferencyjne (spoza WoS)<\/td>\n<td>5\n                                            <\/td>\n<td>\n                                                <\/td>\n<\/tr>\n<\/tr>\n<\/tbody>\n<\/table>\n<\/div>\n<p><\/p>\n<div class=\"\">\n<table>\n<tr>\n<th style=\"width: 100%;\"><span style=\"font-size: 18pt\">Publikacje<\/span><\/th>\n<th style=\"text-align: right;\"><span style=\"white-space: nowrap\"><br \/>\n                        pkt\/Scholar\/WoS\/IF<\/span>\n            <\/th>\n<\/tr>\n<\/table>\n<table class=\"entitiesTable\">\n<tbody>\n<tr class=\"resultListHeaderRow\">\n<td colspan=\"2\" class=\"resultListHeader resultListHeader0\">2015<\/td>\n<\/tr>\n<tr class=\"resultListHeaderRow\">\n<td colspan=\"2\" class=\"resultListHeader resultListHeader1\">Materia&#322;y konferencyjne<\/td>\n<\/tr>\n<tr>\n<td class=\"\">Jaczewski Marcin: Budownictwo zr\u00f3wnowa\u017cone &#8211; metody projektowania, w: Fizyka budowli w teorii i  praktyce. XV Polska konferencja naukowo-techniczna.CD, 2015, Instytut Fizyki Budowli, Katarzyna i Piotr Klemm S.C., ISBN 978-83-936869-3-3, ss. 99-104<\/p>\n<p><span class=\"Z3988\" title=\"ctx_ver=Z39.88-2004&amp;rft_val_fmt=info:ofi\/fmt:kev:mtx:book&amp;rft.atitle=Budownictwo%20zr&oacute;wnowa&#380;one%20-%20metody%20projektowania&amp;rft.isbn=978-83-936869-3-3&amp;rft.btitle=Fizyka%20budowli%20w%20teorii%20i%20%20praktyce.%20XV%20Polska%20konferencja%20naukowo-techniczna.CD&amp;rft.date=2015&amp;rft.pub=Instytut%20Fizyki%20Budowli,%20Katarzyna%20i%20Piotr%20Klemm%20S.C.&amp;rft.place=&#321;&oacute;d&#378;&amp;rft.genre=conference&amp;rft_id=info:doi\/&amp;rft.aufirst=Marcin&amp;rft.aulast=Jaczewski&amp;rft.pages=99-104\"><\/span><\/p>\n<\/td>\n<td class=\"scoreCell\" style=\"text-align: right;\">&#8211;\/&#8211;\/&#8211;\/&#8211;\n                        <\/td>\n<\/tr>\n<tr>\n<td class=\"\">Jaczewski Marcin, Gajewski Ryszard Robert: Learning Skills, Digital Competencies and Flipped Class: Lessons Learned, w: 13th International Conference on e-Society 2015, 2015, International Association for development of the Information Society<\/p>\n<p><span class=\"Z3988\" title=\"ctx_ver=Z39.88-2004&amp;rft_val_fmt=info:ofi\/fmt:kev:mtx:book&amp;rft.atitle=Learning%20Skills,%20Digital%20Competencies%20and%20Flipped%20Class:%20Lessons%20Learned&amp;rft.isbn=&amp;rft.btitle=13th%20International%20Conference%20on%20e-Society%202015&amp;rft.date=2015&amp;rft.pub=International%20Association%20for%20development%20of%20the%20Information%20Society&amp;rft.place=&amp;rft.genre=conference&amp;rft_id=info:doi\/&amp;rft.aufirst=Marcin&amp;rft.aulast=Jaczewski&amp;rft.aufirst=Ryszard%20Robert&amp;rft.aulast=Gajewski&amp;rft.pages=\"><\/span><\/p>\n<\/td>\n<td class=\"scoreCell\" style=\"text-align: right;\">&#8211;\/&#8211;\/&#8211;\/&#8211;\n                        <\/td>\n<\/tr>\n<tr class=\"resultListHeaderRow\">\n<td colspan=\"2\" class=\"resultListHeader resultListHeader0\">2014<\/td>\n<\/tr>\n<tr class=\"resultListHeaderRow\">\n<td colspan=\"2\" class=\"resultListHeader resultListHeader1\">Ksi&#261;&#380;ki autorskie<\/td>\n<\/tr>\n<tr>\n<td class=\"\">Jaczewski Marcin, Gajewski Ryszard Robert: PTC Mathcad Prime 3.0 Obliczenia i programowanie, 2014, Wydawnictwo Naukowe PWN, ISBN 978-83-01-18031-7, 222 s.<br \/>\n<span class=\"Z3988\" title=\"ctx_ver=Z39.88-2004&amp;rft_val_fmt=info:ofi\/fmt:kev:mtx:book&amp;rft.btitle=PTC%20Mathcad%20Prime%203.0%20Obliczenia%20i%20programowanie&amp;rft.isbn=978-83-01-18031-7&amp;rft.aufirst=Marcin&amp;rft.aulast=Jaczewski&amp;rft.aufirst=Ryszard%20Robert&amp;rft.aulast=Gajewski&amp;rft.date=2014&amp;rft.pub=Wydawnictwo%20Naukowe%20PWN&amp;rft.place=Warszawa&amp;rft.genre=book&amp;rft_id=info:doi\/\"><\/span><\/p>\n<\/td>\n<td class=\"scoreCell\" style=\"text-align: right;\">20\/&#8211;\/&#8211;\/&#8211;\n                        <\/td>\n<\/tr>\n<tr class=\"resultListHeaderRow\">\n<td colspan=\"2\" class=\"resultListHeader resultListHeader1\">Rozdzia&#322;y z ksi&#261;&#380;ek<\/td>\n<\/tr>\n<tr>\n<td class=\"\">Jaczewski Marcin: Wielokryterialna ocena \u015brodowiskowa budynk\u00f3w-nowe spojrzenie na proces projektowania, w: Ekologia w budownictwie \/ Runkiewicz Leonard, B&#322;aszczy&#324;ski T. (<span style=\"font-style:italic\">red.<\/span>), 2014, Dolno&#347;l&#261;skie Wydawnictwo Edukacyjne, ISBN 978-83-7125-249-5, ss. 61-72<\/p>\n<p><span class=\"Z3988\" title=\"ctx_ver=Z39.88-2004&amp;rft_val_fmt=info:ofi\/fmt:kev:mtx:book&amp;rft.atitle=Wielokryterialna%20ocena%20&#347;rodowiskowa%20budynk&oacute;w-nowe%20spojrzenie%20na%20proces%20projektowania&amp;rft.isbn=978-83-7125-249-5&amp;rft.btitle=Ekologia%20w%20budownictwie&amp;rft.date=2014&amp;rft.pub=Dolno&#347;l&#261;skie%20Wydawnictwo%20Edukacyjne&amp;rft.place=Wroc&#322;aw&amp;rft.genre=bookitem&amp;rft_id=info:doi\/&amp;rft.aufirst=Marcin&amp;rft.aulast=Jaczewski&amp;rft.pages=61-72\"><\/span><\/p>\n<\/td>\n<td class=\"scoreCell\" style=\"text-align: right;\">4\/&#8211;\/&#8211;\/&#8211;\n                        <\/td>\n<\/tr>\n<tr class=\"resultListHeaderRow\">\n<td colspan=\"2\" class=\"resultListHeader resultListHeader1\">Artyku&#322;y z czasopism<\/td>\n<\/tr>\n<tr>\n<td class=\"\">Firl&#261;g Szymon, Jaczewski Marcin: Charakterystyka budynku Centrum Transferu Technologii w obszarze OZE w kontek\u015bcie wymaga\u0144 dla standardu pasywnego , w: Acta Innovations, nr 13, 2014, ss. 32-40<\/p>\n<p><span class=\"Z3988\" title=\"ctx_ver=Z39.88-2004&amp;rft_val_fmt=info:ofi\/fmt:kev:mtx:journal&amp;rft.atitle=Charakterystyka%20budynku%20Centrum%20Transferu%20Technologii%20w%20obszarze%20OZE%20w%20kontek&#347;cie%20wymaga&#324;%20dla%20standardu%20pasywnego%20&amp;rft.jtitle=Acta%20Innovations&amp;rft.stitle=Acta%20Innovations&amp;rft.issn=2300-5599&amp;rft.genre=article&amp;rft.date=2014&amp;rft.volume=&amp;rft.issue=13&amp;rft_id=info:doi\/&amp;rft.aufirst=Szymon&amp;rft.aulast=Firl&#261;g&amp;rft.aufirst=Marcin&amp;rft.aulast=Jaczewski&amp;rft.pages=32-40\"><\/span><\/p>\n<\/td>\n<td class=\"scoreCell\" style=\"text-align: right;\">5\/&#8211;\/&#8211;\/&#8211;\n                        <\/td>\n<\/tr>\n<tr>\n<td class=\"\">Jaczewski Marcin: Problematyka zr\u00f3wnowa\u017conego budownictwa na etapie realizacji budowy, w: Budownictwo, Technologie, Architektura, nr 4, 2014, ss. 60-63<\/p>\n<p><span class=\"Z3988\" title=\"ctx_ver=Z39.88-2004&amp;rft_val_fmt=info:ofi\/fmt:kev:mtx:journal&amp;rft.atitle=Problematyka%20zr&oacute;wnowa&#380;onego%20budownictwa%20na%20etapie%20realizacji%20budowy&amp;rft.jtitle=Budownictwo,%20Technologie,%20Architektura&amp;rft.stitle=Budownictwo,%20Technologie,%20Architektura&amp;rft.issn=1644-745X&amp;rft.genre=article&amp;rft.date=2014&amp;rft.volume=&amp;rft.issue=4&amp;rft_id=info:doi\/&amp;rft.aufirst=Marcin&amp;rft.aulast=Jaczewski&amp;rft.pages=60-63\"><\/span><\/p>\n<\/td>\n<td class=\"scoreCell\" style=\"text-align: right;\">3\/&#8211;\/&#8211;\/&#8211;\n                        <\/td>\n<\/tr>\n<tr class=\"resultListHeaderRow\">\n<td colspan=\"2\" class=\"resultListHeader resultListHeader1\">Materia&#322;y konferencyjne<\/td>\n<\/tr>\n<tr>\n<td class=\"\">Jaczewski Marcin, Gajewski Ryszard Robert: Flipped Computer Science Classes, w: Proceedings of the 2014 Federated Conference on Computer Science and Information Systems \/ Ganzha Maria, Maciaszek Leszek A., Paprzycki  Marcin (<span style=\"font-style:italic\">red.<\/span>), Annals of Computer Science and Information Systems, vol. 3, 2014, PTI, ISBN 978-83-60810-59-0, 795&#8211;802., <a href=\"http:\/\/dx.doi.org\/10.15439\/2014F300\" target=\"_blank\">DOI:10.15439\/2014F300 <\/a><\/p>\n<p><span class=\"Z3988\" title=\"ctx_ver=Z39.88-2004&amp;rft_val_fmt=info:ofi\/fmt:kev:mtx:book&amp;rft.atitle=Flipped%20Computer%20Science%20Classes&amp;rft.isbn=978-83-60810-59-0&amp;rft.series=Annals%20of%20Computer%20Science%20and%20Information%20Systems&amp;rft.issn=2300-5963&amp;rft.btitle=Proceedings%20of%20the%202014%20Federated%20Conference%20on%20Computer%20Science%20and%20Information%20Systems&amp;rft.date=2014&amp;rft.pub=PTI&amp;rft.place=Warszawa&amp;rft.genre=bookitem&amp;rft_id=info:doi\/10.15439\/2014F300&amp;rft.aufirst=Marcin&amp;rft.aulast=Jaczewski&amp;rft.aufirst=Ryszard%20Robert&amp;rft.aulast=Gajewski&amp;rft.pages=795--802.\"><\/span><\/p>\n<\/td>\n<td class=\"scoreCell\" style=\"text-align: right;\">10\/&#8211;\/&#8211;\/&#8211;\n                        <\/td>\n<\/tr>\n<tr class=\"resultListHeaderRow\">\n<td colspan=\"2\" class=\"resultListHeader resultListHeader0\">2013<\/td>\n<\/tr>\n<tr class=\"resultListHeaderRow\">\n<td colspan=\"2\" class=\"resultListHeader resultListHeader1\">Rozdzia&#322;y z ksi&#261;&#380;ek<\/td>\n<\/tr>\n<tr>\n<td class=\"\">Gajewski Ryszard Robert, W&#322;asak Lech, Jaczewski Marcin<span style=\"font-style:italic\"> [i in.]<\/span>: Przekazy strumieniowe w kszta\u0142ceniu in\u017cynier\u00f3w, w: Rola e-edukacji w rozwoju kszta\u0142cenia akademickiego \/ Antoszkieiwcz J. D., Rocki M. (<span style=\"font-style:italic\">red.<\/span>), 2013, Fundacja Promocji i Akredytacji Kierunk&oacute;w Ekonomicznych, ISBN 978-83-63127-11-4, ss. 95-106<\/p>\n<p><span class=\"Z3988\" title=\"ctx_ver=Z39.88-2004&amp;rft_val_fmt=info:ofi\/fmt:kev:mtx:book&amp;rft.atitle=Przekazy%20strumieniowe%20w%20kszta&#322;ceniu%20in&#380;ynier&oacute;w&amp;rft.isbn=978-83-63127-11-4&amp;rft.btitle=Rola%20e-edukacji%20w%20rozwoju%20kszta&#322;cenia%20akademickiego&amp;rft.date=2013&amp;rft.pub=Fundacja%20Promocji%20i%20Akredytacji%20Kierunk&oacute;w%20Ekonomicznych&amp;rft.place=Warszawa&amp;rft.genre=bookitem&amp;rft_id=info:doi\/&amp;rft.aufirst=Ryszard%20Robert&amp;rft.aulast=Gajewski&amp;rft.aufirst=Lech&amp;rft.aulast=W&#322;asak&amp;rft.aufirst=Marcin&amp;rft.aulast=Jaczewski&amp;rft.aufirst=Tomasz&amp;rft.aulast=Dubilis&amp;rft.aufirst=Tomasz&amp;rft.aulast=Warda&amp;rft.pages=95-106\"><\/span><\/p>\n<\/td>\n<td class=\"scoreCell\" style=\"text-align: right;\">4\/&#8211;\/&#8211;\/&#8211;\n                        <\/td>\n<\/tr>\n<tr class=\"resultListHeaderRow\">\n<td colspan=\"2\" class=\"resultListHeader resultListHeader1\">Artyku&#322;y z czasopism<\/td>\n<\/tr>\n<tr>\n<td class=\"\">Jaczewski Marcin: Materia\u0142y budowlane w aspekcie wielokryterialnej oceny \u015brodowiskowej budynk\u00f3w, w: Budownictwo, Technologie, Architektura, nr 4, 2013, ss. 44-47<\/p>\n<p><span class=\"Z3988\" title=\"ctx_ver=Z39.88-2004&amp;rft_val_fmt=info:ofi\/fmt:kev:mtx:journal&amp;rft.atitle=Materia&#322;y%20budowlane%20w%20aspekcie%20wielokryterialnej%20oceny%20&#347;rodowiskowej%20budynk&oacute;w&amp;rft.jtitle=Budownictwo,%20Technologie,%20Architektura&amp;rft.stitle=Budownictwo,%20Technologie,%20Architektura&amp;rft.issn=1644-745X&amp;rft.genre=article&amp;rft.date=2013&amp;rft.volume=&amp;rft.issue=4&amp;rft_id=info:doi\/&amp;rft.aufirst=Marcin&amp;rft.aulast=Jaczewski&amp;rft.pages=44-47\"><\/span><\/p>\n<\/td>\n<td class=\"scoreCell\" style=\"text-align: right;\">3\/&#8211;\/&#8211;\/&#8211;\n                        <\/td>\n<\/tr>\n<tr class=\"resultListHeaderRow\">\n<td colspan=\"2\" class=\"resultListHeader resultListHeader1\">Materia&#322;y konferencyjne<\/td>\n<\/tr>\n<tr>\n<td class=\"\">Gajewski Ryszard Robert, W&#322;asek Lech, Jaczewski Marcin: IS (ICT) and CS in Civil Engineering Curricula: Case Study, w: Proceedings of the Federated Conference on Computer Science and Information Systems &#8211; FedCSIS 2013 \/ Ganzha Maria, Maciaszek Leszek A., Paprzycki  Marcin (<span style=\"font-style:italic\">red.<\/span>), 2013, IEEE, ISBN 978-1-4673-4471-5, ss. 717-720<\/p>\n<p><span class=\"Z3988\" title=\"ctx_ver=Z39.88-2004&amp;rft_val_fmt=info:ofi\/fmt:kev:mtx:book&amp;rft.atitle=IS%20(ICT)%20and%20CS%20in%20Civil%20Engineering%20Curricula:%20Case%20Study&amp;rft.isbn=978-1-4673-4471-5&amp;rft.btitle=Proceedings%20of%20the%20Federated%20Conference%20on%20Computer%20Science%20and%20Information%20Systems%20-%20FedCSIS%202013&amp;rft.date=2013&amp;rft.pub=IEEE&amp;rft.place=&amp;rft.genre=conference&amp;rft_id=info:doi\/&amp;rft.aufirst=Ryszard%20Robert&amp;rft.aulast=Gajewski&amp;rft.aufirst=Lech&amp;rft.aulast=W&#322;asek&amp;rft.aufirst=Marcin&amp;rft.aulast=Jaczewski&amp;rft.pages=717-720\"><\/span><\/p>\n<\/td>\n<td class=\"scoreCell\" style=\"text-align: right;\">10\/3\/1\/&#8211;\n                        <\/td>\n<\/tr>\n<tr>\n<td class=\"\">Jaczewski Marcin: Wielokryterialna ocena \u015brodowiskowa budynk\u00f3w- nowe spojrzenie na proces projektowania, w: Ekologia a budownictwo. XXI og\u00f3lnopolska interdyscyplinarna konferencja Naukowo-techniczna, 2013, PZIiTB, ISBN 978-83-932934-2-1, ss. 129-139<\/p>\n<p><span class=\"Z3988\" title=\"ctx_ver=Z39.88-2004&amp;rft_val_fmt=info:ofi\/fmt:kev:mtx:book&amp;rft.atitle=Wielokryterialna%20ocena%20&#347;rodowiskowa%20budynk&oacute;w-%20nowe%20spojrzenie%20na%20proces%20projektowania&amp;rft.isbn=978-83-932934-2-1&amp;rft.btitle=Ekologia%20a%20budownictwo.%20XXI%20og&oacute;lnopolska%20interdyscyplinarna%20konferencja%20Naukowo-techniczna&amp;rft.date=2013&amp;rft.pub=PZIiTB&amp;rft.place=Bielsko-Bia&#322;a&amp;rft.genre=conference&amp;rft_id=info:doi\/&amp;rft.aufirst=Marcin&amp;rft.aulast=Jaczewski&amp;rft.pages=129-139\"><\/span><\/p>\n<\/td>\n<td class=\"scoreCell\" style=\"text-align: right;\">&#8211;\/&#8211;\/&#8211;\/&#8211;\n                        <\/td>\n<\/tr>\n<tr>\n<td class=\"\">W&#322;asak Lech, Jaczewski Marcin, Dubilis Tomasz<span style=\"font-style:italic\"> [i in.]<\/span>: How to motivate digital natives to learn?, w: Learning while we are connected. Vol. 3 : Book of abstracts \/ Reynolds N.<span style=\"font-style:italic\"> [i in.]<\/span> (<span style=\"font-style:italic\">red.<\/span>), vol. 3, 2013, Uniwersytet Miko&#322;aja Kopernika, ISBN 978-83-231-3095-6, ss. 78-79<\/p>\n<p><span class=\"Z3988\" title=\"ctx_ver=Z39.88-2004&amp;rft_val_fmt=info:ofi\/fmt:kev:mtx:book&amp;rft.atitle=How%20to%20motivate%20digital%20natives%20to%20learn?&amp;rft.isbn=978-83-231-3095-6&amp;rft.btitle=Learning%20while%20we%20are%20connected.%20Vol.%203%20:%20Book%20of%20abstracts&amp;rft.date=2013&amp;rft.pub=Uniwersytet%20Miko&#322;aja%20Kopernika&amp;rft.place=&amp;rft.genre=conference&amp;rft_id=info:doi\/&amp;rft.aufirst=Lech&amp;rft.aulast=W&#322;asak&amp;rft.aufirst=Marcin&amp;rft.aulast=Jaczewski&amp;rft.aufirst=Tomasz&amp;rft.aulast=Dubilis&amp;rft.aufirst=Tomasz&amp;rft.aulast=Warda&amp;rft.pages=78-79\"><\/span><\/p>\n<\/td>\n<td class=\"scoreCell\" style=\"text-align: right;\">&#8211;\/&#8211;\/&#8211;\/&#8211;\n                        <\/td>\n<\/tr>\n<tr>\n<td class=\"\">W&#322;asak Lech, Jaczewski Marcin, Gajewski Ryszard Robert: IS (ICT) and CS in Civil Engineering Curricula: Case Study, w: Proceedings of the 2013 Federated Conference on Computer Science and Information Systems \/ M. Ganzha L. Maciaszek M Paprzycki (<span style=\"font-style:italic\">red.<\/span>), 2013, IEEE, pages 717&#8211;720.<\/p>\n<p><span class=\"Z3988\" title=\"ctx_ver=Z39.88-2004&amp;rft_val_fmt=info:ofi\/fmt:kev:mtx:book&amp;rft.atitle=IS%20(ICT)%20and%20CS%20in%20Civil%20Engineering%20Curricula:%20Case%20Study&amp;rft.isbn=&amp;rft.btitle=Proceedings%20of%20the%202013%20Federated%20Conference%20on%20Computer%20Science%20and%20Information%20Systems&amp;rft.date=2013&amp;rft.pub=IEEE&amp;rft.place=&amp;rft.genre=conference&amp;rft_id=info:doi\/&amp;rft.aufirst=Lech&amp;rft.aulast=W&#322;asak&amp;rft.aufirst=Marcin&amp;rft.aulast=Jaczewski&amp;rft.aufirst=Ryszard%20Robert&amp;rft.aulast=Gajewski&amp;rft.pages=pages%20717--720.\"><\/span><\/p>\n<\/td>\n<td class=\"scoreCell\" style=\"text-align: right;\">&#8211;\/3\/1\/&#8211;\n                        <\/td>\n<\/tr>\n<\/tbody>\n<\/table>\n<\/div>\n<hr \/>\n<\/div>\n<p><span class=\"legend\"><span class=\"legendHeader\">Obja&#347;nienia nag&#322;&oacute;wk&oacute;w w tabelach<\/span><br \/>\n    <\/p>\n<table>\n<tbody>\n<tr>\n<td>pkt &#8211; Liczba punkt&oacute;w<\/td>\n<\/tr>\n<tr>\n<td>Scholar &#8211; Liczba cytowa&#324; wg Google Scholar<\/td>\n<\/tr>\n<tr>\n<td>WoS &#8211; Liczba cytowa&#324; wg Web of Science<\/td>\n<\/tr>\n<tr>\n<td>IF &#8211; Impact Factor<\/td>\n<\/tr>\n<\/tbody>\n<\/table>\n<p><\/span><br \/>\n<\/body><br \/>\n<\/html><\/p>\n<div class=\"gsp_post_data\" \r\n\t            data-post_type=\"page\" \r\n\t            data-cat=\"\" \r\n\t            data-modified=\"120\"\r\n\t            data-created=\"1461051654\"\r\n\t            data-title=\"Repo MJ\" \r\n\t            data-home=\"https:\/\/www.zti.il.pw.edu.pl\"><\/div>","protected":false},"excerpt":{"rendered":"<p>Raport dorobku Raport wygenerowany dnia 19-04-2016 mgr in&#380;. Marcin Jaczewski asystent Instytut In&#380;ynierii Budowlanej Wydzia&#322; In&#380;ynierii L&#261;dowej h-index: 2 liczba cytowa&#324;: 6 &#377;r&oacute;d&#322;o: Google Scholar liczba cytowa&#324;: 2 &#377;r&oacute;d&#322;o: Web of Science Dorobek liczba l. punkt&oacute;w Publikacje 13 59 Ksi&#261;&#380;ki autorskie 1 20 Artyku&#322;y z listy B 3 11 Rozdzia&#322;y z ksi&#261;&#380;ek 2 8 Materia&#322;y &hellip; <\/p>\n<p class=\"link-more\"><a href=\"https:\/\/www.zti.il.pw.edu.pl\/?page_id=1110\" class=\"more-link\">Czytaj dalej<span class=\"screen-reader-text\"> \u201eRepo MJ\u201d<\/span><\/a><\/p>\n","protected":false},"author":1,"featured_media":0,"parent":77,"menu_order":0,"comment_status":"open","ping_status":"open","template":"","meta":{"footnotes":""},"class_list":["post-1110","page","type-page","status-publish","hentry"],"_links":{"self":[{"href":"https:\/\/www.zti.il.pw.edu.pl\/index.php?rest_route=\/wp\/v2\/pages\/1110","targetHints":{"allow":["GET"]}}],"collection":[{"href":"https:\/\/www.zti.il.pw.edu.pl\/index.php?rest_route=\/wp\/v2\/pages"}],"about":[{"href":"https:\/\/www.zti.il.pw.edu.pl\/index.php?rest_route=\/wp\/v2\/types\/page"}],"author":[{"embeddable":true,"href":"https:\/\/www.zti.il.pw.edu.pl\/index.php?rest_route=\/wp\/v2\/users\/1"}],"replies":[{"embeddable":true,"href":"https:\/\/www.zti.il.pw.edu.pl\/index.php?rest_route=%2Fwp%2Fv2%2Fcomments&post=1110"}],"version-history":[{"count":7,"href":"https:\/\/www.zti.il.pw.edu.pl\/index.php?rest_route=\/wp\/v2\/pages\/1110\/revisions"}],"predecessor-version":[{"id":1112,"href":"https:\/\/www.zti.il.pw.edu.pl\/index.php?rest_route=\/wp\/v2\/pages\/1110\/revisions\/1112"}],"up":[{"embeddable":true,"href":"https:\/\/www.zti.il.pw.edu.pl\/index.php?rest_route=\/wp\/v2\/pages\/77"}],"wp:attachment":[{"href":"https:\/\/www.zti.il.pw.edu.pl\/index.php?rest_route=%2Fwp%2Fv2%2Fmedia&parent=1110"}],"curies":[{"name":"wp","href":"https:\/\/api.w.org\/{rel}","templated":true}]}}