{"id":156,"date":"2012-10-30T18:00:55","date_gmt":"2012-10-30T17:00:55","guid":{"rendered":"http:\/\/www.zti.il.pw.edu.pl\/?page_id=156"},"modified":"2012-10-31T07:52:51","modified_gmt":"2012-10-31T06:52:51","slug":"oprogramowanie","status":"publish","type":"page","link":"https:\/\/www.zti.il.pw.edu.pl\/?page_id=156","title":{"rendered":"Programy"},"content":{"rendered":"<p>Technologie informatyczne zajmuj\u0105 si\u0119 sztuk\u0105 odpowiedniego doboru a nast\u0119pnie efektywnego wykorzystywania oprogramowania. Na tej stronie nie mo\u017ce wi\u0119c zabrakn\u0105\u0107 link\u00f3w do r\u00f3\u017cnych program\u00f3w, kt\u00f3re mog\u0105 si\u0119 przyda\u0107 podczas studi\u00f3w a nast\u0119pnie pracy\u00a0in\u017cyniera\u00a0budownictwa. Cech\u0105 wsp\u00f3ln\u0105 wszystkich link\u00f3w b\u0119dzie to, \u017ce\u00a0b\u0119d\u0105\u00a0one prowadzi\u0142y do oprogramowania, kt\u00f3re\u00a0mo\u017cna\u00a0zainstalowa\u0107\u00a0w spos\u00f3b w pe\u0142ni legalny nieodp\u0142atnie. Zamiast wi\u0119c typowego podej\u015bcia, \u017ce to jest jedynie s\u0142uszny i w\u0142a\u015bciwy program poka\u017cemy pe\u0142n\u0105 game program\u00f3w, kt\u00f3rych cech\u0105 wsp\u00f3ln\u0105 jest rozwi\u0105zywanie konkretnej klasy zada\u0144.<\/p>\n<div class=\"gsp_post_data\" \r\n\t            data-post_type=\"page\" \r\n\t            data-cat=\"\" \r\n\t            data-modified=\"120\"\r\n\t            data-created=\"1351620055\"\r\n\t            data-title=\"Programy\" \r\n\t            data-home=\"https:\/\/www.zti.il.pw.edu.pl\"><\/div>","protected":false},"excerpt":{"rendered":"<p>Technologie informatyczne zajmuj\u0105 si\u0119 sztuk\u0105 odpowiedniego doboru a nast\u0119pnie efektywnego wykorzystywania oprogramowania. Na tej stronie nie mo\u017ce wi\u0119c zabrakn\u0105\u0107 link\u00f3w do r\u00f3\u017cnych program\u00f3w, kt\u00f3re mog\u0105 si\u0119 przyda\u0107 podczas studi\u00f3w a nast\u0119pnie pracy\u00a0in\u017cyniera\u00a0budownictwa. Cech\u0105 wsp\u00f3ln\u0105 wszystkich link\u00f3w b\u0119dzie to, \u017ce\u00a0b\u0119d\u0105\u00a0one prowadzi\u0142y do oprogramowania, kt\u00f3re\u00a0mo\u017cna\u00a0zainstalowa\u0107\u00a0w spos\u00f3b w pe\u0142ni legalny nieodp\u0142atnie. Zamiast wi\u0119c typowego podej\u015bcia, \u017ce to jest &hellip; <\/p>\n<p class=\"link-more\"><a href=\"https:\/\/www.zti.il.pw.edu.pl\/?page_id=156\" class=\"more-link\">Czytaj dalej<span class=\"screen-reader-text\"> \u201eProgramy\u201d<\/span><\/a><\/p>\n","protected":false},"author":1,"featured_media":0,"parent":0,"menu_order":0,"comment_status":"open","ping_status":"open","template":"","meta":{"footnotes":""},"class_list":["post-156","page","type-page","status-publish","hentry"],"_links":{"self":[{"href":"https:\/\/www.zti.il.pw.edu.pl\/index.php?rest_route=\/wp\/v2\/pages\/156","targetHints":{"allow":["GET"]}}],"collection":[{"href":"https:\/\/www.zti.il.pw.edu.pl\/index.php?rest_route=\/wp\/v2\/pages"}],"about":[{"href":"https:\/\/www.zti.il.pw.edu.pl\/index.php?rest_route=\/wp\/v2\/types\/page"}],"author":[{"embeddable":true,"href":"https:\/\/www.zti.il.pw.edu.pl\/index.php?rest_route=\/wp\/v2\/users\/1"}],"replies":[{"embeddable":true,"href":"https:\/\/www.zti.il.pw.edu.pl\/index.php?rest_route=%2Fwp%2Fv2%2Fcomments&post=156"}],"version-history":[{"count":2,"href":"https:\/\/www.zti.il.pw.edu.pl\/index.php?rest_route=\/wp\/v2\/pages\/156\/revisions"}],"predecessor-version":[{"id":171,"href":"https:\/\/www.zti.il.pw.edu.pl\/index.php?rest_route=\/wp\/v2\/pages\/156\/revisions\/171"}],"wp:attachment":[{"href":"https:\/\/www.zti.il.pw.edu.pl\/index.php?rest_route=%2Fwp%2Fv2%2Fmedia&parent=156"}],"curies":[{"name":"wp","href":"https:\/\/api.w.org\/{rel}","templated":true}]}}