{"id":159,"date":"2012-10-30T18:06:24","date_gmt":"2012-10-30T17:06:24","guid":{"rendered":"http:\/\/www.zti.il.pw.edu.pl\/?page_id=159"},"modified":"2012-10-31T08:10:34","modified_gmt":"2012-10-31T07:10:34","slug":"mes","status":"publish","type":"page","link":"https:\/\/www.zti.il.pw.edu.pl\/?page_id=159","title":{"rendered":"MES"},"content":{"rendered":"<p>MES czyli Metoda Element\u00f3w Sko\u0144czonych jest dzi\u015b standardowym narz\u0119dziem s\u0142u\u017c\u0105cym do analizy konstrukcji pr\u0119towych (statycznej i dynamicznej), przep\u0142ywu ciep\u0142a, p\u0142yt, tarcz i pow\u0142ok. Poza komercyjnymi programami typu ANSYS, kt\u00f3rych prawdopodobnie nie ma w biurach projekt\u00f3w jest ca\u0142a plejada program\u00f3w o podobnych funkcjonalno\u015bciach.<\/p>\n<ul>\n<li><a title=\"Wikipedia MES\" href=\"http:\/\/en.wikipedia.org\/wiki\/List_of_finite_element_software_packages\" target=\"_blank\">Wikipedia<\/a> &#8211; nieoceniona\u00a0Wikipedia\u00a0przynosi list\u0119\u00a0program\u00f3w\u00a0zar\u00f3wno tych komercyjnych jak i o charakterze Open Source<\/li>\n<li><a title=\"FreeByte\" href=\"http:\/\/www.freebyte.com\/cad\/fea.htm\" target=\"_blank\">FreeByte<\/a> &#8211; lista nieodp\u0142atnych program\u00f3w MES<\/li>\n<li><a title=\"iCivilEngineer\" href=\"http:\/\/www.icivilengineer.com\/software-guide\/\" target=\"_blank\">iCivilEngineer<\/a> &#8211; lista oprogramowania obejmuje przede wszystkim kody komercyjne, ale na jej dole znajduj\u0105 si\u0119 dwie pozycje: <a title=\"Freeware\" href=\"http:\/\/www.icivilengineer.com\/tag\/freeware\/\" target=\"_blank\">Freeware<\/a> i <a title=\"Open Source\" href=\"http:\/\/www.icivilengineer.com\/tag\/open-source\/\" target=\"_blank\">Open Source<\/a>.<\/li>\n<\/ul>\n<div class=\"gsp_post_data\" \r\n\t            data-post_type=\"page\" \r\n\t            data-cat=\"\" \r\n\t            data-modified=\"120\"\r\n\t            data-created=\"1351620384\"\r\n\t            data-title=\"MES\" \r\n\t            data-home=\"https:\/\/www.zti.il.pw.edu.pl\"><\/div>","protected":false},"excerpt":{"rendered":"<p>MES czyli Metoda Element\u00f3w Sko\u0144czonych jest dzi\u015b standardowym narz\u0119dziem s\u0142u\u017c\u0105cym do analizy konstrukcji pr\u0119towych (statycznej i dynamicznej), przep\u0142ywu ciep\u0142a, p\u0142yt, tarcz i pow\u0142ok. Poza komercyjnymi programami typu ANSYS, kt\u00f3rych prawdopodobnie nie ma w biurach projekt\u00f3w jest ca\u0142a plejada program\u00f3w o podobnych funkcjonalno\u015bciach. Wikipedia &#8211; nieoceniona\u00a0Wikipedia\u00a0przynosi list\u0119\u00a0program\u00f3w\u00a0zar\u00f3wno tych komercyjnych jak i o charakterze Open Source FreeByte &hellip; <\/p>\n<p class=\"link-more\"><a href=\"https:\/\/www.zti.il.pw.edu.pl\/?page_id=159\" class=\"more-link\">Czytaj dalej<span class=\"screen-reader-text\"> \u201eMES\u201d<\/span><\/a><\/p>\n","protected":false},"author":1,"featured_media":0,"parent":156,"menu_order":0,"comment_status":"open","ping_status":"open","template":"","meta":{"footnotes":""},"class_list":["post-159","page","type-page","status-publish","hentry"],"_links":{"self":[{"href":"https:\/\/www.zti.il.pw.edu.pl\/index.php?rest_route=\/wp\/v2\/pages\/159","targetHints":{"allow":["GET"]}}],"collection":[{"href":"https:\/\/www.zti.il.pw.edu.pl\/index.php?rest_route=\/wp\/v2\/pages"}],"about":[{"href":"https:\/\/www.zti.il.pw.edu.pl\/index.php?rest_route=\/wp\/v2\/types\/page"}],"author":[{"embeddable":true,"href":"https:\/\/www.zti.il.pw.edu.pl\/index.php?rest_route=\/wp\/v2\/users\/1"}],"replies":[{"embeddable":true,"href":"https:\/\/www.zti.il.pw.edu.pl\/index.php?rest_route=%2Fwp%2Fv2%2Fcomments&post=159"}],"version-history":[{"count":3,"href":"https:\/\/www.zti.il.pw.edu.pl\/index.php?rest_route=\/wp\/v2\/pages\/159\/revisions"}],"predecessor-version":[{"id":172,"href":"https:\/\/www.zti.il.pw.edu.pl\/index.php?rest_route=\/wp\/v2\/pages\/159\/revisions\/172"}],"up":[{"embeddable":true,"href":"https:\/\/www.zti.il.pw.edu.pl\/index.php?rest_route=\/wp\/v2\/pages\/156"}],"wp:attachment":[{"href":"https:\/\/www.zti.il.pw.edu.pl\/index.php?rest_route=%2Fwp%2Fv2%2Fmedia&parent=159"}],"curies":[{"name":"wp","href":"https:\/\/api.w.org\/{rel}","templated":true}]}}