{"id":174,"date":"2012-10-31T10:17:51","date_gmt":"2012-10-31T09:17:51","guid":{"rendered":"http:\/\/www.zti.il.pw.edu.pl\/?page_id=174"},"modified":"2021-07-09T11:50:11","modified_gmt":"2021-07-09T09:50:11","slug":"uslugi","status":"publish","type":"page","link":"https:\/\/www.zti.il.pw.edu.pl\/?page_id=174","title":{"rendered":"InfoE"},"content":{"rendered":"\n<h1 class=\"wp-block-heading\"><strong>Informator Edukacyjny<\/strong><\/h1>\n\n\n\n<p>Do pomys\u0142u sprzed dziesi\u0119ciu lat powr\u00f3ci\u0142em, bo pandemia wymusi\u0142a powszechne zainteresowanie zdalnym kszta\u0142ceniem. Pandemiczny semestr jest za nami i nie do mnie nale\u017cy podsumowywanie go i wyci\u0105ganie wniosk\u00f3w. Tworz\u0105c kurs &#8222;<a rel=\"noreferrer noopener\" aria-label=\"Zdalni i Zdolni (otwiera si\u0119 na nowej zak\u0142adce)\" href=\"https:\/\/pele.il.pw.edu.pl\/moodle\/course\/view.php?id=441\" target=\"_blank\"><strong>Zdalni i Zdolni<\/strong><\/a>&#8221; stara\u0142em si\u0119 pom\u00f3c wszystkim dziel\u0105c si\u0119 moj\u0105 wiedz\u0105 i do\u015bwiadczeniem. Z przeprowadzonych wielu rozm\u00f3w wyci\u0105gam wniosek, \u017ce niezb\u0119dne dla nas wszystkich jest pog\u0142\u0119bienie \u015bwiadomo\u015bci tego czym jest zdalne kszta\u0142cenie i kiedy i jakie narz\u0119dzia informatyczne mo\u017cemy i powinni\u015bmy wykorzystywa\u0107. Postanowi\u0142em &#8222;uszcz\u0119\u015bliwia\u0107&#8221; wszystkich wysy\u0142k\u0105 kolejnych numer\u00f3w Informatora Edukacyjnego drog\u0105 mailow\u0105. Tak w wi\u0119kszo\u015bci przypadk\u00f3w jeste\u015bmy skonstruowani, \u017ce jak informacja jest w sieci to jako\u015b na ni\u0105 nie trafiamy. Jak dostajemy co\u015b &#8222;na mejla&#8221; to oczywi\u015bcie mo\u017cemy listu nie czyta\u0107 albo wr\u0119cz go wykasowa\u0107. Ale to jest ju\u017c zupe\u0142nie inna bajka&#8230; Wypr\u00f3bowa\u0142em ten mechanizm w ostatnim semestrze. Dzia\u0142a niesamowicie skutecznie. Informacje o terminach sprawdzian\u00f3w by\u0142a na portalu edukacyjnym. Otrzymuj\u0119 mejla z zarzutem &#8211; nie wiedzia\u0142am o terminie sprawdzianu. Odpowiadam, \u017ce informacja by\u0142a na portalu. W kolejnym okr\u0105\u017ceniu czytam &#8211; nie ma obowi\u0105zku &#8222;studiowania portalu&#8221;. Odpowiadam kolejny raz &#8211; informacja zosta\u0142a przekazana tak\u017ce indywidualnie drog\u0105 mailow\u0105. I to definitywnie zako\u0144czy\u0142o t\u0119 dziwn\u0105 dyskusj\u0119. Nie ma obowi\u0105zku studiowania, ale jest obowi\u0105zek czytania &#8222;s\u0142u\u017cbowych&#8221; maili. Informator Edukacyjny nie ma charakteru s\u0142u\u017cbowego. Stoj\u0105 za nim jedynie si\u0142y&#8230; mojej woli i determinacji, aby usprawni\u0107 zdalne kszta\u0142cenie na wydziale. <\/p>\n\n\n\n<ul class=\"wp-block-list\"><li><a href=\"https:\/\/www.zti.il.pw.edu.pl\/?page_id=4635\">Numer 1<\/a> &#8211; 24.06.2020<\/li><li><a href=\"https:\/\/www.zti.il.pw.edu.pl\/?page_id=4696\">Numer 2<\/a> &#8211; 08.07.2020<\/li><li><a href=\"https:\/\/www.zti.il.pw.edu.pl\/?page_id=4758\">Numer 3<\/a> &#8211; 22.07.2020<\/li><li><a href=\"https:\/\/www.zti.il.pw.edu.pl\/?page_id=4878\">Numer 4<\/a> &#8211; 06.08.2020<\/li><li><a href=\"https:\/\/www.zti.il.pw.edu.pl\/?page_id=4905\">Numer 5<\/a> &#8211; 19.08.2020<\/li><li><a href=\"https:\/\/www.zti.il.pw.edu.pl\/?page_id=4933\">Numer 6<\/a> &#8211; 03.09.2020<\/li><li><a href=\"https:\/\/www.zti.il.pw.edu.pl\/?page_id=4944\">Numer 7<\/a> &#8211; 10.09.2020<\/li><li><a href=\"https:\/\/www.zti.il.pw.edu.pl\/?page_id=4951\">Numer 8<\/a> &#8211; 15.09.2020<\/li><li><a href=\"https:\/\/www.zti.il.pw.edu.pl\/?page_id=5009\">Numer 9<\/a> &#8211; 25.09.2020<\/li><li><a href=\"https:\/\/www.zti.il.pw.edu.pl\/?page_id=5015\">Numer 10<\/a> &#8211; 29.09.2020<\/li><li><a href=\"https:\/\/www.zti.il.pw.edu.pl\/?page_id=5029\">Numer 11<\/a> &#8211; 01.10.2020<\/li><li><a href=\"https:\/\/www.zti.il.pw.edu.pl\/?page_id=5082\">Numer 12<\/a> &#8211; 11.10.2020<\/li><li><a href=\"https:\/\/www.zti.il.pw.edu.pl\/?page_id=5102\">Numer 13<\/a> &#8211; 19.11.2020<\/li><li><a rel=\"noreferrer noopener\" href=\"https:\/\/www.zti.il.pw.edu.pl\/?page_id=5163\" target=\"_blank\">Numer 14<\/a> &#8211; 26.11.2020<\/li><li><a href=\"https:\/\/www.zti.il.pw.edu.pl\/?page_id=5199\">Numer 15<\/a> &#8211; 23.12.2020<\/li><li><a href=\"https:\/\/www.zti.il.pw.edu.pl\/?page_id=5227\">Numer 16<\/a> &#8211; 31.01.2021<\/li><li><a href=\"https:\/\/www.zti.il.pw.edu.pl\/?page_id=5256\">Numer 17<\/a> &#8211; 08.02.2021<\/li><li><a href=\"https:\/\/www.zti.il.pw.edu.pl\/?page_id=5354\">Numer 18<\/a> &#8211; 04.03.2021<\/li><li><a href=\"https:\/\/www.zti.il.pw.edu.pl\/?page_id=5386\">Numer 19<\/a> &#8211; 22.03.2021<\/li><li><a rel=\"noreferrer noopener\" href=\"https:\/\/www.zti.il.pw.edu.pl\/?page_id=5480\" target=\"_blank\">Numer 20<\/a> &#8211; 20.04.2021<\/li><li><a rel=\"noreferrer noopener\" href=\"https:\/\/www.zti.il.pw.edu.pl\/?page_id=5509\" target=\"_blank\">Numer 21<\/a> &#8211; 06.05.2021<\/li><li><a rel=\"noreferrer noopener\" href=\"https:\/\/www.zti.il.pw.edu.pl\/?page_id=5611\" target=\"_blank\">Numer 22<\/a> &#8211; 23.05.2020<\/li><li><a rel=\"noreferrer noopener\" href=\"https:\/\/www.zti.il.pw.edu.pl\/?page_id=5626\" target=\"_blank\">Numer 23<\/a> &#8211; 25.05.2020<\/li><li><a rel=\"noreferrer noopener\" href=\"https:\/\/www.zti.il.pw.edu.pl\/?page_id=5736\" target=\"_blank\">Numer 24<\/a> &#8211; 22.06.2020<\/li><li><strong><a rel=\"noreferrer noopener\" href=\"https:\/\/www.zti.il.pw.edu.pl\/?page_id=5786\" target=\"_blank\">NUMER 25<\/a><\/strong> <strong>&#8211; 09.07.2020<\/strong><\/li><\/ul>\n\n\n\n<p><\/p>\n<div class=\"gsp_post_data\" \r\n\t            data-post_type=\"page\" \r\n\t            data-cat=\"\" \r\n\t            data-modified=\"120\"\r\n\t            data-created=\"1351678671\"\r\n\t            data-title=\"InfoE\" \r\n\t            data-home=\"https:\/\/www.zti.il.pw.edu.pl\"><\/div>","protected":false},"excerpt":{"rendered":"<p>Informator Edukacyjny Do pomys\u0142u sprzed dziesi\u0119ciu lat powr\u00f3ci\u0142em, bo pandemia wymusi\u0142a powszechne zainteresowanie zdalnym kszta\u0142ceniem. Pandemiczny semestr jest za nami i nie do mnie nale\u017cy podsumowywanie go i wyci\u0105ganie wniosk\u00f3w. Tworz\u0105c kurs &#8222;Zdalni i Zdolni&#8221; stara\u0142em si\u0119 pom\u00f3c wszystkim dziel\u0105c si\u0119 moj\u0105 wiedz\u0105 i do\u015bwiadczeniem. Z przeprowadzonych wielu rozm\u00f3w wyci\u0105gam wniosek, \u017ce niezb\u0119dne dla nas &hellip; <\/p>\n<p class=\"link-more\"><a href=\"https:\/\/www.zti.il.pw.edu.pl\/?page_id=174\" class=\"more-link\">Czytaj dalej<span class=\"screen-reader-text\"> \u201eInfoE\u201d<\/span><\/a><\/p>\n","protected":false},"author":1,"featured_media":0,"parent":0,"menu_order":0,"comment_status":"open","ping_status":"open","template":"","meta":{"footnotes":""},"class_list":["post-174","page","type-page","status-publish","hentry"],"_links":{"self":[{"href":"https:\/\/www.zti.il.pw.edu.pl\/index.php?rest_route=\/wp\/v2\/pages\/174","targetHints":{"allow":["GET"]}}],"collection":[{"href":"https:\/\/www.zti.il.pw.edu.pl\/index.php?rest_route=\/wp\/v2\/pages"}],"about":[{"href":"https:\/\/www.zti.il.pw.edu.pl\/index.php?rest_route=\/wp\/v2\/types\/page"}],"author":[{"embeddable":true,"href":"https:\/\/www.zti.il.pw.edu.pl\/index.php?rest_route=\/wp\/v2\/users\/1"}],"replies":[{"embeddable":true,"href":"https:\/\/www.zti.il.pw.edu.pl\/index.php?rest_route=%2Fwp%2Fv2%2Fcomments&post=174"}],"version-history":[{"count":32,"href":"https:\/\/www.zti.il.pw.edu.pl\/index.php?rest_route=\/wp\/v2\/pages\/174\/revisions"}],"predecessor-version":[{"id":5800,"href":"https:\/\/www.zti.il.pw.edu.pl\/index.php?rest_route=\/wp\/v2\/pages\/174\/revisions\/5800"}],"wp:attachment":[{"href":"https:\/\/www.zti.il.pw.edu.pl\/index.php?rest_route=%2Fwp%2Fv2%2Fmedia&parent=174"}],"curies":[{"name":"wp","href":"https:\/\/api.w.org\/{rel}","templated":true}]}}