{"id":212,"date":"2013-01-30T17:22:41","date_gmt":"2013-01-30T16:22:41","guid":{"rendered":"http:\/\/www.zti.il.pw.edu.pl\/?page_id=212"},"modified":"2013-01-30T18:46:02","modified_gmt":"2013-01-30T17:46:02","slug":"arkusz-kalkulacyjny-w-praktyce-inzynierskiej","status":"publish","type":"page","link":"https:\/\/www.zti.il.pw.edu.pl\/?page_id=212","title":{"rendered":"Arkusz kalkulacyjny w praktyce in\u017cynierskiej"},"content":{"rendered":"<p>Arkusz kalkulacyjny w praktyce in\u017cynierskiej to przedmiot fakultatywny. Wi\u0119cej informacji na ten temat mo\u017cna znale\u017a\u0107 w nast\u0119puj\u0105cych serwisach:<\/p>\n<ul>\n<li><a title=\"Arkusz\" href=\"http:\/\/wektor.il.pw.edu.pl\/~iap\/fakultet1\/prawa.html\" target=\"_blank\">Strona przedmiotu<\/a><\/li>\n<li><a title=\"Arkusz\" href=\"https:\/\/ects.coi.pw.edu.pl\/menu3\/view2\/idPrzedmiot\/759023\" target=\"_blank\">Katalog ECTS\/KRK<\/a><\/li>\n<\/ul>\n<p>Cele przedmiotu to (za katalogiem KRK\/ECTS):<\/p>\n<blockquote><p>[&#8230;] zapoznanie student\u00f3w z zaawansowanymi metodami oblicze\u0144 w arkuszu kalkulacyjnym, zautomatyzowania oblicze\u0144 i opracowania arkusza o walorach u\u017cytkowych. Studenci poznaj\u0105: metody kontroli poprawno\u015bci danych, importu i exportu danych do\/z internetu\/pliku. Zaprezentowane b\u0119d\u0105 operacje przeszukiwania, wyboru, zliczania, sumowania danych oraz analiz statystycznych na selektywnych podzbiorach bazy danych. Rozwi\u0105zane zostan\u0105 zadania z matematyki finansowej. Studenci poznaj\u0105 podstawowe metody optymalizacji w arkuszu kalkulacyjnym w tym metody programowania liniowego oraz planowania sieciowego. Zapoznaj\u0105 si\u0119 z elementami programowania obiektowego w j\u0119zyku VBA oraz tworzenia, modyfikowania i uruchamiania makr, a tak\u017ce wykorzystania makr we w\u0142asnych programach. J\u0119zyk VBA wykorzystywany jest w wielu programach in\u017cynierskich m.in. w programie AutoCad umo\u017cliwiaj\u0105c u\u017cytkownikowi budowanie w\u0142asnych niestandardowych procedur oraz modyfikowanie standardowych. Procedury VBA oraz makra zastosowane b\u0119d\u0105 do stworzenia programu (wraz z dedykowanym menu) automatyzuj\u0105cego obliczenia wybranego zagadnienia in\u017cynierskiego.<\/p><\/blockquote>\n<p>&nbsp;<\/p>\n<div class=\"gsp_post_data\" \r\n\t            data-post_type=\"page\" \r\n\t            data-cat=\"\" \r\n\t            data-modified=\"120\"\r\n\t            data-created=\"1359566561\"\r\n\t            data-title=\"Arkusz kalkulacyjny w praktyce in\u017cynierskiej\" \r\n\t            data-home=\"https:\/\/www.zti.il.pw.edu.pl\"><\/div>","protected":false},"excerpt":{"rendered":"<p>Arkusz kalkulacyjny w praktyce in\u017cynierskiej to przedmiot fakultatywny. Wi\u0119cej informacji na ten temat mo\u017cna znale\u017a\u0107 w nast\u0119puj\u0105cych serwisach: Strona przedmiotu Katalog ECTS\/KRK Cele przedmiotu to (za katalogiem KRK\/ECTS): [&#8230;] zapoznanie student\u00f3w z zaawansowanymi metodami oblicze\u0144 w arkuszu kalkulacyjnym, zautomatyzowania oblicze\u0144 i opracowania arkusza o walorach u\u017cytkowych. Studenci poznaj\u0105: metody kontroli poprawno\u015bci danych, importu i exportu &hellip; <\/p>\n<p class=\"link-more\"><a href=\"https:\/\/www.zti.il.pw.edu.pl\/?page_id=212\" class=\"more-link\">Czytaj dalej<span class=\"screen-reader-text\"> \u201eArkusz kalkulacyjny w praktyce in\u017cynierskiej\u201d<\/span><\/a><\/p>\n","protected":false},"author":1,"featured_media":0,"parent":120,"menu_order":1,"comment_status":"open","ping_status":"open","template":"","meta":{"footnotes":""},"class_list":["post-212","page","type-page","status-publish","hentry"],"_links":{"self":[{"href":"https:\/\/www.zti.il.pw.edu.pl\/index.php?rest_route=\/wp\/v2\/pages\/212","targetHints":{"allow":["GET"]}}],"collection":[{"href":"https:\/\/www.zti.il.pw.edu.pl\/index.php?rest_route=\/wp\/v2\/pages"}],"about":[{"href":"https:\/\/www.zti.il.pw.edu.pl\/index.php?rest_route=\/wp\/v2\/types\/page"}],"author":[{"embeddable":true,"href":"https:\/\/www.zti.il.pw.edu.pl\/index.php?rest_route=\/wp\/v2\/users\/1"}],"replies":[{"embeddable":true,"href":"https:\/\/www.zti.il.pw.edu.pl\/index.php?rest_route=%2Fwp%2Fv2%2Fcomments&post=212"}],"version-history":[{"count":6,"href":"https:\/\/www.zti.il.pw.edu.pl\/index.php?rest_route=\/wp\/v2\/pages\/212\/revisions"}],"predecessor-version":[{"id":221,"href":"https:\/\/www.zti.il.pw.edu.pl\/index.php?rest_route=\/wp\/v2\/pages\/212\/revisions\/221"}],"up":[{"embeddable":true,"href":"https:\/\/www.zti.il.pw.edu.pl\/index.php?rest_route=\/wp\/v2\/pages\/120"}],"wp:attachment":[{"href":"https:\/\/www.zti.il.pw.edu.pl\/index.php?rest_route=%2Fwp%2Fv2%2Fmedia&parent=212"}],"curies":[{"name":"wp","href":"https:\/\/api.w.org\/{rel}","templated":true}]}}