{"id":234,"date":"2013-04-10T10:30:16","date_gmt":"2013-04-10T08:30:16","guid":{"rendered":"http:\/\/www.zti.il.pw.edu.pl\/?page_id=234"},"modified":"2013-04-16T08:13:55","modified_gmt":"2013-04-16T06:13:55","slug":"wykaz-a","status":"publish","type":"page","link":"https:\/\/www.zti.il.pw.edu.pl\/?page_id=234","title":{"rendered":"Wykaz A"},"content":{"rendered":"<p>Mityczny <a title=\"A\" href=\"http:\/\/www.ippt.gov.pl\/attachments\/article\/20\/20121221_Czesc_A_ujednoliconego_wykazu_czasopism.pdf\" target=\"_blank\">Wykaz A <\/a>okre\u015blany cz\u0119sto potocznie mianem &#8222;filadelfii&#8221; to lista najwy\u017cej cenionych (punktowo) czasopism. Jak \u0142atwo si\u0119 domy\u015bli\u0107 nie jest tu \u0142atwo opublikowa\u0107 swoje dokonania. Albo inaczej &#8211; nie jest tu \u0142atwo opublikowa\u0107 dokonania, kt\u00f3re nie s\u0105 wybitne. Wykaz A jest stosunkowo stabilny. Je\u015bli czasopismo ma od lat na przyk\u0142ad 35 punkt\u00f3w to mo\u017cna przyj\u0105\u0107, \u017ce w 2013 b\u0119dzie mia\u0142o 30-40 punkt\u00f3w. Raczej rzadkie s\u0105 w tym towarzystwie spektakularne znikni\u0119cia. Czy \u0142atwo jest mie\u0107 t\u0119 mityczn\u0105 &#8222;filadelfi\u0119&#8221;? Instytut Podstawowych Problem\u00f3w Techniki Polskiej Akademii Nauk produkuje takich publikacji oko\u0142o 100 rocznie. My niestety mniej. Dlaczego? Zdecydowanie bardzo du\u017co czasu zajmuje nam dzia\u0142alno\u015b\u0107 dydaktyczna. Co wi\u0119cej na tej li\u015bcie nie ma zbyt wielu czasopism z dziedziny in\u017cynieria l\u0105dowa i budownictwo.<\/p>\n<p>Co wi\u0119c z licz\u0105cego setki pozycji wykazu wybra\u0107? Pewna wskaz\u00f3wka mo\u017ce by\u0107 absolutnie subiektywna lista czasopism zamieszczona poni\u017cej. Miedzy innymi w tych czasopismach publikuj\u0105 osoby zajmuj\u0105ce si\u0119 in\u017cynieri\u0105 l\u0105dow\u0105 i budownictwem.<\/p>\n<ul>\n<li>\u00a0\u00a0ACI MATERIALS JOURNAL<\/li>\n<li>\u00a0ARCHIVES OF MECHANICS<\/li>\n<li>\u00a0Baltic Journal of Road and Bridge Engineering<\/li>\n<li>\u00a0Bulletin of the Polish Academy of Sciences-Technical Sciences<\/li>\n<li>\u00a0Cement Lime Concrete<\/li>\n<li>\u00a0COMPUTER METHODS IN APPLIED MECHANICS AND ENGINEERING<\/li>\n<li>\u00a0CONSTRUCTION AND BUILDING MATERIALS<\/li>\n<li>\u00a0ELECTROCHIMICA ACTA<\/li>\n<li>\u00a0ENGINEERING STRUCTURES<\/li>\n<li>\u00a0INTERNATIONAL JOURNAL OF IMPACT ENGINEERING<\/li>\n<li>\u00a0INTERNATIONAL JOURNAL OF MECHANICAL SCIENCES<\/li>\n<li>\u00a0INTERNATIONAL JOURNAL OF NON-LINEAR MECHANICS<\/li>\n<li>\u00a0INTERNATIONAL JOURNAL OF SOLIDS AND STRUCTURES<\/li>\n<li>\u00a0Journal of Bridge Engineering<\/li>\n<li>\u00a0JOURNAL OF MATERIALS IN CIVIL ENGINEERING<\/li>\n<li>\u00a0JOURNAL OF TESTING AND EVALUATION<\/li>\n<li>\u00a0POLIMERY<\/li>\n<li>\u00a0STAHLBAU<\/li>\n<li>\u00a0STRUCTURAL AND MULTIDISCIPLINARY OPTIMIZATION<\/li>\n<li>\u00a0TRANSPORTATION RESEARCH PART A-POLICY AND PRACTICE<\/li>\n<li>\u00a0TRANSPORTATION RESEARCH RECORD<\/li>\n<\/ul>\n<p>&nbsp;<\/p>\n<div class=\"gsp_post_data\" \r\n\t            data-post_type=\"page\" \r\n\t            data-cat=\"\" \r\n\t            data-modified=\"120\"\r\n\t            data-created=\"1365589816\"\r\n\t            data-title=\"Wykaz A\" \r\n\t            data-home=\"https:\/\/www.zti.il.pw.edu.pl\"><\/div>","protected":false},"excerpt":{"rendered":"<p>Mityczny Wykaz A okre\u015blany cz\u0119sto potocznie mianem &#8222;filadelfii&#8221; to lista najwy\u017cej cenionych (punktowo) czasopism. Jak \u0142atwo si\u0119 domy\u015bli\u0107 nie jest tu \u0142atwo opublikowa\u0107 swoje dokonania. Albo inaczej &#8211; nie jest tu \u0142atwo opublikowa\u0107 dokonania, kt\u00f3re nie s\u0105 wybitne. Wykaz A jest stosunkowo stabilny. Je\u015bli czasopismo ma od lat na przyk\u0142ad 35 punkt\u00f3w to mo\u017cna przyj\u0105\u0107, &hellip; <\/p>\n<p class=\"link-more\"><a href=\"https:\/\/www.zti.il.pw.edu.pl\/?page_id=234\" class=\"more-link\">Czytaj dalej<span class=\"screen-reader-text\"> \u201eWykaz A\u201d<\/span><\/a><\/p>\n","protected":false},"author":1,"featured_media":0,"parent":0,"menu_order":0,"comment_status":"open","ping_status":"open","template":"","meta":{"footnotes":""},"class_list":["post-234","page","type-page","status-publish","hentry"],"_links":{"self":[{"href":"https:\/\/www.zti.il.pw.edu.pl\/index.php?rest_route=\/wp\/v2\/pages\/234","targetHints":{"allow":["GET"]}}],"collection":[{"href":"https:\/\/www.zti.il.pw.edu.pl\/index.php?rest_route=\/wp\/v2\/pages"}],"about":[{"href":"https:\/\/www.zti.il.pw.edu.pl\/index.php?rest_route=\/wp\/v2\/types\/page"}],"author":[{"embeddable":true,"href":"https:\/\/www.zti.il.pw.edu.pl\/index.php?rest_route=\/wp\/v2\/users\/1"}],"replies":[{"embeddable":true,"href":"https:\/\/www.zti.il.pw.edu.pl\/index.php?rest_route=%2Fwp%2Fv2%2Fcomments&post=234"}],"version-history":[{"count":4,"href":"https:\/\/www.zti.il.pw.edu.pl\/index.php?rest_route=\/wp\/v2\/pages\/234\/revisions"}],"predecessor-version":[{"id":255,"href":"https:\/\/www.zti.il.pw.edu.pl\/index.php?rest_route=\/wp\/v2\/pages\/234\/revisions\/255"}],"wp:attachment":[{"href":"https:\/\/www.zti.il.pw.edu.pl\/index.php?rest_route=%2Fwp%2Fv2%2Fmedia&parent=234"}],"curies":[{"name":"wp","href":"https:\/\/api.w.org\/{rel}","templated":true}]}}