{"id":240,"date":"2013-04-10T10:37:53","date_gmt":"2013-04-10T08:37:53","guid":{"rendered":"http:\/\/www.zti.il.pw.edu.pl\/?page_id=240"},"modified":"2013-08-08T17:29:35","modified_gmt":"2013-08-08T15:29:35","slug":"konferencje","status":"publish","type":"page","link":"https:\/\/www.zti.il.pw.edu.pl\/?page_id=240","title":{"rendered":"Konferencje"},"content":{"rendered":"<p>Nazwa tej grupy dokona\u0144 brzmi bardzo obiecuj\u0105co, ale&#8230; Trzeba przeczyta\u0107 do ko\u0144ca ten punkt: publikacje w recenzowanych materia\u0142ach z konferencji mi\u0119dzynarodowych uwzgl\u0119dnionych w <i>Web of Science<\/i>. Je\u015bli wi\u0119c chcemy aby nasza publikacja konferencyjna by\u0142a poza oczywist\u0105 satysfakcj\u0105 tak\u017ce \u017ar\u00f3d\u0142em punkt\u00f3w musimy sprawdzi\u0107, czy poprzednie edycje konferencji s\u0105 uwzgl\u0119dnione w <em>Web of Science<\/em>. Nie oznacza to oczywi\u015bcie, \u017ce aktualna konferencja b\u0119dzie tam uwzgl\u0119dniona. Jak wida\u0107 loteria jest jeszcze wi\u0119ksza! Poni\u017cej lista konferencji, kt\u00f3re w latach 2009-12 by\u0142y w Web of Science&#8230;<\/p>\n<ul>\n<li>&#8211; 10th Conference on Transport Systems Telematics<\/li>\n<li>&#8211; 23rd European Conference on Modelling and Simulation (ECMS 2009)<\/li>\n<li>&#8211; 3rd International Workshop on Performance, Protection and Strenghtening of Structures Under Extreme Loading<\/li>\n<li>&#8211; 6th International Conference on Structures in Fire (SiF 10)<\/li>\n<li>&#8211; 9th Conference Shell Structures, Theory and Applications, Vol. 2.<\/li>\n<li>&#8211; Concrete repair, rehabilitation and retrofitting II<\/li>\n<li>&#8211; Concrete repair, rehabilitation and retrofitting II<\/li>\n<li>&#8211; Danubia Adria 27 th Symposium on Advances in Experimental Mechanics<\/li>\n<li>&#8211; Materials characterisation IV, Computational methods<\/li>\n<li>&#8211; Proceedings of the 6th Asian symposium on polymers in concrete<\/li>\n<li>&#8211; Proceedings of the 6th Asian symposium on polymers in concrete<\/li>\n<li>&#8211; Progress in structure<\/li>\n<li>&#8211; Protection of historical buildings \u2013 PROHITECH 09<\/li>\n<li>&#8211; Seventh International Symposium on Impact Engineering, ISIE 2010<\/li>\n<li>&#8211; Structural health monitoring II<\/li>\n<\/ul>\n<div class=\"gsp_post_data\" \r\n\t            data-post_type=\"page\" \r\n\t            data-cat=\"\" \r\n\t            data-modified=\"120\"\r\n\t            data-created=\"1365590273\"\r\n\t            data-title=\"Konferencje\" \r\n\t            data-home=\"https:\/\/www.zti.il.pw.edu.pl\"><\/div>","protected":false},"excerpt":{"rendered":"<p>Nazwa tej grupy dokona\u0144 brzmi bardzo obiecuj\u0105co, ale&#8230; Trzeba przeczyta\u0107 do ko\u0144ca ten punkt: publikacje w recenzowanych materia\u0142ach z konferencji mi\u0119dzynarodowych uwzgl\u0119dnionych w Web of Science. Je\u015bli wi\u0119c chcemy aby nasza publikacja konferencyjna by\u0142a poza oczywist\u0105 satysfakcj\u0105 tak\u017ce \u017ar\u00f3d\u0142em punkt\u00f3w musimy sprawdzi\u0107, czy poprzednie edycje konferencji s\u0105 uwzgl\u0119dnione w Web of Science. Nie oznacza to &hellip; <\/p>\n<p class=\"link-more\"><a href=\"https:\/\/www.zti.il.pw.edu.pl\/?page_id=240\" class=\"more-link\">Czytaj dalej<span class=\"screen-reader-text\"> \u201eKonferencje\u201d<\/span><\/a><\/p>\n","protected":false},"author":1,"featured_media":0,"parent":0,"menu_order":0,"comment_status":"open","ping_status":"open","template":"","meta":{"footnotes":""},"class_list":["post-240","page","type-page","status-publish","hentry"],"_links":{"self":[{"href":"https:\/\/www.zti.il.pw.edu.pl\/index.php?rest_route=\/wp\/v2\/pages\/240","targetHints":{"allow":["GET"]}}],"collection":[{"href":"https:\/\/www.zti.il.pw.edu.pl\/index.php?rest_route=\/wp\/v2\/pages"}],"about":[{"href":"https:\/\/www.zti.il.pw.edu.pl\/index.php?rest_route=\/wp\/v2\/types\/page"}],"author":[{"embeddable":true,"href":"https:\/\/www.zti.il.pw.edu.pl\/index.php?rest_route=\/wp\/v2\/users\/1"}],"replies":[{"embeddable":true,"href":"https:\/\/www.zti.il.pw.edu.pl\/index.php?rest_route=%2Fwp%2Fv2%2Fcomments&post=240"}],"version-history":[{"count":6,"href":"https:\/\/www.zti.il.pw.edu.pl\/index.php?rest_route=\/wp\/v2\/pages\/240\/revisions"}],"predecessor-version":[{"id":266,"href":"https:\/\/www.zti.il.pw.edu.pl\/index.php?rest_route=\/wp\/v2\/pages\/240\/revisions\/266"}],"wp:attachment":[{"href":"https:\/\/www.zti.il.pw.edu.pl\/index.php?rest_route=%2Fwp%2Fv2%2Fmedia&parent=240"}],"curies":[{"name":"wp","href":"https:\/\/api.w.org\/{rel}","templated":true}]}}