{"id":246,"date":"2013-04-10T11:04:01","date_gmt":"2013-04-10T09:04:01","guid":{"rendered":"http:\/\/www.zti.il.pw.edu.pl\/?page_id=246"},"modified":"2013-04-15T10:43:17","modified_gmt":"2013-04-15T08:43:17","slug":"rozdzialy","status":"publish","type":"page","link":"https:\/\/www.zti.il.pw.edu.pl\/?page_id=246","title":{"rendered":"Rozdzia\u0142y"},"content":{"rendered":"<p>Rozdzia\u0142 w monografii jest tak\u017ce dosy\u0107 dobrze zdefiniowany w rozporz\u0105dzeniu:<\/p>\n<blockquote><p><em>\u00a7 8.4. Do osi\u0105gni\u0119\u0107 naukowych i tw\u00f3rczych jednostki naukowej zalicza si\u0119 rozdzia\u0142 w monografii naukowej stanowi\u0105cy opracowanie naukowe o obj\u0119to\u015bci co najmniej p\u00f3\u0142 arkusza wydawniczego lub odr\u0119bne mapy.<\/em><\/p><\/blockquote>\n<p>Warto jedynie pami\u0119ta\u0107 o tym, \u017ce ksi\u0105\u017cka w kt\u00f3rej publikujemy musi spe\u0142nia\u0107 warunki monografii:<\/p>\n<blockquote><p><em>\u00a7 8.2. Monografie naukowe, w szczeg\u00f3lno\u015bci: edycje tekst\u00f3w \u017ar\u00f3d\u0142owych, leksykografie, atlasy i mapy wieloaspektowe, t\u0142umaczenia publikacji zagranicznych wraz z opracowaniem redakcyjnym, tematyczne encyklopedie i leksykony, komentarze do ustaw, opracowania krytyczne tekst\u00f3w literackich, s\u0142owniki biograficzne i bibliograficzne, bibliografie, katalogi zabytk\u00f3w, a w zakresie grupy nauk humanistycznych i spo\u0142ecznych oraz grupy nauk o sztuce i tw\u00f3rczo\u015bci artystycznej tak\u017ce opracowania naukowe zawieraj\u0105ce sp\u00f3jne tematycznie referaty wyg\u0142oszone na konferencji lub konferencjach naukowych, zalicza si\u0119 do osi\u0105gni\u0119\u0107 naukowych i tw\u00f3rczych jednostki naukowej, je\u017celi spe\u0142niaj\u0105 \u0142\u0105cznie nast\u0119puj\u0105ce warunki:<\/em><br \/>\n<em>1) stanowi\u0105 sp\u00f3jne tematycznie, recenzowane opracowania naukowe;<\/em><br \/>\n<em>2) zawieraj\u0105 bibliografi\u0119 naukow\u0105;<\/em><br \/>\n<em>3) posiadaj\u0105 obj\u0119to\u015b\u0107 co najmniej 6 arkuszy wydawniczych;<\/em><br \/>\n<em>4) s\u0105 opublikowane jako ksi\u0105\u017cki lub odr\u0119bne tomy;<\/em><br \/>\n<em>5) przedstawiaj\u0105 okre\u015blone zagadnienie w spos\u00f3b oryginalny i tw\u00f3rczy.<\/em><\/p><\/blockquote>\n<p>Poni\u017cej tradycyjnie lista monografii wieloautorskich z lat 2009-12 gdzie s\u0105 publikacje rozdzia\u0142\u00f3w z dziedziny budownictwa i in\u017cynierii l\u0105dowej.<\/p>\n<ul>\n<li>Arkady: Budownictwo og\u00f3lne.T. 5, Stalowe konstrukcje budynk\u00f3w, projektowanie wed\u0142ug eurokod\u00f3w z przyk\u0142adami oblicze\u0144<\/li>\n<li>Creativetime: Nowe trendy w naukach przyrodniczych : Creative Science.T. 3<\/li>\n<li>CTU Publishing Production: Integrated Fire Engineering and Response<\/li>\n<li>Dolno\u015bl\u0105skie Wydawnictwo Edukacyjne: Trwa\u0142e rozwi\u0105zania naprawcze w obiektach budowlanych<\/li>\n<li>Dolno\u015bl\u0105skie Wydawnictwo Edukacyjne: Wsp\u00f3\u0142czesne metody naprawcze w obiektach budowlanych<\/li>\n<li>Fundacja Promocji i Akredytacji Kierunk\u00f3w ekonomicznych: E-edukacja &#8211; analiza dokona\u0144 i perspektyw rozwoju<\/li>\n<li>Fundacja Promocji i Akredytowania Kierunk\u00f3w Ekonom.: Koncepcje i praktyka e-edukacji<\/li>\n<li>IPPT: Zastosowanie popio\u0142\u00f3w lotnych z kot\u0142\u00f3w fluidalnych w betonach konstrukcyjnych<\/li>\n<li>Oficyna Wydawnicza Politechniki Warszawskiej: Spr\u0119\u017cysto\u015b\u0107 i hiperspr\u0119\u017cysto\u015b\u0107. Modelowanie i zastosowania<\/li>\n<li>Oficyna Wydawnicza Politechniki Warszawskiej: Teoretyczne podstawy budownictwa, Tom 1 Mechanika Materia\u0142\u00f3w i Konstrukcji<\/li>\n<li>Oficyna Wydawnicza Politechniki Warszawskiej: Teoretyczne podstawy budownictwa, Tom 2 Procesy budowlane<\/li>\n<li>Politechnika \u015al\u0105ska: Badania do\u015bwiadczalne i teoretyczne w budownictwie<\/li>\n<li>Polska Akademia Nauk: Refleksje nad stanem wybranych obszar\u00f3w nauki w Polsce w ocenie Zespo\u0142\u00f3w Integracyjnych i Integracyjno-Eksperckich PAN<\/li>\n<li>SITK RP Oddzia\u0142 w Lublinie: Ochrona \u015brodowiska i estetyka a rozw\u00f3j infrastruktury drogowej<\/li>\n<li>Woodhead Publishing Limited: Polymer modified Bitumen, properties and characterisation<\/li>\n<li>Wyd. Nauk. Inst Tech Eksploatacji: Symulacje zachowania si\u0119 konstrukcji maszyn w zakresie du\u017cych deformacji<\/li>\n<li>Wyd. Politechniki \u015awi\u0119tokrzyskiej w Kielcach: Nowoczesne Technologie w Dydaktyce<\/li>\n<li>Wyd. Wy\u017cszej Szko\u0142y Lingwist Cz\u0119stochowa: Problemy nowoczesnej edukacji. T.1. Moodle &#8211; narz\u0119dziem edukacyjnym XXI wieku<\/li>\n<li>Wydawnictwa SGGW: E-learning \u2013 narz\u0119dzia i praktyka<\/li>\n<li>Wydawnictwa Uczelniane UTP: Problemy geotechniczne i \u015brodowiskowe z uwzgl\u0119dnieniem pod\u0142o\u017cy ekspansywnych<\/li>\n<li>Wydawnictwo Politechniki \u015al\u0105skiej: Wybrane zagadnienia z dziedziny budownictwa. Badania naukowe doktorant\u00f3w<\/li>\n<li>Wydawnictwo SGGW: Metodologia i ewaluacja e-learningu<\/li>\n<li>ZO SIiTK RP: Organizacja przedsi\u0119wzi\u0119\u0107 budownictwa drogowego<\/li>\n<\/ul>\n<div class=\"gsp_post_data\" \r\n\t            data-post_type=\"page\" \r\n\t            data-cat=\"\" \r\n\t            data-modified=\"120\"\r\n\t            data-created=\"1365591841\"\r\n\t            data-title=\"Rozdzia\u0142y\" \r\n\t            data-home=\"https:\/\/www.zti.il.pw.edu.pl\"><\/div>","protected":false},"excerpt":{"rendered":"<p>Rozdzia\u0142 w monografii jest tak\u017ce dosy\u0107 dobrze zdefiniowany w rozporz\u0105dzeniu: \u00a7 8.4. Do osi\u0105gni\u0119\u0107 naukowych i tw\u00f3rczych jednostki naukowej zalicza si\u0119 rozdzia\u0142 w monografii naukowej stanowi\u0105cy opracowanie naukowe o obj\u0119to\u015bci co najmniej p\u00f3\u0142 arkusza wydawniczego lub odr\u0119bne mapy. Warto jedynie pami\u0119ta\u0107 o tym, \u017ce ksi\u0105\u017cka w kt\u00f3rej publikujemy musi spe\u0142nia\u0107 warunki monografii: \u00a7 8.2. Monografie &hellip; <\/p>\n<p class=\"link-more\"><a href=\"https:\/\/www.zti.il.pw.edu.pl\/?page_id=246\" class=\"more-link\">Czytaj dalej<span class=\"screen-reader-text\"> \u201eRozdzia\u0142y\u201d<\/span><\/a><\/p>\n","protected":false},"author":1,"featured_media":0,"parent":0,"menu_order":0,"comment_status":"open","ping_status":"open","template":"","meta":{"footnotes":""},"class_list":["post-246","page","type-page","status-publish","hentry"],"_links":{"self":[{"href":"https:\/\/www.zti.il.pw.edu.pl\/index.php?rest_route=\/wp\/v2\/pages\/246","targetHints":{"allow":["GET"]}}],"collection":[{"href":"https:\/\/www.zti.il.pw.edu.pl\/index.php?rest_route=\/wp\/v2\/pages"}],"about":[{"href":"https:\/\/www.zti.il.pw.edu.pl\/index.php?rest_route=\/wp\/v2\/types\/page"}],"author":[{"embeddable":true,"href":"https:\/\/www.zti.il.pw.edu.pl\/index.php?rest_route=\/wp\/v2\/users\/1"}],"replies":[{"embeddable":true,"href":"https:\/\/www.zti.il.pw.edu.pl\/index.php?rest_route=%2Fwp%2Fv2%2Fcomments&post=246"}],"version-history":[{"count":7,"href":"https:\/\/www.zti.il.pw.edu.pl\/index.php?rest_route=\/wp\/v2\/pages\/246\/revisions"}],"predecessor-version":[{"id":275,"href":"https:\/\/www.zti.il.pw.edu.pl\/index.php?rest_route=\/wp\/v2\/pages\/246\/revisions\/275"}],"wp:attachment":[{"href":"https:\/\/www.zti.il.pw.edu.pl\/index.php?rest_route=%2Fwp%2Fv2%2Fmedia&parent=246"}],"curies":[{"name":"wp","href":"https:\/\/api.w.org\/{rel}","templated":true}]}}