{"id":358,"date":"2013-07-15T20:36:27","date_gmt":"2013-07-15T18:36:27","guid":{"rendered":"http:\/\/www.zti.il.pw.edu.pl\/?page_id=358"},"modified":"2013-07-17T10:53:56","modified_gmt":"2013-07-17T08:53:56","slug":"habilitacja","status":"publish","type":"page","link":"https:\/\/www.zti.il.pw.edu.pl\/?page_id=358","title":{"rendered":"Habilitacja"},"content":{"rendered":"<p>Kwesti\u0119 habilitacji reguluje <a title=\"Ustawa\" href=\"http:\/\/www.nauka.gov.pl\/fileadmin\/user_upload\/szkolnictwo\/Reforma\/20110524_USTAWA.pdf\" target=\"_blank\">ujednolicony tekst ustawy z dnia 14 marca 2003 r. o stopniach naukowych i tytule naukowym<\/a> oraz o stopniach i tytule w zakresie sztuki (Dz. U. Nr 65, poz. 595, z p\u00f3\u017an. zm.). Niniejszy tekst uwzgl\u0119dnia zmiany cz\u0119\u015bci merytorycznej ustawy wprowadzone ustaw\u0105 z dnia 18 marca 2011 r. o zmianie ustawy \u2013 Prawo o szkolnictwie wy\u017cszym, ustawy o stopniach naukowych i tytule naukowym oraz o stopniach i tytule w zakresie sztuki oraz o zmianie niekt\u00f3rych innych ustaw (Dz. U. Nr 84, poz. 455, z p\u00f3\u017an. zm.), w brzmieniu obowi\u0105zuj\u0105cym od dnia 1 pa\u017adziernika 2011 r.<br \/>\nZasady i procedury przeprowadzania post\u0119powa\u0144 okre\u015blaj\u0105 poszczeg\u00f3lne jednostki jak np: <a title=\"IPPT PAN\" href=\"http:\/\/www.ippt.gov.pl\/attachments\/Wyciag_dokumentow_stopnie.pdf\" target=\"_blank\">IPPT PAN<\/a> i <a title=\"Politechnika Bia\u0142ostocka\" href=\"http:\/\/wb.pb.edu.pl\/Zasady-przeprowadzania-postepowan-habilitacyjnych.html\" target=\"_blank\">Politechnika Bia\u0142ostocka<\/a>.<br \/>\nJednostki okre\u015blaj\u0105 tak\u017ce minimalne wymagania do wszcz\u0119cia przewodu habilitacyjnego jak np. <a title=\"Kryteria IPPT PAN\" href=\"http:\/\/www.ippt.gov.pl\/attachments\/Uchwala_kryteria_stopnie_naukowe.pdf\" target=\"_blank\">IPPT PAN<\/a>.<br \/>\nWarto tak\u017ce \u015bledzi\u0107 post\u0119powania habilitacyjne na stronie <a title=\"Centralna Komisja\" href=\"http:\/\/www.ck.gov.pl\/index.php\/postepowania-awansowe\/postepowania-habilitacyjne\/dziedzina-nauk-technicznych\" target=\"_blank\">Centralnej Komisji<\/a>. Na naszym wydziale by\u0142o przeprowadzone post\u0119powanie habilitacyjnej <a title=\"Kaszy\u0144ska\" href=\"http:\/\/www.ck.gov.pl\/index.php\/postepowania-awansowe\/postepowania-habilitacyjne\/dziedzina-nauk-technicznych\/214-kaszynska-maria\" target=\"_blank\">Pani Doktor Kaszy\u0144skiej<\/a>, w toku jest post\u0119powanie <a title=\"Dzier\u017canowski\" href=\"http:\/\/www.ck.gov.pl\/index.php\/postepowania-awansowe\/postepowania-habilitacyjne\/dziedzina-nauk-technicznych\/1387-dzierzanowski-grzegorz\" target=\"_blank\">Pana Doktora Dzier\u017canowskiego<\/a>.<br \/>\nO tym, \u017ce nowa procedura nie jest \u0142atwa mo\u017ce \u015bwiadczy\u0107 cho\u0107by <a title=\"Habilitacja\" href=\"http:\/\/lublin.gazeta.pl\/lublin\/1,48724,14280555,KUL_znowu_na_deskach__Bezprawnie_zwolniona_znowu_ma.html#LokLubTxt\" target=\"_blank\">przypadek habilitacji Pani Doktor Sabiny Bober<\/a>. Szczeg\u00f3\u0142y mo\u017cna znale\u017a\u0107 oczywi\u015bcie <a title=\"Bober\" href=\"http:\/\/www.ck.gov.pl\/index.php\/postepowania-awansowe\/postepowania-habilitacyjne\/dziedzina-nauk-humanistycznych\/132-bober-sabina\" target=\"_blank\">na stronie CK<\/a>, w tym <a title=\"Uchwa\u0142a\" href=\"http:\/\/www.ck.gov.pl\/images\/PDF\/Awanse\/BoberSabina\/zal1.pdf\" target=\"_blank\">uchwal\u0119 Rady Wydzia\u0142u<\/a>.<\/p>\n<div class=\"gsp_post_data\" \r\n\t            data-post_type=\"page\" \r\n\t            data-cat=\"\" \r\n\t            data-modified=\"120\"\r\n\t            data-created=\"1373920587\"\r\n\t            data-title=\"Habilitacja\" \r\n\t            data-home=\"https:\/\/www.zti.il.pw.edu.pl\"><\/div>","protected":false},"excerpt":{"rendered":"<p>Kwesti\u0119 habilitacji reguluje ujednolicony tekst ustawy z dnia 14 marca 2003 r. o stopniach naukowych i tytule naukowym oraz o stopniach i tytule w zakresie sztuki (Dz. U. Nr 65, poz. 595, z p\u00f3\u017an. zm.). Niniejszy tekst uwzgl\u0119dnia zmiany cz\u0119\u015bci merytorycznej ustawy wprowadzone ustaw\u0105 z dnia 18 marca 2011 r. o zmianie ustawy \u2013 Prawo &hellip; <\/p>\n<p class=\"link-more\"><a href=\"https:\/\/www.zti.il.pw.edu.pl\/?page_id=358\" class=\"more-link\">Czytaj dalej<span class=\"screen-reader-text\"> \u201eHabilitacja\u201d<\/span><\/a><\/p>\n","protected":false},"author":1,"featured_media":0,"parent":0,"menu_order":0,"comment_status":"open","ping_status":"open","template":"","meta":{"footnotes":""},"class_list":["post-358","page","type-page","status-publish","hentry"],"_links":{"self":[{"href":"https:\/\/www.zti.il.pw.edu.pl\/index.php?rest_route=\/wp\/v2\/pages\/358","targetHints":{"allow":["GET"]}}],"collection":[{"href":"https:\/\/www.zti.il.pw.edu.pl\/index.php?rest_route=\/wp\/v2\/pages"}],"about":[{"href":"https:\/\/www.zti.il.pw.edu.pl\/index.php?rest_route=\/wp\/v2\/types\/page"}],"author":[{"embeddable":true,"href":"https:\/\/www.zti.il.pw.edu.pl\/index.php?rest_route=\/wp\/v2\/users\/1"}],"replies":[{"embeddable":true,"href":"https:\/\/www.zti.il.pw.edu.pl\/index.php?rest_route=%2Fwp%2Fv2%2Fcomments&post=358"}],"version-history":[{"count":5,"href":"https:\/\/www.zti.il.pw.edu.pl\/index.php?rest_route=\/wp\/v2\/pages\/358\/revisions"}],"predecessor-version":[{"id":375,"href":"https:\/\/www.zti.il.pw.edu.pl\/index.php?rest_route=\/wp\/v2\/pages\/358\/revisions\/375"}],"wp:attachment":[{"href":"https:\/\/www.zti.il.pw.edu.pl\/index.php?rest_route=%2Fwp%2Fv2%2Fmedia&parent=358"}],"curies":[{"name":"wp","href":"https:\/\/api.w.org\/{rel}","templated":true}]}}