{"id":409,"date":"2013-08-08T14:22:06","date_gmt":"2013-08-08T12:22:06","guid":{"rendered":"http:\/\/www.zti.il.pw.edu.pl\/?page_id=409"},"modified":"2013-08-08T17:18:55","modified_gmt":"2013-08-08T15:18:55","slug":"10th-wcce-2013","status":"publish","type":"page","link":"https:\/\/www.zti.il.pw.edu.pl\/?page_id=409","title":{"rendered":"10th WCCE 2013"},"content":{"rendered":"<p>W dniach 1-5 lipca w Toruniu odby\u0142a si\u0119 dziesi\u0105ta jubileuszowa konferencja <a href=\"http:\/\/wcce2013.umk.pl\/\" title=\"WCCE2013\" target=\"_blank\">World Conference on Computers in Education &#8211; WCCE 2013<\/a>. W obradach uczestniczyli pracownicy i wsp\u00f3\u0142pracownicy ZTI przedstawiaj\u0105c <a href=\"http:\/\/icms.schule.at\/exportProgram.php?CC=10\" title=\"Program\" target=\"_blank\">dwa referaty<\/a>. <\/p>\n<ul>\n<li>R.Robert Gajewski: Towards a new look at streaming media<\/li>\n<li>Lech W\u0142asak, Marcin Jaczewski, Tomasz Dubilis, Tomasz Warda: How to motivate digital natives to learn?<\/li>\n<\/ul>\n<p>Oba spotka\u0142y si\u0119 z bardzo o\u017cywion\u0105 dyskusj\u0105.<br \/>\n<img decoding=\"async\" src=\"http:\/\/www.edunews.pl\/images\/stories\/wcce04.jpg\"><br \/>\n<img loading=\"lazy\" decoding=\"async\" src=\"http:\/\/edu.rsei.umk.pl\/wcce2013\/sites\/default\/files\/DSC_1666.JPG\" width=\"512\" height=\"384\"><\/p>\n<div class=\"gsp_post_data\" \r\n\t            data-post_type=\"page\" \r\n\t            data-cat=\"\" \r\n\t            data-modified=\"120\"\r\n\t            data-created=\"1375971726\"\r\n\t            data-title=\"10th WCCE 2013\" \r\n\t            data-home=\"https:\/\/www.zti.il.pw.edu.pl\"><\/div>","protected":false},"excerpt":{"rendered":"<p>W dniach 1-5 lipca w Toruniu odby\u0142a si\u0119 dziesi\u0105ta jubileuszowa konferencja World Conference on Computers in Education &#8211; WCCE 2013. W obradach uczestniczyli pracownicy i wsp\u00f3\u0142pracownicy ZTI przedstawiaj\u0105c dwa referaty. R.Robert Gajewski: Towards a new look at streaming media Lech W\u0142asak, Marcin Jaczewski, Tomasz Dubilis, Tomasz Warda: How to motivate digital natives to learn? Oba &hellip; <\/p>\n<p class=\"link-more\"><a href=\"https:\/\/www.zti.il.pw.edu.pl\/?page_id=409\" class=\"more-link\">Czytaj dalej<span class=\"screen-reader-text\"> \u201e10th WCCE 2013\u201d<\/span><\/a><\/p>\n","protected":false},"author":1,"featured_media":0,"parent":0,"menu_order":0,"comment_status":"open","ping_status":"open","template":"","meta":{"footnotes":""},"class_list":["post-409","page","type-page","status-publish","hentry"],"_links":{"self":[{"href":"https:\/\/www.zti.il.pw.edu.pl\/index.php?rest_route=\/wp\/v2\/pages\/409","targetHints":{"allow":["GET"]}}],"collection":[{"href":"https:\/\/www.zti.il.pw.edu.pl\/index.php?rest_route=\/wp\/v2\/pages"}],"about":[{"href":"https:\/\/www.zti.il.pw.edu.pl\/index.php?rest_route=\/wp\/v2\/types\/page"}],"author":[{"embeddable":true,"href":"https:\/\/www.zti.il.pw.edu.pl\/index.php?rest_route=\/wp\/v2\/users\/1"}],"replies":[{"embeddable":true,"href":"https:\/\/www.zti.il.pw.edu.pl\/index.php?rest_route=%2Fwp%2Fv2%2Fcomments&post=409"}],"version-history":[{"count":6,"href":"https:\/\/www.zti.il.pw.edu.pl\/index.php?rest_route=\/wp\/v2\/pages\/409\/revisions"}],"predecessor-version":[{"id":423,"href":"https:\/\/www.zti.il.pw.edu.pl\/index.php?rest_route=\/wp\/v2\/pages\/409\/revisions\/423"}],"wp:attachment":[{"href":"https:\/\/www.zti.il.pw.edu.pl\/index.php?rest_route=%2Fwp%2Fv2%2Fmedia&parent=409"}],"curies":[{"name":"wp","href":"https:\/\/api.w.org\/{rel}","templated":true}]}}