{"id":436,"date":"2013-08-08T19:07:36","date_gmt":"2013-08-08T17:07:36","guid":{"rendered":"http:\/\/www.zti.il.pw.edu.pl\/?page_id=436"},"modified":"2013-08-08T19:07:36","modified_gmt":"2013-08-08T17:07:36","slug":"preskrypty","status":"publish","type":"page","link":"https:\/\/www.zti.il.pw.edu.pl\/?page_id=436","title":{"rendered":"Preskrypty"},"content":{"rendered":"<p>W latach 2011-13 w Zespole Technologii Informatycznych powsta\u0142y <a href=\"http:\/\/www.wydawnictwopw.pl\/index.php?s=wyniki&#038;rodz=12&#038;id=655\" title=\"Preskrypty ZTI\" target=\"_blank\">cztery preskrypty<\/a> do zaj\u0119\u0107 z Podstaw Informatyki i Metod Obliczeniowych. <\/p>\n<div class=\"gsp_post_data\" \r\n\t            data-post_type=\"page\" \r\n\t            data-cat=\"\" \r\n\t            data-modified=\"120\"\r\n\t            data-created=\"1375988856\"\r\n\t            data-title=\"Preskrypty\" \r\n\t            data-home=\"https:\/\/www.zti.il.pw.edu.pl\"><\/div>","protected":false},"excerpt":{"rendered":"<p>W latach 2011-13 w Zespole Technologii Informatycznych powsta\u0142y cztery preskrypty do zaj\u0119\u0107 z Podstaw Informatyki i Metod Obliczeniowych.<\/p>\n","protected":false},"author":1,"featured_media":0,"parent":0,"menu_order":0,"comment_status":"open","ping_status":"open","template":"","meta":{"footnotes":""},"class_list":["post-436","page","type-page","status-publish","hentry"],"_links":{"self":[{"href":"https:\/\/www.zti.il.pw.edu.pl\/index.php?rest_route=\/wp\/v2\/pages\/436","targetHints":{"allow":["GET"]}}],"collection":[{"href":"https:\/\/www.zti.il.pw.edu.pl\/index.php?rest_route=\/wp\/v2\/pages"}],"about":[{"href":"https:\/\/www.zti.il.pw.edu.pl\/index.php?rest_route=\/wp\/v2\/types\/page"}],"author":[{"embeddable":true,"href":"https:\/\/www.zti.il.pw.edu.pl\/index.php?rest_route=\/wp\/v2\/users\/1"}],"replies":[{"embeddable":true,"href":"https:\/\/www.zti.il.pw.edu.pl\/index.php?rest_route=%2Fwp%2Fv2%2Fcomments&post=436"}],"version-history":[{"count":2,"href":"https:\/\/www.zti.il.pw.edu.pl\/index.php?rest_route=\/wp\/v2\/pages\/436\/revisions"}],"predecessor-version":[{"id":438,"href":"https:\/\/www.zti.il.pw.edu.pl\/index.php?rest_route=\/wp\/v2\/pages\/436\/revisions\/438"}],"wp:attachment":[{"href":"https:\/\/www.zti.il.pw.edu.pl\/index.php?rest_route=%2Fwp%2Fv2%2Fmedia&parent=436"}],"curies":[{"name":"wp","href":"https:\/\/api.w.org\/{rel}","templated":true}]}}