{"id":440,"date":"2013-08-08T19:14:36","date_gmt":"2013-08-08T17:14:36","guid":{"rendered":"http:\/\/www.zti.il.pw.edu.pl\/?page_id=440"},"modified":"2013-08-08T19:33:53","modified_gmt":"2013-08-08T17:33:53","slug":"podstawy-informatyki","status":"publish","type":"page","link":"https:\/\/www.zti.il.pw.edu.pl\/?page_id=440","title":{"rendered":"Podstawy informatyki i Mathematica"},"content":{"rendered":"<p><a href=\"http:\/\/www.wydawnictwopw.pl\/index.php?s=karta&#038;id=2520\" title=\"Podstawy Informatyki\" target=\"_blank\">Podstawy informatyki i Mathematica<\/a><br \/>\nR.R. Gajewski<br \/>\nL. W\u0142asak<br \/>\nWydawnictwo: OWPW<br \/>\nRok: 2011<br \/>\nStron: 138<br \/>\nISBN: 978-83-7207-966-4<br \/>\nPreskrypt \u2015 publikacja na prawach r\u0119kopisu<\/p>\n<blockquote><p>Publikacja jest podzielona na trzy cz\u0119\u015bci. W pierwszej om\u00f3wiono zagadnienia dotycz\u0105ce podstaw informatyki, takie jak informacja, sprz\u0119t, oprogramowanie, systemy operacyjne, aplikacje i komunikacja. Druga cz\u0119\u015b\u0107 zawiera informacje na temat technologii informatycznych i w\u0142a\u015bciwego wykorzystania oprogramowania. W ostatniej cz\u0119\u015bci om\u00f3wiono zagadnienia zwi\u0105zane z pakietem Mathematica. Preskrypt jest przeznaczony dla student\u00f3w kierunk\u00f3w nieinformatycznych na wszystkich uczelniach.<\/p><\/blockquote>\n<p><img decoding=\"async\" src=\"http:\/\/www.wydawnictwopw.pl\/okladki\/p2520.jpg\"><\/p>\n<div class=\"gsp_post_data\" \r\n\t            data-post_type=\"page\" \r\n\t            data-cat=\"\" \r\n\t            data-modified=\"120\"\r\n\t            data-created=\"1375989276\"\r\n\t            data-title=\"Podstawy informatyki i Mathematica\" \r\n\t            data-home=\"https:\/\/www.zti.il.pw.edu.pl\"><\/div>","protected":false},"excerpt":{"rendered":"<p>Podstawy informatyki i Mathematica R.R. Gajewski L. W\u0142asak Wydawnictwo: OWPW Rok: 2011 Stron: 138 ISBN: 978-83-7207-966-4 Preskrypt \u2015 publikacja na prawach r\u0119kopisu Publikacja jest podzielona na trzy cz\u0119\u015bci. W pierwszej om\u00f3wiono zagadnienia dotycz\u0105ce podstaw informatyki, takie jak informacja, sprz\u0119t, oprogramowanie, systemy operacyjne, aplikacje i komunikacja. Druga cz\u0119\u015b\u0107 zawiera informacje na temat technologii informatycznych i w\u0142a\u015bciwego &hellip; <\/p>\n<p class=\"link-more\"><a href=\"https:\/\/www.zti.il.pw.edu.pl\/?page_id=440\" class=\"more-link\">Czytaj dalej<span class=\"screen-reader-text\"> \u201ePodstawy informatyki i Mathematica\u201d<\/span><\/a><\/p>\n","protected":false},"author":1,"featured_media":0,"parent":0,"menu_order":0,"comment_status":"open","ping_status":"open","template":"","meta":{"footnotes":""},"class_list":["post-440","page","type-page","status-publish","hentry"],"_links":{"self":[{"href":"https:\/\/www.zti.il.pw.edu.pl\/index.php?rest_route=\/wp\/v2\/pages\/440","targetHints":{"allow":["GET"]}}],"collection":[{"href":"https:\/\/www.zti.il.pw.edu.pl\/index.php?rest_route=\/wp\/v2\/pages"}],"about":[{"href":"https:\/\/www.zti.il.pw.edu.pl\/index.php?rest_route=\/wp\/v2\/types\/page"}],"author":[{"embeddable":true,"href":"https:\/\/www.zti.il.pw.edu.pl\/index.php?rest_route=\/wp\/v2\/users\/1"}],"replies":[{"embeddable":true,"href":"https:\/\/www.zti.il.pw.edu.pl\/index.php?rest_route=%2Fwp%2Fv2%2Fcomments&post=440"}],"version-history":[{"count":5,"href":"https:\/\/www.zti.il.pw.edu.pl\/index.php?rest_route=\/wp\/v2\/pages\/440\/revisions"}],"predecessor-version":[{"id":442,"href":"https:\/\/www.zti.il.pw.edu.pl\/index.php?rest_route=\/wp\/v2\/pages\/440\/revisions\/442"}],"wp:attachment":[{"href":"https:\/\/www.zti.il.pw.edu.pl\/index.php?rest_route=%2Fwp%2Fv2%2Fmedia&parent=440"}],"curies":[{"name":"wp","href":"https:\/\/api.w.org\/{rel}","templated":true}]}}