{"id":444,"date":"2013-08-08T19:18:31","date_gmt":"2013-08-08T17:18:31","guid":{"rendered":"http:\/\/www.zti.il.pw.edu.pl\/?page_id=444"},"modified":"2013-08-08T19:34:50","modified_gmt":"2013-08-08T17:34:50","slug":"mathcad","status":"publish","type":"page","link":"https:\/\/www.zti.il.pw.edu.pl\/?page_id=444","title":{"rendered":"MathCAD &#8211; obliczenia i programowanie"},"content":{"rendered":"<p><a href=\"http:\/\/www.wydawnictwopw.pl\/index.php?s=karta&#038;id=1960\" title=\"MathCAD\" target=\"_blank\">MathCAD \u2013 obliczenia in\u017cynierskie i programowane<\/a><br \/>\nR.R. Gajewski<br \/>\nWydawnictwo: OWPW<br \/>\nRok: 2011<br \/>\nStron: 94<br \/>\nISBN: 978-83-7207-925-1<br \/>\nPreskrypt \u2014 publikacja na prawach r\u0119kopisu<\/p>\n<blockquote><p>MathCAD nale\u017cy do grupy program\u00f3w okre\u015blanych mianem system\u00f3w algebry komputerowej. S\u0142u\u017cy wspomaganiu oblicze\u0144 symbolicznych oraz wykonywaniu oblicze\u0144 numerycznych. Trzy pierwsze rozdzia\u0142y po\u015bwi\u0119cone s\u0105 podstawowym zasadom pracy w programie MathCAD oraz r\u00f3\u017cnorodnym obliczeniom \u2014 zar\u00f3wno symbolicznym, jak i numerycznym, trzy kolejne rozdzia\u0142y pokazuj\u0105 mo\u017cliwo\u015bci tworzenia program\u00f3w.<\/p><\/blockquote>\n<p><img decoding=\"async\" src=\"http:\/\/www.wydawnictwopw.pl\/okladki\/p1960.jpg\"><\/p>\n<div class=\"gsp_post_data\" \r\n\t            data-post_type=\"page\" \r\n\t            data-cat=\"\" \r\n\t            data-modified=\"120\"\r\n\t            data-created=\"1375989511\"\r\n\t            data-title=\"MathCAD &#8211; obliczenia i programowanie\" \r\n\t            data-home=\"https:\/\/www.zti.il.pw.edu.pl\"><\/div>","protected":false},"excerpt":{"rendered":"<p>MathCAD \u2013 obliczenia in\u017cynierskie i programowane R.R. Gajewski Wydawnictwo: OWPW Rok: 2011 Stron: 94 ISBN: 978-83-7207-925-1 Preskrypt \u2014 publikacja na prawach r\u0119kopisu MathCAD nale\u017cy do grupy program\u00f3w okre\u015blanych mianem system\u00f3w algebry komputerowej. S\u0142u\u017cy wspomaganiu oblicze\u0144 symbolicznych oraz wykonywaniu oblicze\u0144 numerycznych. Trzy pierwsze rozdzia\u0142y po\u015bwi\u0119cone s\u0105 podstawowym zasadom pracy w programie MathCAD oraz r\u00f3\u017cnorodnym obliczeniom \u2014 &hellip; <\/p>\n<p class=\"link-more\"><a href=\"https:\/\/www.zti.il.pw.edu.pl\/?page_id=444\" class=\"more-link\">Czytaj dalej<span class=\"screen-reader-text\"> \u201eMathCAD &#8211; obliczenia i programowanie\u201d<\/span><\/a><\/p>\n","protected":false},"author":1,"featured_media":0,"parent":0,"menu_order":0,"comment_status":"open","ping_status":"open","template":"","meta":{"footnotes":""},"class_list":["post-444","page","type-page","status-publish","hentry"],"_links":{"self":[{"href":"https:\/\/www.zti.il.pw.edu.pl\/index.php?rest_route=\/wp\/v2\/pages\/444","targetHints":{"allow":["GET"]}}],"collection":[{"href":"https:\/\/www.zti.il.pw.edu.pl\/index.php?rest_route=\/wp\/v2\/pages"}],"about":[{"href":"https:\/\/www.zti.il.pw.edu.pl\/index.php?rest_route=\/wp\/v2\/types\/page"}],"author":[{"embeddable":true,"href":"https:\/\/www.zti.il.pw.edu.pl\/index.php?rest_route=\/wp\/v2\/users\/1"}],"replies":[{"embeddable":true,"href":"https:\/\/www.zti.il.pw.edu.pl\/index.php?rest_route=%2Fwp%2Fv2%2Fcomments&post=444"}],"version-history":[{"count":3,"href":"https:\/\/www.zti.il.pw.edu.pl\/index.php?rest_route=\/wp\/v2\/pages\/444\/revisions"}],"predecessor-version":[{"id":446,"href":"https:\/\/www.zti.il.pw.edu.pl\/index.php?rest_route=\/wp\/v2\/pages\/444\/revisions\/446"}],"wp:attachment":[{"href":"https:\/\/www.zti.il.pw.edu.pl\/index.php?rest_route=%2Fwp%2Fv2%2Fmedia&parent=444"}],"curies":[{"name":"wp","href":"https:\/\/api.w.org\/{rel}","templated":true}]}}