{"id":448,"date":"2013-08-08T19:27:45","date_gmt":"2013-08-08T17:27:45","guid":{"rendered":"http:\/\/www.zti.il.pw.edu.pl\/?page_id=448"},"modified":"2013-08-08T19:27:45","modified_gmt":"2013-08-08T17:27:45","slug":"metody-obliczeniowe","status":"publish","type":"page","link":"https:\/\/www.zti.il.pw.edu.pl\/?page_id=448","title":{"rendered":"Metody obliczeniowe"},"content":{"rendered":"<p><a href=\"http:\/\/www.wydawnictwopw.pl\/index.php?s=karta&#038;id=2749\" title=\"Metody obliczeniowe\" target=\"_blank\">Metody obliczeniowe w budownictwie zr\u00f3wnowa\u017conym<\/a><br \/>\nR.R. Gajewski<br \/>\nWydawnictwo: OWPW<br \/>\nRok: 2012<br \/>\nStron: 140<br \/>\nISBN: 978-83-7814-018-4<br \/>\nPreskrypt &#8211; publikacja na prawach r\u0119kopisu<\/p>\n<blockquote><p>Ksi\u0105\u017cka jest podzielona na cztery cz\u0119\u015bci. W pierwszej zosta\u0142y om\u00f3wione podstawowe problemy modelowania i symulacji komputerowych oraz zarz\u0105dzania informacj\u0105 w budownictwie. Druga cz\u0119\u015b\u0107 po\u015bwi\u0119cona jest analizie statycznej konstrukcji pr\u0119towych, a trzecia stacjonarnemu przep\u0142ywowi ciep\u0142a. W ostatniej cz\u0119\u015bci zosta\u0142y om\u00f3wione wybrane zagadnienia optymalizacyjne.<br \/>\nPreskrypt mo\u017ce by\u0107 wykorzystywany na wszystkich uczelniach prowadz\u0105cych studia na kierunku Budownictwo, na kt\u00f3rych prowadzone s\u0105 zaj\u0119cia z metod obliczeniowych (komputerowych).<\/p><\/blockquote>\n<p><img decoding=\"async\" src=\"http:\/\/www.wydawnictwopw.pl\/okladki\/p2749.jpg\"><\/p>\n<div class=\"gsp_post_data\" \r\n\t            data-post_type=\"page\" \r\n\t            data-cat=\"\" \r\n\t            data-modified=\"120\"\r\n\t            data-created=\"1375990065\"\r\n\t            data-title=\"Metody obliczeniowe\" \r\n\t            data-home=\"https:\/\/www.zti.il.pw.edu.pl\"><\/div>","protected":false},"excerpt":{"rendered":"<p>Metody obliczeniowe w budownictwie zr\u00f3wnowa\u017conym R.R. Gajewski Wydawnictwo: OWPW Rok: 2012 Stron: 140 ISBN: 978-83-7814-018-4 Preskrypt &#8211; publikacja na prawach r\u0119kopisu Ksi\u0105\u017cka jest podzielona na cztery cz\u0119\u015bci. W pierwszej zosta\u0142y om\u00f3wione podstawowe problemy modelowania i symulacji komputerowych oraz zarz\u0105dzania informacj\u0105 w budownictwie. Druga cz\u0119\u015b\u0107 po\u015bwi\u0119cona jest analizie statycznej konstrukcji pr\u0119towych, a trzecia stacjonarnemu przep\u0142ywowi ciep\u0142a. &hellip; <\/p>\n<p class=\"link-more\"><a href=\"https:\/\/www.zti.il.pw.edu.pl\/?page_id=448\" class=\"more-link\">Czytaj dalej<span class=\"screen-reader-text\"> \u201eMetody obliczeniowe\u201d<\/span><\/a><\/p>\n","protected":false},"author":1,"featured_media":0,"parent":0,"menu_order":0,"comment_status":"open","ping_status":"open","template":"","meta":{"footnotes":""},"class_list":["post-448","page","type-page","status-publish","hentry"],"_links":{"self":[{"href":"https:\/\/www.zti.il.pw.edu.pl\/index.php?rest_route=\/wp\/v2\/pages\/448","targetHints":{"allow":["GET"]}}],"collection":[{"href":"https:\/\/www.zti.il.pw.edu.pl\/index.php?rest_route=\/wp\/v2\/pages"}],"about":[{"href":"https:\/\/www.zti.il.pw.edu.pl\/index.php?rest_route=\/wp\/v2\/types\/page"}],"author":[{"embeddable":true,"href":"https:\/\/www.zti.il.pw.edu.pl\/index.php?rest_route=\/wp\/v2\/users\/1"}],"replies":[{"embeddable":true,"href":"https:\/\/www.zti.il.pw.edu.pl\/index.php?rest_route=%2Fwp%2Fv2%2Fcomments&post=448"}],"version-history":[{"count":2,"href":"https:\/\/www.zti.il.pw.edu.pl\/index.php?rest_route=\/wp\/v2\/pages\/448\/revisions"}],"predecessor-version":[{"id":450,"href":"https:\/\/www.zti.il.pw.edu.pl\/index.php?rest_route=\/wp\/v2\/pages\/448\/revisions\/450"}],"wp:attachment":[{"href":"https:\/\/www.zti.il.pw.edu.pl\/index.php?rest_route=%2Fwp%2Fv2%2Fmedia&parent=448"}],"curies":[{"name":"wp","href":"https:\/\/api.w.org\/{rel}","templated":true}]}}