{"id":45,"date":"2012-10-22T07:41:38","date_gmt":"2012-10-22T05:41:38","guid":{"rendered":"http:\/\/www.zti.il.pw.edu.pl\/?page_id=45"},"modified":"2020-06-23T12:36:12","modified_gmt":"2020-06-23T10:36:12","slug":"badania","status":"publish","type":"page","link":"https:\/\/www.zti.il.pw.edu.pl\/?page_id=45","title":{"rendered":"Badania"},"content":{"rendered":"<p>O badaniach i us\u0142ugach ZTI&#8230;<br \/><a href=\"https:\/\/www.zti.il.pw.edu.pl\/wp-content\/uploads\/2012\/10\/OfertaZTI.pdf\" class=\"pdfemb-viewer\" style=\"width:690px;height:480px;\" data-width=\"690\" data-height=\"480\" data-toolbar=\"bottom\" data-toolbar-fixed=\"off\">OfertaZTI<\/a><\/p>\n\n\n<p>Poza dzia\u0142alno\u015bci\u0105 badawcz\u0105 i dydaktyczn\u0105 potencja\u0142 intelektualny pracownik\u00f3w i wsp\u00f3\u0142pracownik\u00f3w ZTI (wiedza, umiej\u0119tno\u015bci i kompetencje) s\u0142u\u017cy tak\u017ce do prowadzenia dzia\u0142alno\u015bci us\u0142ugowej. Zainteresowanych bli\u017cszymi szczeg\u00f3\u0142ami prosimy o kontakt mejlowy:<\/p>\n\n\n\n<ul class=\"wp-block-list\"><li>szkolenia i kursy z zakresu zastosowa\u0144 informatyki, technologii informatycznych i metod obliczeniowych w budownictwie energoefektywnym<\/li><li>konsulting i wdro\u017cenia w zakresie stosowania nowych technologii informatycznych w edukacji<\/li><li>instalacje, wdro\u017cenia i zarz\u0105dzanie platformami Moodle <\/li><li>tworzenie multimedianych materia\u0142\u00f3w edukacyjnych<\/li><\/ul>\n<div class=\"gsp_post_data\" \r\n\t            data-post_type=\"page\" \r\n\t            data-cat=\"\" \r\n\t            data-modified=\"120\"\r\n\t            data-created=\"1350891698\"\r\n\t            data-title=\"Badania\" \r\n\t            data-home=\"https:\/\/www.zti.il.pw.edu.pl\"><\/div>","protected":false},"excerpt":{"rendered":"<p>O badaniach i us\u0142ugach ZTI&#8230; Poza dzia\u0142alno\u015bci\u0105 badawcz\u0105 i dydaktyczn\u0105 potencja\u0142 intelektualny pracownik\u00f3w i wsp\u00f3\u0142pracownik\u00f3w ZTI (wiedza, umiej\u0119tno\u015bci i kompetencje) s\u0142u\u017cy tak\u017ce do prowadzenia dzia\u0142alno\u015bci us\u0142ugowej. Zainteresowanych bli\u017cszymi szczeg\u00f3\u0142ami prosimy o kontakt mejlowy: szkolenia i kursy z zakresu zastosowa\u0144 informatyki, technologii informatycznych i metod obliczeniowych w budownictwie energoefektywnym konsulting i wdro\u017cenia w zakresie stosowania nowych &hellip; <\/p>\n<p class=\"link-more\"><a href=\"https:\/\/www.zti.il.pw.edu.pl\/?page_id=45\" class=\"more-link\">Czytaj dalej<span class=\"screen-reader-text\"> \u201eBadania\u201d<\/span><\/a><\/p>\n","protected":false},"author":1,"featured_media":0,"parent":0,"menu_order":0,"comment_status":"open","ping_status":"open","template":"","meta":{"footnotes":""},"class_list":["post-45","page","type-page","status-publish","hentry"],"_links":{"self":[{"href":"https:\/\/www.zti.il.pw.edu.pl\/index.php?rest_route=\/wp\/v2\/pages\/45","targetHints":{"allow":["GET"]}}],"collection":[{"href":"https:\/\/www.zti.il.pw.edu.pl\/index.php?rest_route=\/wp\/v2\/pages"}],"about":[{"href":"https:\/\/www.zti.il.pw.edu.pl\/index.php?rest_route=\/wp\/v2\/types\/page"}],"author":[{"embeddable":true,"href":"https:\/\/www.zti.il.pw.edu.pl\/index.php?rest_route=\/wp\/v2\/users\/1"}],"replies":[{"embeddable":true,"href":"https:\/\/www.zti.il.pw.edu.pl\/index.php?rest_route=%2Fwp%2Fv2%2Fcomments&post=45"}],"version-history":[{"count":3,"href":"https:\/\/www.zti.il.pw.edu.pl\/index.php?rest_route=\/wp\/v2\/pages\/45\/revisions"}],"predecessor-version":[{"id":4630,"href":"https:\/\/www.zti.il.pw.edu.pl\/index.php?rest_route=\/wp\/v2\/pages\/45\/revisions\/4630"}],"wp:attachment":[{"href":"https:\/\/www.zti.il.pw.edu.pl\/index.php?rest_route=%2Fwp%2Fv2%2Fmedia&parent=45"}],"curies":[{"name":"wp","href":"https:\/\/api.w.org\/{rel}","templated":true}]}}