{"id":475,"date":"2013-09-09T22:57:39","date_gmt":"2013-09-09T20:57:39","guid":{"rendered":"http:\/\/www.zti.il.pw.edu.pl\/?page_id=475"},"modified":"2013-09-10T14:52:52","modified_gmt":"2013-09-10T12:52:52","slug":"fedcsis-2013-2","status":"publish","type":"page","link":"https:\/\/www.zti.il.pw.edu.pl\/?page_id=475","title":{"rendered":"FedCSIS 2013"},"content":{"rendered":"<p>W Krakowie w dniach 8-11 wrze\u015bnia odby\u0142a si\u0119 konferencja FedCSIS (Federated Conference on Computer Sciences and Information Systems), ktorej materia\u0142y s\u0105 indeksowane przez Web of Science. Podczas ISEC&#8217;13 (Information Systems Education &#038; Curricula Workshop) pracownicy zespo\u0142u przedstawili referat: R. Gajewski, L. W\u0142asak, M. Jaczewski, <a href=\"https:\/\/fedcsis.org\/preprints\/pliks\/332.pdf\" title=\"FedCSIS\" target=\"_blank\">IS (ICT) and CS in Civil Engineering Curricula: Case Study<\/a>. <br \/>\n<a href=\"http:\/\/www.zti.il.pw.edu.pl\/wp-content\/uploads\/2013\/09\/20130909_135334.jpg\"><img loading=\"lazy\" decoding=\"async\" class=\"alignnone size-full wp-image-476\" alt=\"20130909_135334\" src=\"http:\/\/www.zti.il.pw.edu.pl\/wp-content\/uploads\/2013\/09\/20130909_135334.jpg\" width=\"640\" height=\"480\" \/><\/a><br \/>\nW ka\u017cdej konferencji najwa\u017cniejsze s\u0105 oczywi\u015bcie obrady &#8211; wyk\u0142ady plenarne i sesje, a szczeg\u00f3lnie ta &#8222;w\u0142asna&#8221;. Istotne s\u0105 tak\u017ce rozmowy kuluarowe podczas przerw kawowych. Ale najd\u0142u\u017cej w pami\u0119ci zostaj\u0105: get together party, welcome reception i conference banquet. Organizatorzy FedCSIS zmie\u015bcili wszystkie trzy atrakcje. Druga czyli welcome reception na d\u0142ugo pozostanie No. 1. Koncert kapeli Dr. Blues by\u0142 fantastyczny!<br \/>\n<video width=\"512\" height=\"288\" controls=\"controls\" poster=\"http:\/\/wektor.il.pw.edu.pl\/~rg\/DrB.jpg\"><source src=\"http:\/\/wektor.il.pw.edu.pl\/~rg\/DrB.mp4\" type=\"video\/mp4\" \/>Your browser does not support the video tag.<\/video><br \/>\nWi\u0119cej na temat tej fantastycznej kapeli mo\u017cna znale\u017a\u0107 na ich kanale <a href=\"http:\/\/www.youtube.com\/user\/soulrevisionvideo\/videos\" title=\"Dr Blues\" target=\"_blank\">YouTube<\/a>.<\/p>\n<div class=\"gsp_post_data\" \r\n\t            data-post_type=\"page\" \r\n\t            data-cat=\"\" \r\n\t            data-modified=\"120\"\r\n\t            data-created=\"1378767459\"\r\n\t            data-title=\"FedCSIS 2013\" \r\n\t            data-home=\"https:\/\/www.zti.il.pw.edu.pl\"><\/div>","protected":false},"excerpt":{"rendered":"<p>W Krakowie w dniach 8-11 wrze\u015bnia odby\u0142a si\u0119 konferencja FedCSIS (Federated Conference on Computer Sciences and Information Systems), ktorej materia\u0142y s\u0105 indeksowane przez Web of Science. Podczas ISEC&#8217;13 (Information Systems Education &#038; Curricula Workshop) pracownicy zespo\u0142u przedstawili referat: R. Gajewski, L. W\u0142asak, M. Jaczewski, IS (ICT) and CS in Civil Engineering Curricula: Case Study. W &hellip; <\/p>\n<p class=\"link-more\"><a href=\"https:\/\/www.zti.il.pw.edu.pl\/?page_id=475\" class=\"more-link\">Czytaj dalej<span class=\"screen-reader-text\"> \u201eFedCSIS 2013\u201d<\/span><\/a><\/p>\n","protected":false},"author":1,"featured_media":0,"parent":0,"menu_order":0,"comment_status":"open","ping_status":"open","template":"","meta":{"footnotes":""},"class_list":["post-475","page","type-page","status-publish","hentry"],"_links":{"self":[{"href":"https:\/\/www.zti.il.pw.edu.pl\/index.php?rest_route=\/wp\/v2\/pages\/475","targetHints":{"allow":["GET"]}}],"collection":[{"href":"https:\/\/www.zti.il.pw.edu.pl\/index.php?rest_route=\/wp\/v2\/pages"}],"about":[{"href":"https:\/\/www.zti.il.pw.edu.pl\/index.php?rest_route=\/wp\/v2\/types\/page"}],"author":[{"embeddable":true,"href":"https:\/\/www.zti.il.pw.edu.pl\/index.php?rest_route=\/wp\/v2\/users\/1"}],"replies":[{"embeddable":true,"href":"https:\/\/www.zti.il.pw.edu.pl\/index.php?rest_route=%2Fwp%2Fv2%2Fcomments&post=475"}],"version-history":[{"count":6,"href":"https:\/\/www.zti.il.pw.edu.pl\/index.php?rest_route=\/wp\/v2\/pages\/475\/revisions"}],"predecessor-version":[{"id":478,"href":"https:\/\/www.zti.il.pw.edu.pl\/index.php?rest_route=\/wp\/v2\/pages\/475\/revisions\/478"}],"wp:attachment":[{"href":"https:\/\/www.zti.il.pw.edu.pl\/index.php?rest_route=%2Fwp%2Fv2%2Fmedia&parent=475"}],"curies":[{"name":"wp","href":"https:\/\/api.w.org\/{rel}","templated":true}]}}