{"id":53,"date":"2012-10-22T07:59:42","date_gmt":"2012-10-22T05:59:42","guid":{"rendered":"http:\/\/www.zti.il.pw.edu.pl\/?page_id=53"},"modified":"2014-07-14T13:56:19","modified_gmt":"2014-07-14T11:56:19","slug":"metody-obliczeniowe","status":"publish","type":"page","link":"https:\/\/www.zti.il.pw.edu.pl\/?page_id=53","title":{"rendered":"Metody Obliczeniowe"},"content":{"rendered":"<p>Historia Metod Obliczeniowych wydaje si\u0119 by\u0107 jeszcze bardziej pogmatwana i skomplikowana. Gdy w 1989 roku powstawa\u0142 O\u015brodek Metod Komputerowych wraz z nim zosta\u0142 powo\u0142any do \u017cycia przedmiot Metody Komputerowe. By\u0142 on w jednolitych 10-semestralnych studiach magisterskich umieszczony na pi\u0105tym semestrze i by\u0142 obowi\u0105zkowy dla wszystkich student\u00f3w niezale\u017cnie od specjalno\u015bci czy tez specjalizacji. W ramach kolejnych reform, na kt\u00f3re lepiej jest spu\u015bci\u0107 zas\u0142on\u0119 milczenia przedmiot ten &#8222;wyjecha\u0142&#8221; na si\u00f3dmy semestr o\u015bmiosemestralnych studi\u00f3w in\u017cynierskich, przez co musia\u0142 si\u0119 zmieni\u0107 diametralnie jego charakter. Co wi\u0119cej straci\u0142 on og\u00f3lnowydzia\u0142owy charakter &#8211; dzi\u015b mamy zupe\u0142nie r\u00f3\u017cne metody komputerowe w: budownictwie, drogownictwie i organizacji. C\u00f3\u017c, je\u015bli metody uto\u017csamiamy z programami to jest oczywist\u0105 oczywisto\u015bci\u0105 (co wi\u0119cej pora\u017caj\u0105c\u0105) , \u017ce programem Ansys nie da si\u0119 wytyczy\u0107 drogi lub ustali\u0107 harmonogramu. Skoro wi\u0119c istniej\u0105 &#8222;metody komputerowe&#8221; i &#8222;zastosowania informatyki&#8221; nie tylko dla zwyk\u0142ej r\u00f3wnowagi racj\u0119 bytu maj\u0105 tak\u017ce &#8222;metody obliczeniowe&#8221; i &#8222;technologie informatyczne&#8221;.<\/p>\n<p>Przedmiot Metody Obliczeniowe (w budownictwie energooszcz\u0119dnym) nawi\u0105zuje do pi\u0119knych tradycji sprzed ponad dwudziestu lat i oferuje Studentom wiedz\u0119 i umiej\u0119tno\u015bci z dziedziny modelowania i oblicze\u0144. Obecnie zaj\u0119cia z tego przedmiotu odbywaj\u0105 si\u0119 na si\u00f3dmym semestrze, ale warto chyba rozwa\u017cy\u0107 powr\u00f3t zaj\u0119\u0107 na wcze\u015bniejszy semestr i przywr\u00f3cenie ich og\u00f3lnowydzia\u0142owego charakteru. Kierunkowe (specjalno\u015bciowe czy te\u017c specjalistyczne niech b\u0119d\u0105 programy komputerowe. Program przedmiotu podzielony jest na trzy bloki. W pierwszym omawiana jest <em>Direct Stiffness Method<\/em>, czyli <em>de facto<\/em> technologia Metody Element\u00f3w Sko\u0144czonych. Aby nikogo nie dra\u017cni\u0107 nacisk po\u0142o\u017cony jest na oboj\u0119tne politycznie spr\u0119\u017cynki, stosunkowo ma\u0142o jest konstrukcji pr\u0119towych. W drugim miejscu jak przed laty omawiane jest zagadnienie stacjonarnego przep\u0142ywu ciep\u0142a, co nikogo nie powinno dra\u017cni\u0107. Ostatni blok przedmiotu Metody Obliczeniowe po\u015bwi\u0119cony jest podstawom optymalizacji. Rozwa\u017cane s\u0105 nie tylko klasyczne zagadnienia programowania liniowego ale tak\u017ce optymalizacja konstrukcji.<\/p>\n<table border=\"0\">\n<tbody>\n<tr>\n<td width=\"100\"><a title=\"mo-w\" href=\"http:\/\/www.wydawnictwopw.pl\/index.php?s=karta&amp;id=2749\" target=\"_blank\"><img loading=\"lazy\" decoding=\"async\" alt=\"DO\" src=\"http:\/\/www.wydawnictwopw.pl\/okladki\/min_p2749.jpg\" width=\"100\" height=\"156\" \/><\/a><\/td>\n<td>Ksi\u0105\u017cka jest podzielona na cztery cz\u0119\u015bci. W pierwszej zosta\u0142y om\u00f3wione podstawowe problemy modelowania i symulacji komputerowych oraz zarz\u0105dzania informacj\u0105 w budownictwie. Druga cz\u0119\u015b\u0107 po\u015bwi\u0119cona jest analizie statycznej konstrukcji pr\u0119towych, a trzecia stacjonarnemu przep\u0142ywowi ciep\u0142a. W ostatniej cz\u0119\u015bci zosta\u0142y om\u00f3wione wybrane zagadnienia optymalizacyjne. Preskrypt mo\u017ce by\u0107 wykorzystywany na wszystkich uczelniach prowadz\u0105cych studia na kierunku Budownictwo, na kt\u00f3rych prowadzone s\u0105 zaj\u0119cia z metod obliczeniowych (komputerowych).<\/td>\n<\/tr>\n<\/tbody>\n<\/table>\n<table border=\"0\">\n<tbody>\n<tr>\n<td width=\"100\"><a title=\"mo-c\" href=\"http:\/\/www.wydawnictwopw.pl\/index.php?s=karta&amp;id=2860\" target=\"_blank\"><img loading=\"lazy\" decoding=\"async\" alt=\"DO\" src=\"http:\/\/www.wydawnictwopw.pl\/okladki\/min_p2860.jpg\" width=\"100\" height=\"156\" \/><\/a><\/td>\n<td>Preskrypt jest podzielony na trzy cz\u0119\u015bci. W pierwszej, po\u015bwi\u0119conej konstrukcjom pr\u0119towym, przedstawiona jest bezpo\u015brednia metoda sztywno\u015bci (Direct Stiffness Method). W drugiej cz\u0119\u015bci zosta\u0142y zaprezentowane rozwi\u0105zania problem\u00f3w stacjonarnego przep\u0142ywu ciep\u0142a, a w ostatniej om\u00f3wiono podstawy optymalnego projektowania. Preskrypt mo\u017ce by\u0107 wykorzystany na wszystkich wydzia\u0142ach prowadz\u0105cych studia na kierunkach budowlanych.<\/td>\n<\/tr>\n<\/tbody>\n<\/table>\n<p>Poni\u017cszy klip wideo dedykowany jest wszystkim, czyli r\u00f3wnie\u017c \u00a0&#8222;autorom kilku ksi\u0105\u017cek z MES&#8221; oraz &#8222;znanym w Polsce specjalistom metod numerycznych mechaniki&#8221;.<br \/>\n<iframe loading=\"lazy\" src=\"http:\/\/www.youtube.com\/embed\/oNqSzzycRhw\" height=\"480\" width=\"640\" frameborder=\"0\"><\/iframe><br \/>\n<a id=\"69e91ca2b7da4\" rel=\"wp-video-lightbox\" href=\"https:\/\/www.youtube.com\/watch?v=GJVCPa0vGu8&#038;rel=0&#038;width=1024&#038;height=576\" title=\"\">Przyk\u0142adowy Screencasting 1024x576 z YouTube<\/a>    <script>\r\n    \/* <![CDATA[ *\/\r\n    jQuery(document).ready(function($){\r\n        $(function(){\r\n            var width = $(window).innerWidth();\r\n            var setwidth = parseFloat(1024);\r\n            var ratio = parseFloat(0.5625);\r\n            var height = parseFloat(576);\r\n            var link = 'https:\/\/www.youtube.com\/watch?v=GJVCPa0vGu8&amp;rel=0&amp;width=1024&amp;height=576';\r\n            if(width < setwidth)\r\n            {\r\n                height = Math.floor(width * 0.5625);\r\n                \/\/console.log(\"device width \"+width+\", set width \"+1024+\", ratio \"+0.5625+\", new height \"+ height);\r\n                var new_url = wpvl_paramReplace('width', link, width);\r\n                var new_url = wpvl_paramReplace('height', new_url, height);\r\n                $(\"a#69e91ca2b7da4\").attr('href', new_url);\r\n                \/\/console.log(new_url);\r\n            }\r\n        });\r\n    });\r\n    \/* ]]> *\/\r\n    <\/script><\/p>\n<div class=\"gsp_post_data\" \r\n\t            data-post_type=\"page\" \r\n\t            data-cat=\"\" \r\n\t            data-modified=\"120\"\r\n\t            data-created=\"1350892782\"\r\n\t            data-title=\"Metody Obliczeniowe\" \r\n\t            data-home=\"https:\/\/www.zti.il.pw.edu.pl\"><\/div>","protected":false},"excerpt":{"rendered":"<p>Historia Metod Obliczeniowych wydaje si\u0119 by\u0107 jeszcze bardziej pogmatwana i skomplikowana. Gdy w 1989 roku powstawa\u0142 O\u015brodek Metod Komputerowych wraz z nim zosta\u0142 powo\u0142any do \u017cycia przedmiot Metody Komputerowe. By\u0142 on w jednolitych 10-semestralnych studiach magisterskich umieszczony na pi\u0105tym semestrze i by\u0142 obowi\u0105zkowy dla wszystkich student\u00f3w niezale\u017cnie od specjalno\u015bci czy tez specjalizacji. W ramach kolejnych &hellip; <\/p>\n<p class=\"link-more\"><a href=\"https:\/\/www.zti.il.pw.edu.pl\/?page_id=53\" class=\"more-link\">Czytaj dalej<span class=\"screen-reader-text\"> \u201eMetody Obliczeniowe\u201d<\/span><\/a><\/p>\n","protected":false},"author":1,"featured_media":0,"parent":43,"menu_order":0,"comment_status":"open","ping_status":"open","template":"","meta":{"footnotes":""},"class_list":["post-53","page","type-page","status-publish","hentry"],"_links":{"self":[{"href":"https:\/\/www.zti.il.pw.edu.pl\/index.php?rest_route=\/wp\/v2\/pages\/53","targetHints":{"allow":["GET"]}}],"collection":[{"href":"https:\/\/www.zti.il.pw.edu.pl\/index.php?rest_route=\/wp\/v2\/pages"}],"about":[{"href":"https:\/\/www.zti.il.pw.edu.pl\/index.php?rest_route=\/wp\/v2\/types\/page"}],"author":[{"embeddable":true,"href":"https:\/\/www.zti.il.pw.edu.pl\/index.php?rest_route=\/wp\/v2\/users\/1"}],"replies":[{"embeddable":true,"href":"https:\/\/www.zti.il.pw.edu.pl\/index.php?rest_route=%2Fwp%2Fv2%2Fcomments&post=53"}],"version-history":[{"count":15,"href":"https:\/\/www.zti.il.pw.edu.pl\/index.php?rest_route=\/wp\/v2\/pages\/53\/revisions"}],"predecessor-version":[{"id":114,"href":"https:\/\/www.zti.il.pw.edu.pl\/index.php?rest_route=\/wp\/v2\/pages\/53\/revisions\/114"}],"up":[{"embeddable":true,"href":"https:\/\/www.zti.il.pw.edu.pl\/index.php?rest_route=\/wp\/v2\/pages\/43"}],"wp:attachment":[{"href":"https:\/\/www.zti.il.pw.edu.pl\/index.php?rest_route=%2Fwp%2Fv2%2Fmedia&parent=53"}],"curies":[{"name":"wp","href":"https:\/\/api.w.org\/{rel}","templated":true}]}}