{"id":5354,"date":"2021-03-03T09:58:00","date_gmt":"2021-03-03T08:58:00","guid":{"rendered":"http:\/\/www.zti.il.pw.edu.pl\/?page_id=5354"},"modified":"2021-03-04T13:58:08","modified_gmt":"2021-03-04T12:58:08","slug":"21-z-18","status":"publish","type":"page","link":"https:\/\/www.zti.il.pw.edu.pl\/?page_id=5354","title":{"rendered":"21-Z\/18"},"content":{"rendered":"\n<h2 class=\"wp-block-heading\">Informator Edukacyjny (18)<br>Marzec 2021<\/h2>\n\n\n\n<hr class=\"wp-block-separator\"\/>\n\n\n\n<h4 class=\"wp-block-heading\">Sprawozdanie z warsztat\u00f3w<\/h4>\n\n\n\n<p>Zgodnie z zapowiedzi\u0105 w dniach 15-19 lutego przeprowadzi\u0142em prawie sze\u015bciogodzinne <strong><a href=\"https:\/\/pele.il.pw.edu.pl\/moodle\/course\/view.php?id=468\">warsztaty<\/a><\/strong> dotycz\u0105ce zdalnego prowadzenia zaj\u0119\u0107. Ich tematyka by\u0142a dok\u0142adnie taka jak zapowiada\u0142em. Jako pe\u0142nomocnik z\u0142o\u017cy\u0142em sprawozdanie z warsztat\u00f3w Panu Dziekanowi. Stoj\u0119 na stanowisku, \u017ce mo\u017ce i powinna si\u0119 z tymi informacjami zapozna\u0107 tak\u017ce ca\u0142a wsp\u00f3lnota wydzia\u0142owa. Podczas pierwszego spotkania omawiane by\u0142y podstawy zdalnego prowadzenia zaj\u0119\u0107 w Moodle \u2013 tworzenie i konfiguracja kurs\u00f3w, zapisywanie u\u017cytkownik\u00f3w i ich podzia\u0142 na grupy oraz \u201ewsp\u00f3\u0142praca\u201d Moodle z Teams. Drugie spotkanie by\u0142o po\u015bwi\u0119cone w ca\u0142o\u015bci Moodle i jego zasobom a tak\u017ce aktywno\u015bci zadanie, kt\u00f3ra znakomicie przydaje si\u0119 podczas organizacji sprawdzian\u00f3w i egzamin\u00f3w. Trzecie spotkanie zdominowa\u0142a problematyka tworzenia i prowadzenia test\u00f3w szczeg\u00f3lnie w kontek\u015bcie r\u00f3\u017cnorodnych nieetycznych zachowa\u0144 podczas ewaluacji wynik\u00f3w kszta\u0142cenia i niemo\u017cno\u015bci kontroli tego procesu. Czwarte spotkanie obejmowa\u0142o swoim zakresem tworzenie r\u00f3\u017cnorodnych materia\u0142\u00f3w multimedialnych i ich wykorzystanie w kszta\u0142ceniu opartym na paradygmacie odwr\u00f3conej klasy. Te cztery spotkania spina\u0142a klamr\u0105 otwarta dyskusja, kt\u00f3ra mia\u0142a miejsce na pi\u0105tym spotkaniu. Ka\u017cdy z uczestnik\u00f3w warsztat\u00f3w przedstawia\u0142 jego zdaniem najwa\u017cniejsze plusy dodatnie i plusy ujemne zdalnego prowadzenia zaj\u0119\u0107. Poniewa\u017c uwa\u017cam te g\u0142osy za bardzo istotne po\u015bwi\u0119c\u0119 im osobny akapit. Ale najpierw informuj\u0119, \u017ce <strong><a href=\"https:\/\/teams.microsoft.com\/l\/meetup-join\/19%3ameeting_ZTg1MjgxZGUtNGYxNy00Y2FhLTgwZDYtNjA0MGU3NzI2MjUx%40thread.v2\/0?context=%7b%22Tid%22%3a%223b50229c-cd78-4588-9bcf-97b7629e2f0f%22%2c%22Oid%22%3a%2224969233-f6c1-4a19-8896-8942b4973f31%22%7d\" target=\"_blank\" rel=\"noreferrer noopener\">moje og\u00f3lnodost\u0119pne konsultacje b\u0119d\u0105 w pi\u0105tki o 13<\/a><\/strong>. No bo jak mija trzynasta to ju\u017c mo\u017cna\u2026<\/p>\n\n\n\n<hr class=\"wp-block-separator\"\/>\n\n\n\n<h4 class=\"wp-block-heading\">G\u0142osy i opinie z warsztat\u00f3w<\/h4>\n\n\n\n<p>Prezentacj\u0119 opinii uczestnik\u00f3w warsztat\u00f3w warto zacz\u0105\u0107 od pozytyw\u00f3w, czyli plus\u00f3w dodatnich. Zdalne prowadzenie zaj\u0119\u0107 u\u0142atwi\u0142o kontakt, cho\u0107 przede wszystkim jedynie audio. Pojawi\u0142y si\u0119 mo\u017cliwo\u015bci u\u017cywania podczas zaj\u0119\u0107 wielu medi\u00f3w i narz\u0119dzi. Dodatkowo nie tracimy czasu na dojazdy. Tryb zdalny umo\u017cliwia proste zag\u0119szczenie konsultacji w po\u017c\u0105danym czasie, zar\u00f3wno w trybie synchronicznym jak i asynchronicznym. Zwi\u0119kszy\u0142a si\u0119 liczba sposob\u00f3w i narz\u0119dzi, kt\u00f3rymi mo\u017cna stymulowa\u0107 student\u00f3w. I wreszcie <em>last but not least<\/em> zdalne prowadzenie zaj\u0119\u0107 wymusi\u0142o <em>de facto<\/em> nauczenie si\u0119 wielu nowych narz\u0119dzi. Jako plus ujemny, czyli negatyw przede wszystkim by\u0142a wymieniana niemo\u017cno\u015b\u0107 rzetelnego ocenienia wynik\u00f3w pracy typu sprawdzian lub egzamin pisemny. Wzrasta tu rola egzamin\u00f3w ustnych. Mo\u017ce nale\u017cy wr\u00f3ci\u0107 do \u017ar\u00f3de\u0142? S\u0142owo <em>colloquium<\/em> oznacza przecie\u017c po prostu rozmow\u0119! Pisemne kolokwium w sali jest pewnego rodzaju absurdem. Zdecydowana wi\u0119kszo\u015b\u0107 uczestnik\u00f3w warsztat\u00f3w negatywnie oceni\u0142a powszechne nieu\u017cywanie kamerek przez student\u00f3w. Zdalne prowadzenie zaj\u0119\u0107 \u201edo ekranu\u201d jest m\u0119cz\u0105ce. Je\u015bli przeszkod\u0105 s\u0105 problemy techniczne po stronie Teams nale\u017cy je rozwi\u0105za\u0107. Je\u015bli to jest niech\u0119\u0107 i op\u00f3r student\u00f3w to nale\u017cy to wyja\u015bni\u0107. Zobowi\u0105za\u0142em si\u0119 poruszy\u0107 ten temat na nadchodz\u0105cej radzie i zada\u0107 otwartym tekstem pytanie Pani Przewodnicz\u0105cej Samorz\u0105du. Zrobi\u0142em to, ale z racji niedoczasu ma\u0142o spektakularnie i bez echa. Podniesiona by\u0142a tak\u017ce kwestia dodatkowego nak\u0142adu pracy jaki jest wymagany przy zdalnym prowadzeniu zaj\u0119\u0107. Po pierwsze nie wszystko da si\u0119 prosto przenie\u015b\u0107 z sali do \u015brodowiska wirtualnego, czyli \u201ena komputer\u201d tak jeden do jednego. Co wi\u0119cej nawet je\u015bli wiemy bardzo dobrze co i jak robi\u0107 to cz\u0119sto powstaj\u0105 praktyczne problemy warsztatowe.<\/p>\n\n\n\n<hr class=\"wp-block-separator\"\/>\n\n\n\n<h4 class=\"wp-block-heading\">Centralna centralizacja centralki\u2026<\/h4>\n\n\n\n<p>S\u0105dz\u0119, \u017ce wszyscy ju\u017c poznali m\u00f3j stosunek do centrali, kt\u00f3r\u0105 nazywam centralk\u0105. Wszelaka centralizacja kojarzy mi si\u0119 z <strong><a href=\"https:\/\/pl.wikipedia.org\/wiki\/Centralizm_demokratyczny\">centralizmem demokratycznym<\/a><\/strong>, doktryn\u0105 panuj\u0105c\u0105 w [\u2026]. Namacalnym przejawem tego s\u0105 w\u0142a\u015bnie wprowadzane centralne zakupy sprz\u0119tu komputerowego. Wiewi\u00f3rki m\u00f3wi\u0105, \u017ce ju\u017c nied\u0142ugo b\u0119dzie jedynie s\u0142uszna, przewodnia i centralna platforma edukacyjna. W tym miejscu chcia\u0142bym kolejny raz przedstawi\u0107 jasno, jednoznacznie i precyzyjnie moje stanowisko w sprawie tego, kto powinien organizowa\u0107 podobne wydarzenia, czyli warsztaty i szkolenia dla pracownik\u00f3w uczelni dotycz\u0105ce szeroko rozumianego zdalnego prowadzenia zaj\u0119\u0107. Niezmiennie uwa\u017cam, \u017ce to powinno by\u0107 zadanie centrali. Tak robi\u0105 inne renomowane uczelnie z naszej polskiej, lokalnej ligi bluszczowej (<strong><a href=\"https:\/\/pl.wikipedia.org\/wiki\/Ivy_League\">Ivy League<\/a><\/strong>). Na AGH jest <strong><a href=\"https:\/\/www.cel.agh.edu.pl\/\">Centrum E-Learningu<\/a><\/strong>, czyli CEL. Na Uniwersytecie Warszawskim by\u0142o COME (<strong><a href=\"https:\/\/come.uw.edu.pl\/\">Centrum Otwartej i Multimedialnej Edukacji<\/a><\/strong>) teraz jest <strong><a href=\"https:\/\/ckc.uw.edu.pl\/\">Centrum Kompetencji Cyfrowych<\/a><\/strong>. Politechnika Gda\u0144ska ma <strong><a href=\"https:\/\/enauczanie.pg.edu.pl\/moodle\/course\/index.php?categoryid=377&amp;lang=pl\">Centrum Nowoczesnej Edukacji<\/a><\/strong>. Co my mamy poza gustownymi niebieskimi kafelkami <strong><a href=\"https:\/\/epw.pw.edu.pl\/\">ePW<\/a><\/strong>? Ot\u00f3\u017c mamy <strong><a href=\"https:\/\/ci.pw.edu.pl\/\">Centrum Informatyzacji<\/a><\/strong>, kt\u00f3re ca\u0142kowicie nieskutecznie zajmuje si\u0119 zar\u00f3wno sprz\u0119tem (\u201eblach\u0105 i drutami\u201d) jak i systemami informatycznymi. No bo jak skomentowa\u0107 niewydajn\u0105 macierz dyskow\u0105 dedykowan\u0105 uczelnianemu Moodle i USOS, \u017ce o \u201enieporozumieniach\u201d z zespo\u0142ami w Teams nie wspomn\u0119\u2026 <strong><a href=\"https:\/\/okno.pw.edu.pl\/\">OKNO<\/a><\/strong> zajmuje si\u0119 tylko swoimi studiami, czyli wsobnie samym sob\u0105. Jest te\u017c co\u015b, co si\u0119 nazywa <strong><a href=\"https:\/\/infox.pw.edu.pl\/\">Infox<\/a><\/strong>, ale dok\u0142adnie co to jest i po co nie wiem i chyba nie chc\u0119 wiedzie\u0107. Zgodnie z wieloma opiniami pandemia nie sko\u0144czy si\u0119 szybko. Polityka przeczekiwania nie sprawdzi si\u0119. A przerzucanie wszystkiego na wydzia\u0142y jest po prostu absurdem.<\/p>\n\n\n\n<hr class=\"wp-block-separator\"\/>\n\n\n\n<h4 class=\"wp-block-heading\">Aktualizacja Moodle +<\/h4>\n\n\n\n<p>Uprzejmie informuj\u0119, \u017ce w wyniku prac przeprowadzonych przez Sekcj\u0119 System\u00f3w Informatycznych Dzia\u0142u Zarz\u0105dzania Projektami i Systemami Informatycznymi Moodle zosta\u0142 uaktualniony do najnowszej stabilnej wersji. Za perfekcyjnie wykonane prace serdecznie dzi\u0119kuj\u0119 wszystkim zaanga\u017cowanym w spraw\u0119 osobom.<br>Najnowsza wersja Moodle wymaga\u0142a uruchomienia us\u0142ugi <strong><a href=\"https:\/\/pl.wikipedia.org\/wiki\/Cron\">cron<\/a><\/strong>. Przez dwana\u015bcie lat by\u0142a ona wy\u0142\u0105czona. Jednym z nast\u0119pstw tego faktu jest automatyczna wysy\u0142ka do koordynator\u00f3w i prowadz\u0105cych kursy maila zatytu\u0142owanego &#8222;Studenci zagro\u017ceni na kursie&#8230;&#8221;. Nie powinno to nikogo dziwi\u0107 &#8211; systemy informatyczne wysy\u0142aj\u0105 do nas r\u00f3\u017cne komunikaty. Uwielbiany przez wszystkich dydaktyczny okr\u0119t flagowy uczelni, czyli Teams wys\u0142a\u0142 do mnie <strong>59<\/strong> (s\u0142ownie: pi\u0119\u0107dziesi\u0105t dziewi\u0119\u0107) maili i jako\u015b musz\u0119 z tym \u017cy\u0107, czy\u017c nie? Informuj\u0119 jednocze\u015bnie, \u017ce uczelniany Moodle, kt\u00f3rego najprawdopodobniej ju\u017c nied\u0142ugo b\u0119dziemy musieli zgodnie pokocha\u0107 tak jak Teams tak\u017ce wysy\u0142a podobne informacje. Warto si\u0119 wi\u0119c przyzwyczai\u0107&#8230;<br>Na zako\u0144czenie o\u015bwiadczam, \u017ce nie jestem odpowiedzialny za polonizacj\u0119 Moodle. Tekst Cze\u015b\u0107 Robert wys\u0142any przez portal nie jest dla mnie w \u017caden spos\u00f3b obra\u017aliwy. Jest to kalka angielskiego Dear Robert, naturalnego sposobu wzajemnego zwracania si\u0119 do siebie w zachodniej cywilizacji, do kt\u00f3rej przecie\u017c chyba jeszcze nale\u017cymy.<\/p>\n\n\n\n<hr class=\"wp-block-separator\"\/>\n\n\n\n<h4 class=\"wp-block-heading\">Temat rzeka albo powracaj\u0105ca fala<\/h4>\n\n\n\n<p>Kwestia rzetelnego i uczciwego wystawiania ocen oczywi\u015bcie powr\u00f3ci\u0142 podczas warsztat\u00f3w. Nie by\u0142 na szcz\u0119\u015bcie dominuj\u0105cy, ale by\u0142 obecny we wszystkich wypowiedziach. Chyba najbardziej wstrz\u0105saj\u0105ca by\u0142a historia sprawdzianu \u201espod igie\u0142ki\u201d, kt\u00f3rego niby-autor nie potrafi\u0142 wyja\u015bni\u0107 po fakcie \u017cadnego kroku rozwi\u0105zania. A sk\u0105d si\u0119 wzi\u0119\u0142o to dodatkowe wyja\u015bnianie? Poprzednie wyniki nie wskazywa\u0142y na tak\u0105 zwy\u017ck\u0119 formy. I tu w\u0142a\u015bnie zaczyna si\u0119 \u201eproblem\u201d czyli nasze polskie schody. To kwestia naszej wewn\u0119trznej uczciwo\u015bci i solidno\u015bci. Wynik jest wynik. Jak to si\u0119 m\u00f3wi wynik idzie w \u015bwiat. Ile procent os\u00f3b zada sobie trud \u201enieregulaminowego\u201d sprawdzania wiadomo\u015bci po sprawdzianie? A mo\u017ce to jest nielegalne i naganne? A mo\u017ce nast\u0119pstwem tego b\u0119dzie \u015bledztwo, podpad\u00f3wa i \u201enegatywne zatwierdzenie\u201d awansu, nagrody, ba dalszego zatrudnienia\u2026 Ile procent stwierdzi, \u017ce to cud i przejdzie nad tym do porz\u0105dku dziennego?<br>Jeste\u015bmy podczas zdalnych sprawdzian\u00f3w bezbronni. Jako przyk\u0142ad podam sprawdziany z Podstaw Informatyki. Prowadzimy trzy sprawdziany, w ka\u017cdym jest dwana\u015bcie zada\u0144, a ka\u017cdy prowadz\u0105cy ma zaj\u0119cia dla dziewi\u0119\u0107dziesi\u0119ciu student\u00f3w. Ma wi\u0119c do sprawdzenia 270+ sprawdzian\u00f3w, w kt\u00f3rych jest 3240 zada\u0144. Tu nie odm\u00f3wi\u0119 sobie przyjemno\u015bci skomentowania idei pensum wiecznie \u017cywej jak nie przymierzaj\u0105c kto. Z jednej strony jestem po latach pracy sprawny i wyrobiony jak klapa od \u015bmietnika. Przypominam \u2013 jeden sprawdzian to 12 zada\u0144, kr\u00f3tkich, ale jednak zada\u0144. Sprawdzenie jednej sztuki to 10-15 minut Niech b\u0119dzie 10 minut, stanowisko profucza zobowi\u0105zuje. Daje to 2700 minut sprawdzania, czyli\u2026 dodatkowych 45 godzin do pensum. Z drugiej strony oczywi\u015bcie nikt mi nie ka\u017ce robi\u0107 trzech sprawdzian\u00f3w \u2013 mo\u017ce by\u0107 jeden albo zero. Mog\u0119 przecie\u017c oceni\u0107 \u201ena optyk\u0119\u201d. Dosy\u0107 kopania le\u017c\u0105cego, czyli zn\u0119cania si\u0119 nad nie\u015bmiertelnym pensum. Jak podwy\u017cszy\u0107 poziom rzetelno\u015bci w wystawianiu ocen?<br>Powiem eufemistycznie \u2013 bardziej rzetelne wystawianie ocen mog\u0105 umo\u017cliwi\u0107 moim skromnym zdaniem jedynie dwie mega czasoch\u0142onne zmiany. Pierwsza to w pe\u0142ni spersonalizowane sprawdziany. Sytuacja, kiedy ka\u017cdy temat jest inny leczy \u015bci\u0105ganie, ale jest koszmarem dla prowadz\u0105cych zaj\u0119cia zar\u00f3wno na etapie uk\u0142adania temat\u00f3w jak i sprawdzania prac. Druga to powr\u00f3t do \u017ar\u00f3de\u0142, czyli prawdziwe <em>colloquium<\/em>, czyli rozmowa. Zak\u0142adaj\u0105c dwadzie\u015bcia minut na rozmow\u0119 daje to dodatkowe 90 godzin, co jest oczywi\u015bcie niewykonalne.<br>Oczywi\u015bcie wiem doskonale, \u017ce misj\u0105 uczelni jest przekazywanie wiedzy, ale wydajemy tak\u017ce certyfikaty, czyli dyplomy i powinni\u015bmy to robi\u0107 rzetelnie. Napisa\u0142em tyle s\u0142\u00f3w, bo mam po ostatnim semestrze coraz wi\u0119cej obaw, \u017ce najwi\u0119ksze problemy z zaliczeniem maj\u0105\u2026 uczciwi studenci, a na to nie ma po prostu mojej zgody.<\/p>\n\n\n\n<hr class=\"wp-block-separator\"\/>\n\n\n\n<p><strong>R. Robert Gajewski<\/strong><\/p>\n<div class=\"gsp_post_data\" \r\n\t            data-post_type=\"page\" \r\n\t            data-cat=\"\" \r\n\t            data-modified=\"120\"\r\n\t            data-created=\"1614765480\"\r\n\t            data-title=\"21-Z\/18\" \r\n\t            data-home=\"https:\/\/www.zti.il.pw.edu.pl\"><\/div>","protected":false},"excerpt":{"rendered":"<p>Informator Edukacyjny (18)Marzec 2021 Sprawozdanie z warsztat\u00f3w Zgodnie z zapowiedzi\u0105 w dniach 15-19 lutego przeprowadzi\u0142em prawie sze\u015bciogodzinne warsztaty dotycz\u0105ce zdalnego prowadzenia zaj\u0119\u0107. Ich tematyka by\u0142a dok\u0142adnie taka jak zapowiada\u0142em. Jako pe\u0142nomocnik z\u0142o\u017cy\u0142em sprawozdanie z warsztat\u00f3w Panu Dziekanowi. Stoj\u0119 na stanowisku, \u017ce mo\u017ce i powinna si\u0119 z tymi informacjami zapozna\u0107 tak\u017ce ca\u0142a wsp\u00f3lnota wydzia\u0142owa. Podczas pierwszego &hellip; <\/p>\n<p class=\"link-more\"><a href=\"https:\/\/www.zti.il.pw.edu.pl\/?page_id=5354\" class=\"more-link\">Czytaj dalej<span class=\"screen-reader-text\"> \u201e21-Z\/18\u201d<\/span><\/a><\/p>\n","protected":false},"author":1,"featured_media":0,"parent":0,"menu_order":0,"comment_status":"closed","ping_status":"closed","template":"","meta":{"footnotes":""},"class_list":["post-5354","page","type-page","status-publish","hentry"],"_links":{"self":[{"href":"https:\/\/www.zti.il.pw.edu.pl\/index.php?rest_route=\/wp\/v2\/pages\/5354","targetHints":{"allow":["GET"]}}],"collection":[{"href":"https:\/\/www.zti.il.pw.edu.pl\/index.php?rest_route=\/wp\/v2\/pages"}],"about":[{"href":"https:\/\/www.zti.il.pw.edu.pl\/index.php?rest_route=\/wp\/v2\/types\/page"}],"author":[{"embeddable":true,"href":"https:\/\/www.zti.il.pw.edu.pl\/index.php?rest_route=\/wp\/v2\/users\/1"}],"replies":[{"embeddable":true,"href":"https:\/\/www.zti.il.pw.edu.pl\/index.php?rest_route=%2Fwp%2Fv2%2Fcomments&post=5354"}],"version-history":[{"count":3,"href":"https:\/\/www.zti.il.pw.edu.pl\/index.php?rest_route=\/wp\/v2\/pages\/5354\/revisions"}],"predecessor-version":[{"id":5361,"href":"https:\/\/www.zti.il.pw.edu.pl\/index.php?rest_route=\/wp\/v2\/pages\/5354\/revisions\/5361"}],"wp:attachment":[{"href":"https:\/\/www.zti.il.pw.edu.pl\/index.php?rest_route=%2Fwp%2Fv2%2Fmedia&parent=5354"}],"curies":[{"name":"wp","href":"https:\/\/api.w.org\/{rel}","templated":true}]}}