{"id":5736,"date":"2021-06-22T13:16:42","date_gmt":"2021-06-22T11:16:42","guid":{"rendered":"http:\/\/www.zti.il.pw.edu.pl\/?page_id=5736"},"modified":"2021-06-22T13:16:42","modified_gmt":"2021-06-22T11:16:42","slug":"21-l-24","status":"publish","type":"page","link":"https:\/\/www.zti.il.pw.edu.pl\/?page_id=5736","title":{"rendered":"21-L\/24"},"content":{"rendered":"\n<h2 class=\"wp-block-heading\"><strong>Informator Edukacyjny (24)<br>22 06 2021 r.<\/strong><\/h2>\n\n\n\n<hr class=\"wp-block-separator\"\/>\n\n\n\n<h2 class=\"wp-block-heading\">Precyzja czy nadgorliwo\u015b\u0107?<\/h2>\n\n\n\n<p>Nie ukrywam, zbarania\u0142em, gdy przeczyta\u0142em w programie rady punkt 3.2 Wyra\u017cenie opinii Rady Wydzia\u0142u w sprawie przyj\u0119cia za\u0142o\u017ce\u0144 b\u0119d\u0105cych podstaw\u0105 do realizacji dydaktyki w r.a. 2021\/2022. Da\u0142em temu wyraz w Informatorze Edukacyjnym, bo by\u0142em w 100% przekonany, \u017ce te za\u0142o\u017cenia dotycz\u0105 trybu prowadzenia zaj\u0119\u0107, o czym m\u00f3wi\u0119 i pisze prawie od roku. Stacjonarnie w sali, zdalnie w Teams, w trybie hybrid a mo\u017ce blended. Moj\u0105 pewno\u015b\u0107 utwierdzi\u0142a lektura programu obrad i protoko\u0142u sprzed roku. Cytuj\u0119 nie z pami\u0119ci, kt\u00f3ra bywa zawodna, ale z dokumentu, kt\u00f3ry mam otwarty. 3.4 Podj\u0119cie uchwa\u0142y Rady Wydzia\u0142u w sprawie dostosowania realizacji dydaktyki do wymaga\u0144 nowego Regulaminu pracy PW \u2013 tyle program. Si\u0119gam do protoko\u0142u \u2013 na stronie 12 jest w gustownej ramce Uchwa\u0142a Rady Wydzia\u0142u z dnia 27 maja 2021 w sprawie w dostosowania realizacji dydaktyki do wymaga\u0144 nowego Regulaminu pracy PW. Dla mnie to pora\u017caj\u0105ca oczywista oczywisto\u015b\u0107, \u017ce w programie jest umieszczony tytu\u0142 (przedmiot) uchwa\u0142y i taka uchwa\u0142a jest procedowana i g\u0142osowana. Tyle materialne fakty, co do kt\u00f3rych nie mam zamiaru dalej dyskutowa\u0107.<br>We wczorajszej radzie uczestniczy\u0142em z doskoku, poniewa\u017c o 10:40 mia\u0142em szczepienie. Jest na szcz\u0119\u015bcie mo\u017cliwo\u015b\u0107 si\u0119gni\u0119cia do nagrania. Przecieram oczy z e zdumienia \u2013 w 36 minucie i 41 sekundzie jest na ekranie jak przys\u0142owiowy byk: UCHWA\u0141A nr\u2026\/\u2026\/2021 Rady Wydzia\u0142u In\u017cynierii L\u0105dowej Politechniki Warszawskiej z dnia 26 maja 2021 w sprawie dostosowania realizacji dydaktyki do wymaga\u0144 Regulaminu pracy PW. Tylko tyle i a\u017c tyle. Nie rozumiem, dlaczego w tym roku w programie zamiast podj\u0119cia uchwa\u0142y w typowej sprawie by\u0142a opinia w sprawie przyj\u0119cia za\u0142o\u017ce\u0144. W rzeczonej uchwale nigdzie nie wyst\u0119puje zreszt\u0105 s\u0142owo opinia.<br>Od roku pisz\u0119 w Informatorze Edukacyjnym ku mojemu zdumieniu cytowanym kilka razy na radzie o konieczno\u015bci tak\u017ce instytucjonalnej dyskusji na temat m\u00f3wi\u0105c g\u00f3rnolotnie przysz\u0142o\u015bci kszta\u0142cenia. Przy ca\u0142ym szacunku nie zast\u0105pi tego zbieranie dobrych praktyk zdalnego nauczania. Opini\u0119 z programu rady uzna\u0142em nie za standardowe dostosowanie realizacji, ale w\u0142a\u015bnie za opini\u0119 w kluczowej sprawie \u2013 jak kszta\u0142ci\u0107. Dlatego kolejny raz wyrazi\u0142em moje zdanie w tej sprawie, jak si\u0119 okaza\u0142o zupe\u0142nie zbytecznie. Bo najwa\u017cniejsze s\u0105 przecie\u017c godziny, pensum i liczebno\u015bci grup, czy\u017c nie?<\/p>\n\n\n\n<hr class=\"wp-block-separator\"\/>\n\n\n\n<h2 class=\"wp-block-heading\">Pozamiatane?<\/h2>\n\n\n\n<p>Minister Czarnek zapowiedzia\u0142: <strong><a href=\"https:\/\/www.rmf24.pl\/raporty\/raport-koronawirus-z-chin\/polska\/news-studenci-wroca-na-uczelnie-czarnek-zapowiada,nId,5259270#crp_state=1\">Studenci wr\u00f3c\u0105 na uczelnie<\/a><\/strong> \u2013 tyle krzyczy tytu\u0142, ale diabe\u0142 tkwi w szczeg\u00f3\u0142ach. Studenci wr\u00f3c\u0105 do nauki stacjonarnej na uczelniach od 1 pa\u017adziernika, je\u015bli warunki pandemiczne nie zmieni\u0105 si\u0119 na gorsze \u2013 tyle tekst dziennikarki. A jak wygl\u0105da cytat? Wszystko wskazuje na to, \u017ce powinno by\u0107 dobrze, w zwi\u0105zku z tym, \u017ce szczepimy si\u0119 i ta odporno\u015b\u0107 spo\u0142ecze\u0144stwa jest na coraz wy\u017cszym poziomie, to od pierwszego pa\u017adziernika studenci wracaj\u0105 do nauki stacjonarnej. Czyli takie lekkie odwr\u00f3cenie kolejno\u015bci. Niestety nie zgadzam si\u0119 z innym stwierdzeniem dotycz\u0105cym tego, \u017ce ju\u017c dzisiaj by\u0142yby takie warunki, bo mo\u017cna ju\u017c dzisiaj prowadzi\u0107 zaj\u0119cia, r\u00f3wnie\u017c te stacjonarne. S\u0142ucham, jak si\u0119 otwieraj\u0105 restauracje \u2013 co drugi stolik, 1.5 metra dystansu.<br>Rok temu pierwszy raz pod koniec wiosny, drugi raz pod koniec lata wieszczono zwyci\u0119stwo nad pandemi\u0105 i koniec koronawirusa. Jestem wi\u0119c realist\u0105 i sceptykiem. Wczoraj zmar\u0142o na COVID 135 os\u00f3b. Kto\u015b powie, \u017ce ludzie zawsze umieraj\u0105 na raka, na serce. Tak, ale to nadprogramowe \u015bmierci. To kolejna codzienna katastrofa sporego samolotu pasa\u017cerskiego. Rakiem ani zawa\u0142em nie da si\u0119 zarazi\u0107, koronawirusem tak. Dlatego dla mnie te COVID\u2019owe \u015bmierci robi\u0105 zasadnicz\u0105 r\u00f3\u017cnic\u0119! I zdania w tej sprawie nie zmieni\u0119. Powt\u00f3rz\u0119 \u2013 chory na raka nikogo tym rakiem nie narazi na \u015bmier\u0107, chory na COVID tak. I to jest ta fundamentalna r\u00f3\u017cnica, z kt\u00f3rej my\u015bl\u0105cy ludzie powinni zdawa\u0107 sobie spraw\u0119.<br>Przyznaj\u0119 szczerze, \u017ce \u015brednio sobie wyobra\u017cam techniczn\u0105 stron\u0119 stacjonarnego prowadzenia zaj\u0119\u0107. Czy prowadz\u0105cego b\u0119dzie oddziela\u0107 \u015bcianka z pleksi? Czy wszyscy b\u0119d\u0105 musieli mie\u0107 maseczki, prowadz\u0105cy te\u017c? Czy b\u0119dzie podzia\u0142 na szczepionych i nie? A co z tym absolutnie bezpo\u015brednim pytaniem typu prosz\u0119 mi powiedzie\u0107, dlaczego to mi si\u0119 wy\u015bwietla na ekranie? Oczywi\u015bcie w tych kwestiach \u0142atwo sobie mog\u0119 wyobrazi\u0107 drabink\u0119. Minister pozostawi szczeg\u00f3\u0142y Rektorom. Rektorzy przerzuc\u0105 to na Dziekan\u00f3w. Dziekani skieruj\u0105 do Dyrektor\u00f3w. Dyrektorzy do Kierownik\u00f3w. A kierownicy do\u2026 Koordynator\u00f3w przedmiot\u00f3w. I koordynator tak jak ustala\u0142 regulamin zaliczania przedmiotu b\u0119dzie okre\u015bla\u0142 w\u0142asne unikatowe regu\u0142y techniczne prowadzenia zaj\u0119\u0107.<br>Sk\u0105d tytu\u0142 pozamiatane? Przez rok pisa\u0142em o konieczno\u015bci reformowania kszta\u0142cenia. Teraz jak widz\u0119, je\u015bli nie nast\u0105pi katastrofa i nawr\u00f3t pandemii wracamy w stare utarte i sprawdzone tory nauczania stacjonarnego. Zostaj\u0119 wi\u0119c z moim pytaniem o tryb hybrid czy blended jak chory z drzwiami lub Himilsbach z angielskim. Przyjdzie mi by\u0107 mo\u017ce odszczeka\u0107 stwierdzenie, \u017ce nie b\u0119dzie pe\u0142nego i automatycznego powrotu do nauczania stacjonarnego. B\u0119dzie najprawdopodobniej pe\u0142en powr\u00f3t do tego co by\u0142o, wr\u00f3ci stary \u0142ad\u2026<\/p>\n\n\n\n<hr class=\"wp-block-separator\"\/>\n\n\n\n<h2 class=\"wp-block-heading\">Dwa uczelniane webinaria\u2026<\/h2>\n\n\n\n<p>Us\u0142ysza\u0142em opini\u0119, \u017ce jestem subiektywnie wpatrzony w innych, a nie doceniam tego, co jest u nas. Zacznijmy od pocz\u0105tku. Pi\u0105tkowe, cotygodniowe spotkania na PG trwaj\u0105 90 minut i jest to czas dla prelegenta, potem jest d\u0142uga dyskusja. Na naszym webinarium by\u0142o 10-15 minut, czyli 6-9 razy mniej. Co wi\u0119cej u nas by\u0142y dwa spotkania, a na PG s\u0105 regularne cotygodniowe spotkania od listopada 2020. Tyle fakty, a teraz b\u0119d\u0119 patriotycznie wychwala\u0142 to, co robimy u nas. Ot\u00f3\u017c jak ju\u017c wspomina\u0142em odby\u0142y si\u0119 dwa webinaria: <strong><a href=\"https:\/\/www.pw.edu.pl\/Aktualnosci\/Webinarium-Uczmy-sie-dobre-praktyki-w-nauczaniu-zdalnym-na-PW\">pod koniec maja<\/a><\/strong> i <strong><a href=\"https:\/\/www.pw.edu.pl\/Aktualnosci\/Webinarium-o-dobrych-praktykach-w-nauczaniu-zdalnym-na-PW-cz.-II\">na pocz\u0105tku czerwca<\/a><\/strong>. mia\u0142o miejsce dziesi\u0119\u0107 wyst\u0105pie\u0144, kt\u00f3re maj\u0105 kluczowe znaczenie dla rozwoju kszta\u0142cenia na uczelni. Wyst\u0105pienia te dotyczy\u0142y takich istotnych i kluczowych zagadnie\u0144 takich jak: nauczanie zdalne jako sztuka skupiania uwagi, przej\u015bcie z laboratorium stacjonarnego do zdalnego, jak zrozumie\u0107 zdanie matematyk\u0119, jak ci\u0105gle adaptowa\u0107 si\u0119 do bie\u017c\u0105cego stanu \u015bwiata, wykorzystanie stanowisk laboratoryjnych z dost\u0119pem zdalnym. Poruszone by\u0142y tak\u017ce tematy o znaczeniu bardziej og\u00f3lnym takie jak: jak wygl\u0105da nauczanie zdalne w praktyce i czego nauczyli\u015bmy si\u0119 jako prowadz\u0105cy, \u017ce nie wspomn\u0119 o moich plusach dodatnich i ujemnych.<\/p>\n\n\n\n<ul class=\"wp-block-list\"><li>prof. dr hab. in\u017c. Marek Henczka &#8211; Nauczanie zdalne jako sztuka skupiania uwagi<\/li><li>dr Katarzyna Affek i dr hab. in\u017c. Adam Muszy\u0144ski, prof. uczelni &#8211; From (Lab) Room to (Lab) Zoom<\/li><li>dr hab. in\u017c. Ryszard Gajewski, prof. uczelni &#8211; Edukacja pandemiczna: plusy dodatnie i ujemne<\/li><li>dr Katarzyna Matczak &#8211; Zrozumie\u0107 Matematyk\u0119 zdalnie<\/li><li>dr hab. in\u017c. Wioletta Rar\u00f3g-Pilecka, prof. Uczelni &#8211; Edukacja w czasach zarazy \u2013 dyskusja o konieczno\u015bci ci\u0105g\u0142ej adaptacji do bie\u017c\u0105cego stanu \u015bwiata<\/li><li>dr in\u017c. Micha\u0142 Struzik &#8211; Po obu stronach s\u0105 ludzie \u2013 nauczanie zdalne w praktyce<\/li><li>dr in\u017c. Sebastian Korczak &#8211; Laboratoria z wykorzystaniem stanowisk z dost\u0119pem zdalnym<\/li><li>mgr in\u017c. Micha\u0142 Zwierzy\u0144ski &#8211; Czego si\u0119 nauczyli\u015bmy jako prowadz\u0105cy oraz czego nauczyli\u015bmy student\u00f3w po roku nauczania zdalnego<\/li><li>dr in\u017c. Grzegorz Dobrzy\u0144ski, PBL jako narz\u0119dzie wsparcia zaanga\u017cowania studenta w proces kszta\u0142cenia<\/li><li>dr in\u017c. Justyna Smagowicz, Jak uczy\u0107 zarz\u0105dzania produkcj\u0105 w ramach nauczania zdalnego<\/li><\/ul>\n\n\n\n<hr class=\"wp-block-separator\"\/>\n\n\n\n<h2 class=\"wp-block-heading\">Zjazd Dziekan\u00f3w<\/h2>\n\n\n\n<p>Na <strong><a href=\"https:\/\/zjazddziekanow.il.pw.edu.pl\/galeria\/\">Zje\u017adzie Dziekan\u00f3w<\/a><\/strong> mia\u0142em zaszczyt wykona\u0107 pi\u0119tnastominutow\u0105 prezentacj\u0119 dotycz\u0105c\u0105 szeroko rozumianej informatyzacji procesu kszta\u0142cenia. Moim starym zwyczajem w ramach pr\u00f3b przed tym \u017cyciowym wyst\u0105pieniem \u2013 s\u0142ucha\u0142o mnie co najmniej dwudziestu Dziekan\u00f3w i jeden Rektor \u2013 <strong><a href=\"https:\/\/www.zti.il.pw.edu.pl\/?p=5681\">zrobi\u0142em pr\u00f3bne nagranie<\/a><\/strong>. Na portalu zti pope\u0142ni\u0142em kilka wpis\u00f3w zawieraj\u0105cych <strong><a href=\"https:\/\/www.zti.il.pw.edu.pl\/?p=5700\">moje refleksje po zje\u017adzie<\/a><\/strong>, ale poniewa\u017c nie ka\u017cdy tam zagl\u0105da i jest tam tego zdecydowanie du\u017co skr\u00f3t dla czytelnik\u00f3w informatora.<br>Pierwszy dzie\u0144 to by\u0142a niezwykle smakowita dyskusja na temat pomys\u0142u studi\u00f3w jednostopniowych. Jest to olbrzymia szansa na przywr\u00f3cenie starego blasku studiom na kierunku budownictwo. Bardzo zaskoczy\u0142 mnie jeden z g\u0142os\u00f3w w dyskusji. Z racji wprowadzenia zasady zaprojektuj i zbuduj spada zainteresowanie\u2026 projektowaniem, bo w projektowaniu jest mniej pieni\u0119dzy! \u015awiatem rz\u0105dzi pieni\u0105dz. Kiedy\u015b wszyscy chcieli by\u0107 projektantami. Dzi\u015b wystarczy by\u0107 in\u017cynierem, zdoby\u0107 uprawnienia i jedziemy. Dok\u0105d nie tylko jako wydzia\u0142?<br>Przy podziale na zespo\u0142y tematyczne zwi\u0105zane z grupami przedmiot\u00f3w mi\u0142e dla mojego ucha by\u0142y g\u0142osy dotycz\u0105ce roli, miejsca i znaczenia mechaniki. Kierownik budowy musi rozumie\u0107 i zna\u0107 mechanik\u0119! No bo to on jest odpowiedzialny za zdrowie i \u017cycie ludzi. B\u0142\u0119dy w biurze projekt\u00f3w mo\u017ce skorygowa\u0107 kolega lub weryfikator. Przy b\u0142\u0119dach na budowie cz\u0119sto pojawia si\u0119 Pan Prokurator. Pisz\u0119 o tym w kontek\u015bcie naszego \u201erewolucyjnego\u201d pomys\u0142u, aby na czwartym semestrze studenci poznawali zasady obs\u0142ugi z\u0142o\u017conych program\u00f3w MES przed poznaniem zasad mechaniki. Kolejny raz przestrzegam i ostrzegam \u2013 nie id\u017amy t\u0105 drog\u0105\u2026<\/p>\n\n\n\n<hr class=\"wp-block-separator\"\/>\n\n\n\n<p>R. Robert Gajewski<\/p>\n<div class=\"gsp_post_data\" \r\n\t            data-post_type=\"page\" \r\n\t            data-cat=\"\" \r\n\t            data-modified=\"120\"\r\n\t            data-created=\"1624367802\"\r\n\t            data-title=\"21-L\/24\" \r\n\t            data-home=\"https:\/\/www.zti.il.pw.edu.pl\"><\/div>","protected":false},"excerpt":{"rendered":"<p>Informator Edukacyjny (24)22 06 2021 r. Precyzja czy nadgorliwo\u015b\u0107? Nie ukrywam, zbarania\u0142em, gdy przeczyta\u0142em w programie rady punkt 3.2 Wyra\u017cenie opinii Rady Wydzia\u0142u w sprawie przyj\u0119cia za\u0142o\u017ce\u0144 b\u0119d\u0105cych podstaw\u0105 do realizacji dydaktyki w r.a. 2021\/2022. Da\u0142em temu wyraz w Informatorze Edukacyjnym, bo by\u0142em w 100% przekonany, \u017ce te za\u0142o\u017cenia dotycz\u0105 trybu prowadzenia zaj\u0119\u0107, o czym &hellip; <\/p>\n<p class=\"link-more\"><a href=\"https:\/\/www.zti.il.pw.edu.pl\/?page_id=5736\" class=\"more-link\">Czytaj dalej<span class=\"screen-reader-text\"> \u201e21-L\/24\u201d<\/span><\/a><\/p>\n","protected":false},"author":1,"featured_media":0,"parent":0,"menu_order":0,"comment_status":"closed","ping_status":"closed","template":"","meta":{"footnotes":""},"class_list":["post-5736","page","type-page","status-publish","hentry"],"_links":{"self":[{"href":"https:\/\/www.zti.il.pw.edu.pl\/index.php?rest_route=\/wp\/v2\/pages\/5736","targetHints":{"allow":["GET"]}}],"collection":[{"href":"https:\/\/www.zti.il.pw.edu.pl\/index.php?rest_route=\/wp\/v2\/pages"}],"about":[{"href":"https:\/\/www.zti.il.pw.edu.pl\/index.php?rest_route=\/wp\/v2\/types\/page"}],"author":[{"embeddable":true,"href":"https:\/\/www.zti.il.pw.edu.pl\/index.php?rest_route=\/wp\/v2\/users\/1"}],"replies":[{"embeddable":true,"href":"https:\/\/www.zti.il.pw.edu.pl\/index.php?rest_route=%2Fwp%2Fv2%2Fcomments&post=5736"}],"version-history":[{"count":1,"href":"https:\/\/www.zti.il.pw.edu.pl\/index.php?rest_route=\/wp\/v2\/pages\/5736\/revisions"}],"predecessor-version":[{"id":5737,"href":"https:\/\/www.zti.il.pw.edu.pl\/index.php?rest_route=\/wp\/v2\/pages\/5736\/revisions\/5737"}],"wp:attachment":[{"href":"https:\/\/www.zti.il.pw.edu.pl\/index.php?rest_route=%2Fwp%2Fv2%2Fmedia&parent=5736"}],"curies":[{"name":"wp","href":"https:\/\/api.w.org\/{rel}","templated":true}]}}