{"id":6176,"date":"2022-07-28T17:07:23","date_gmt":"2022-07-28T15:07:23","guid":{"rendered":"http:\/\/www.zti.il.pw.edu.pl\/?page_id=6176"},"modified":"2022-07-28T17:07:23","modified_gmt":"2022-07-28T15:07:23","slug":"wyprowadzka","status":"publish","type":"page","link":"https:\/\/www.zti.il.pw.edu.pl\/?page_id=6176","title":{"rendered":"Wyprowadzka"},"content":{"rendered":"\n<h1 class=\"wp-block-heading\">Wielka wyprowadzka\u2026<\/h1>\n\n\n\n<p>Ten tekst powstawa\u0142 od marca tego roku w pe\u0142nym porozumieniu i jedno\u015bci duchowej z W\u0142adzami Wydzia\u0142u. Wyprowadzka zasob\u00f3w edukacyjnych na uczelniany Moodle, o czym m\u00f3wi\u0142em na Radzie Wydzia\u0142u to nie fakt medialny, ale fakt faktyczny. Z nowym rokiem (akademickim) r\u00f3wnym krokiem b\u0119dziemy jako skazani na sukces pod\u0105\u017ca\u0107 ku pe\u0142nemu wykorzystaniu potencja\u0142u uczelnianej platformy edukacyjnej Moodle. Stron\u0119 techniczn\u0105 przenosin kurs\u00f3w opisa\u0142em szczeg\u00f3\u0142owo na wygaszanym stopniowo portalu wydzia\u0142owym w kursie dedykowanym <a href=\"https:\/\/pele.il.pw.edu.pl\/moodle\/course\/view.php?id=479\">Wielkiej Wyprowadzce<\/a>. W tym nadzwyczajnie ostatnim numerze Informatora Edukacyjnego b\u0119dzie kilka s\u0142\u00f3w na temat filozofii samych zmian.<\/p>\n\n\n\n<h1 class=\"wp-block-heading\">Uczelniany Moodle<\/h1>\n\n\n\n<p>Og\u00f3lnowojskowa definicja dzidy bojowej jest bardzo prosta. Dzida bojowa sk\u0142ada si\u0119 z trzech cz\u0119\u015bci: przeddzidzia, zadzidzia i dzidy w\u0142a\u015bciwej. Uczelniany Moodle sk\u0142ada si\u0119 z trzech instancji: w\u0142a\u015bciwej platformy Moodle, piaskownicy, czyli sandbox oraz archiwum lub wr\u0119cz archiw\u00f3w\u2026 No to przejd\u017amy do szczeg\u00f3\u0142\u00f3w tych trzech instancji.<\/p>\n\n\n\n<ul class=\"wp-block-list\"><li>Moodle w\u0142a\u015bciwy ma adres <a href=\"https:\/\/moodle.usos.pw.edu.pl\/\">moodle.usos.pw.edu.pl<\/a> i jest \u201epowo\u0142ywany\u201d do \u017cycia na dok\u0142adnie jeden rok akademicki po zako\u0144czeniu jesiennej sesji, czyli w drugiej po\u0142owie wrze\u015bnia. \u0141atwo si\u0119 domy\u015bli\u0107, \u017ce jego koniec \u017cycia up\u0142ywa z ko\u0144cem roku akademickiego. Koniec \u017cycia nie oznacza jednak likwidacji. Portal zostaje zamkni\u0119ty i jest dost\u0119pny jako archiwum ju\u017c pod innym adresem<\/li><li>Archiwum Moodle (zgodnie z aktualnym stanem tylko jedno) ma adres <a href=\"https:\/\/moodle2020.usos.pw.edu.pl\/\">moodle2020.usos.pw.edu.pl<\/a> \u2013 cztery cyferki to rok, w kt\u00f3rym powsta\u0142 portal. W archiwum jak to w archiwum nie mo\u017cna oczywi\u015bcie nic zmieni\u0107. Domy\u015blam si\u0119, \u017ce czas \u201e\u017cycia\u201d czyli utrzymywania archiwum b\u0119dzie zgodny z przepisami dotycz\u0105cymi archiwizacji. Od pa\u017adziernika b\u0119d\u0105 wi\u0119c najprawdopodobniej dwa archiwa, jedno ze stemplem 2020 drugie 2021.<\/li><li>Sandbox czyli piaskownica o adresie <a href=\"https:\/\/moodlepreprd.usos.pw.edu.pl\/login\/index.php\">moodlepreprd.usos.pw.edu.pl<\/a> to wersje <strong>preprod<\/strong>ukcyjna, st\u0105d taka a nie inna nazwa. W tej instancji mo\u017cna poprosi\u0107 o za\u0142o\u017cenie kursu, kt\u00f3ry b\u0119dzie w\u0142a\u015bnie tak\u0105 wersj\u0105 preprodukcyjn\u0105.<\/li><\/ul>\n\n\n\n<p>Najwa\u017cniejszy jest oczywi\u015bcie \u201eMoodle w\u0142a\u015bciwy\u201d \u2013 kursy s\u0105 tu zak\u0142adane w zasadzie automatycznie za po\u015brednictwem USOS \u2013 podobnie automatycznie odbywa si\u0119 zapisywanie Student\u00f3w.<\/p>\n\n\n\n<h1 class=\"wp-block-heading\">Nasze dzi\u015b i jutro\u2026<\/h1>\n\n\n\n<p>W chwili, gdy pisz\u0119 te s\u0142owa, czyli 6 lipca zak\u0142adanie kurs\u00f3w na w\u0142a\u015bciwym Moodle nie ma sensu i by\u0107 mo\u017ce jest po prostu niemo\u017cliwe. No bo po co komu w lipcu kurs, kt\u00f3ry zacz\u0105\u0142 si\u0119 w pa\u017adzierniku ubieg\u0142ego roku lub lutym tego roku\u2026<\/p>\n\n\n\n<p>Co wi\u0119c mo\u017cemy zrobi\u0107 przez wakacje? Sprawdzi\u0107, czy nie mamy mimo mojego precyzyjnego opisu \u017cadnych problem\u00f3w z przenoszeniem kursu. Do tego trzeba oczywi\u015bcie poprosi\u0107 o za\u0142o\u017cenie kursu na platformie \u201etreningowej\u201d, preprodukcyjnej.<\/p>\n\n\n\n<p>To wszystko mo\u017cemy i powinni\u015bmy zrobi\u0107 \u201edzi\u015b\u201d, czyli przed 1 pa\u017adziernika. Po tej dacie portal wydzia\u0142owy b\u0119dzie stopniowo wygaszany \u2013 pierwszy etap wygaszania to dost\u0119pno\u015b\u0107 portalu jedynie z \u201eadres\u00f3w wydzia\u0142owych\u201d, czyli praktyczna niedost\u0119pno\u015b\u0107 dla Student\u00f3w. Zach\u0119cam wi\u0119c jeszcze raz gor\u0105co do podj\u0119cia wakacyjnego czynu i treningowego wykonania przenosin jednego kursu do piaskownicy.<\/p>\n\n\n\n<h1 class=\"wp-block-heading\">Plusy dodatnie i ujemne<\/h1>\n\n\n\n<p>Nie ma rzeczywistych, realnych i idealnych rozwi\u0105za\u0144 \u2013 wszystko jest kwesti\u0105 mniej lub bardziej zgni\u0142ego kompromisu. Wydzia\u0142owy Moodle \u201eproponowa\u0142\u201d jeden, ci\u0105gle ten sam, kurs z danego przedmiotu. Plus dodatni jest oczywisty \u2013 kurs by\u0142 zawsze gotowy do u\u017cycia. Plus ujemny dotyka\u0142 tylko tych, kt\u00f3rzy wykorzystywali Moodle nie tylko jako repozytorium materia\u0142\u00f3w dydaktycznych. Przez lata kumulowa\u0142y si\u0119 kolejne oddawane prace, wyniki z test\u00f3w. Tak to wygl\u0105da\u0142o na wydzia\u0142owym Moodle.<\/p>\n\n\n\n<p>Na uczelnianym Moodle czas trwania, \u017cycia kursu to rok akademicki. W kolejnym nowym roku trzeba \u201eodtworzy\u0107\u201d stary kurs, co dok\u0142adnie opisa\u0142em. To by\u0107 mo\u017ce dla niekt\u00f3rych b\u0119dzie plus ujemny \u2013 trzeba co\u015b zrobi\u0107, bo samo si\u0119 nie zrobi, samo si\u0119 jedynie psuje, a\u017c si\u0119 zepsuje. Plus dodatni jest jednak oczywisty \u2013 mamy na kursie jedynie osoby z danego roku akademickiego, kt\u00f3rych wyniki zostan\u0105 automatycznie zarchiwizowane. Dla mnie wszystkie plusy dodatnie uczelnianego portalu Moodle wiele razy przewy\u017cszaj\u0105 ten jeden minus \u2013 konieczno\u015b\u0107 odtworzenia kursu.<\/p>\n\n\n\n<p>R. Robert Gajewski<br>Wo\u0142omin, 28 lipca 2022 r.<\/p>\n<div class=\"gsp_post_data\" \r\n\t            data-post_type=\"page\" \r\n\t            data-cat=\"\" \r\n\t            data-modified=\"120\"\r\n\t            data-created=\"1659028043\"\r\n\t            data-title=\"Wyprowadzka\" \r\n\t            data-home=\"https:\/\/www.zti.il.pw.edu.pl\"><\/div>","protected":false},"excerpt":{"rendered":"<p>Wielka wyprowadzka\u2026 Ten tekst powstawa\u0142 od marca tego roku w pe\u0142nym porozumieniu i jedno\u015bci duchowej z W\u0142adzami Wydzia\u0142u. Wyprowadzka zasob\u00f3w edukacyjnych na uczelniany Moodle, o czym m\u00f3wi\u0142em na Radzie Wydzia\u0142u to nie fakt medialny, ale fakt faktyczny. Z nowym rokiem (akademickim) r\u00f3wnym krokiem b\u0119dziemy jako skazani na sukces pod\u0105\u017ca\u0107 ku pe\u0142nemu wykorzystaniu potencja\u0142u uczelnianej platformy &hellip; <\/p>\n<p class=\"link-more\"><a href=\"https:\/\/www.zti.il.pw.edu.pl\/?page_id=6176\" class=\"more-link\">Czytaj dalej<span class=\"screen-reader-text\"> \u201eWyprowadzka\u201d<\/span><\/a><\/p>\n","protected":false},"author":1,"featured_media":0,"parent":0,"menu_order":0,"comment_status":"closed","ping_status":"closed","template":"","meta":{"footnotes":""},"class_list":["post-6176","page","type-page","status-publish","hentry"],"_links":{"self":[{"href":"https:\/\/www.zti.il.pw.edu.pl\/index.php?rest_route=\/wp\/v2\/pages\/6176","targetHints":{"allow":["GET"]}}],"collection":[{"href":"https:\/\/www.zti.il.pw.edu.pl\/index.php?rest_route=\/wp\/v2\/pages"}],"about":[{"href":"https:\/\/www.zti.il.pw.edu.pl\/index.php?rest_route=\/wp\/v2\/types\/page"}],"author":[{"embeddable":true,"href":"https:\/\/www.zti.il.pw.edu.pl\/index.php?rest_route=\/wp\/v2\/users\/1"}],"replies":[{"embeddable":true,"href":"https:\/\/www.zti.il.pw.edu.pl\/index.php?rest_route=%2Fwp%2Fv2%2Fcomments&post=6176"}],"version-history":[{"count":1,"href":"https:\/\/www.zti.il.pw.edu.pl\/index.php?rest_route=\/wp\/v2\/pages\/6176\/revisions"}],"predecessor-version":[{"id":6177,"href":"https:\/\/www.zti.il.pw.edu.pl\/index.php?rest_route=\/wp\/v2\/pages\/6176\/revisions\/6177"}],"wp:attachment":[{"href":"https:\/\/www.zti.il.pw.edu.pl\/index.php?rest_route=%2Fwp%2Fv2%2Fmedia&parent=6176"}],"curies":[{"name":"wp","href":"https:\/\/api.w.org\/{rel}","templated":true}]}}