{"id":75,"date":"2012-10-23T19:45:38","date_gmt":"2012-10-23T17:45:38","guid":{"rendered":"http:\/\/www.zti.il.pw.edu.pl\/?page_id=75"},"modified":"2016-02-27T15:58:33","modified_gmt":"2016-02-27T14:58:33","slug":"r-robert-gajewski","status":"publish","type":"page","link":"https:\/\/www.zti.il.pw.edu.pl\/?page_id=75","title":{"rendered":"R.Robert Gajewski"},"content":{"rendered":"<p>Semestr letni RA 2015-16<br \/>\nWyk\u0142ad: In\u017cynieria System\u00f3w w Budownictwie, \u015broda, 8:15-10:00, sala 22<br \/>\nWyk\u0142ad: Podstawy Informatyki, niedziela, 8:15-9:00, sala 301<br \/>\n\u0106wiczenia: Podstawy Informatyki, niedziela, 9:15-13:00, sala 20<br \/>\nZaj\u0119cia: Metody Obliczeniowe, niedziela, 13:15-16:00, sala 20<br \/>\nZaj\u0119cia: Metody Obliczeniowe, poniedzia\u0142ek, 11:15:14:00, sala 431<br \/>\nKonsultacje: poniedzia\u0142ek, 10:15-11:00, sala 332A<\/p>\n<hr>\n<p>R.Robert Gajewski<\/p>\n<ul>\n<li><a title=\"rogaj\" href=\"http:\/\/rogaj.net\" target=\"_blank\">Strona domowa<\/a><\/li>\n<li><a title=\"iedu\" href=\"http:\/\/iedu.pl\" target=\"_blank\">Blog na temat edukacji<\/a><\/li>\n<li><a title=\"GoogleScholar\" href=\"http:\/\/scholar.google.pl\/citations?user=HtyUvPMAAAAJ&amp;hl=pl&amp;oi=ao\" target=\"_blank\">Google Scholar<\/a><\/li>\n<li><a title=\"orcid\" href=\"http:\/\/orcid.org\/0000-0002-2521-6559\" target=\"_blank\">ORCID<\/a><\/li>\n<li><a title=\"ResearchID\" href=\"http:\/\/www.researcherid.com\/rid\/A-8785-2013\" target=\"_blank\">Research ID<\/a><\/li>\n<li><a title=\"pbn\" href=\"https:\/\/pbn.nauka.gov.pl\/search?searchCategory=WORK&amp;filter.globalKey=ryszard+robert+gajewski&amp;search.x=0&amp;search.y=0\" target=\"_blank\">Polska Bibliografia Naukowa<\/a><\/li>\n<li><a title=\"scopus\" href=\"https:\/\/www.scopus.com\/results\/savedList.url?sort=plfdt-f&amp;listId=3778185&amp;src=s&amp;imp=t&amp;sid=DA46026B849663A51C74BB12C29CEFAC.y7ESLndDIsN8cE7qwvy6w%3a460&amp;sot=sl&amp;sdt=sl&amp;sl=0&amp;origin=savedlist&amp;txGid=DA46026B849663A51C74BB12C29CEFAC.y7ESLndDIsN8cE7qwvy6w%3a46\" target=\"_blank\">Scopus<\/a><\/li>\n<li><a title=\"PoP\" href=\"http:\/\/www.harzing.com\/pop.htm\" target=\"_blank\">Publish or Perish<\/a><\/li>\n<\/ul>\n<p><a href=\"http:\/\/www.zti.il.pw.edu.pl\/wp-content\/uploads\/2012\/10\/pop.gif\"><img loading=\"lazy\" decoding=\"async\" class=\"alignnone size-full wp-image-294\" alt=\"pop\" src=\"http:\/\/www.zti.il.pw.edu.pl\/wp-content\/uploads\/2012\/10\/pop.gif\" width=\"772\" height=\"498\" \/><\/a><\/p>\n<p>&nbsp;<\/p>\n<div class=\"gsp_post_data\" \r\n\t            data-post_type=\"page\" \r\n\t            data-cat=\"\" \r\n\t            data-modified=\"120\"\r\n\t            data-created=\"1351021538\"\r\n\t            data-title=\"R.Robert Gajewski\" \r\n\t            data-home=\"https:\/\/www.zti.il.pw.edu.pl\"><\/div>","protected":false},"excerpt":{"rendered":"<p>Semestr letni RA 2015-16 Wyk\u0142ad: In\u017cynieria System\u00f3w w Budownictwie, \u015broda, 8:15-10:00, sala 22 Wyk\u0142ad: Podstawy Informatyki, niedziela, 8:15-9:00, sala 301 \u0106wiczenia: Podstawy Informatyki, niedziela, 9:15-13:00, sala 20 Zaj\u0119cia: Metody Obliczeniowe, niedziela, 13:15-16:00, sala 20 Zaj\u0119cia: Metody Obliczeniowe, poniedzia\u0142ek, 11:15:14:00, sala 431 Konsultacje: poniedzia\u0142ek, 10:15-11:00, sala 332A R.Robert Gajewski Strona domowa Blog na temat edukacji Google &hellip; <\/p>\n<p class=\"link-more\"><a href=\"https:\/\/www.zti.il.pw.edu.pl\/?page_id=75\" class=\"more-link\">Czytaj dalej<span class=\"screen-reader-text\"> \u201eR.Robert Gajewski\u201d<\/span><\/a><\/p>\n","protected":false},"author":1,"featured_media":0,"parent":72,"menu_order":0,"comment_status":"open","ping_status":"open","template":"","meta":{"footnotes":""},"class_list":["post-75","page","type-page","status-publish","hentry"],"_links":{"self":[{"href":"https:\/\/www.zti.il.pw.edu.pl\/index.php?rest_route=\/wp\/v2\/pages\/75","targetHints":{"allow":["GET"]}}],"collection":[{"href":"https:\/\/www.zti.il.pw.edu.pl\/index.php?rest_route=\/wp\/v2\/pages"}],"about":[{"href":"https:\/\/www.zti.il.pw.edu.pl\/index.php?rest_route=\/wp\/v2\/types\/page"}],"author":[{"embeddable":true,"href":"https:\/\/www.zti.il.pw.edu.pl\/index.php?rest_route=\/wp\/v2\/users\/1"}],"replies":[{"embeddable":true,"href":"https:\/\/www.zti.il.pw.edu.pl\/index.php?rest_route=%2Fwp%2Fv2%2Fcomments&post=75"}],"version-history":[{"count":11,"href":"https:\/\/www.zti.il.pw.edu.pl\/index.php?rest_route=\/wp\/v2\/pages\/75\/revisions"}],"predecessor-version":[{"id":1025,"href":"https:\/\/www.zti.il.pw.edu.pl\/index.php?rest_route=\/wp\/v2\/pages\/75\/revisions\/1025"}],"up":[{"embeddable":true,"href":"https:\/\/www.zti.il.pw.edu.pl\/index.php?rest_route=\/wp\/v2\/pages\/72"}],"wp:attachment":[{"href":"https:\/\/www.zti.il.pw.edu.pl\/index.php?rest_route=%2Fwp%2Fv2%2Fmedia&parent=75"}],"curies":[{"name":"wp","href":"https:\/\/api.w.org\/{rel}","templated":true}]}}