{"id":761,"date":"2015-06-18T08:36:46","date_gmt":"2015-06-18T06:36:46","guid":{"rendered":"http:\/\/www.zti.il.pw.edu.pl\/?page_id=761"},"modified":"2015-06-18T09:23:45","modified_gmt":"2015-06-18T07:23:45","slug":"hi","status":"publish","type":"page","link":"https:\/\/www.zti.il.pw.edu.pl\/?page_id=761","title":{"rendered":"HI"},"content":{"rendered":"<p>HI czyli&#8230; Historia Informatyki spisana w spos\u00f3b absolutnie tendencyjny i fa\u0142szywy w&#8230; Jubileuszowej Ksi\u0119dze na 100 lat odnowienia tradycji wydzia\u0142u sk\u0142oni\u0142a mnie do pr\u00f3by spo\u0142ecznego odk\u0142amania tego tekstu. Klasyk m\u00f3wi, \u017ce nie jest wa\u017cne kto i jak g\u0142osuje, wa\u017cne jest kto i jak liczy g\u0142osy. Jeste\u015bmy \u015bmiesznym krajem (narodem), kt\u00f3ry nie do ko\u0144ca potrafi spisa\u0107 swoj\u0105 histori\u0119. Najlepsz\u0105 histori\u0119 Polski napisa\u0142 Anglik, Norman Davis. My nie potrafimy spojrze\u0107 obiektywnie na fakty i odgrywamy codzienny nie dzie\u0144 \u015bwistaka ale dzie\u0144 \u015bwira, w kt\u00f3rym ka\u017cdy drze si\u0119 &#8211; moja racja musi by\u0107 najmojsza. Mo\u017cna wi\u0119c powiedzie\u0107 &#8211; nie jest wa\u017cne jak wygl\u0105da\u0142a historia, wa\u017cne kto j\u0105 spisuje. To \u017ce chory z nienawi\u015bci frustrat wylewa kube\u0142 pomyj i fekali\u00f3w na wydzia\u0142 na kt\u00f3rym pracuje nie mo\u017ce pozosta\u0107 bez mojego komentarza. To, \u017ce dla kogo\u015b historia wydzia\u0142u ko\u0144czy si\u0119 w roku 2007 czy te\u017c 2008 to jest problem medyczny a nie historyczny. <\/p>\n<blockquote><p>Najwi\u0119kszym problemem ostatniej reformy informatyki nie jest niemerytoryczna dezintegracja zespo\u0142u dydaktycznego, ale pozbawienie pracownik\u00f3w naukowo-dydaktycznych bezpo\u015bredniego wp\u0142ywu na zarz\u0105dzanie pracowniami komputerowymi. To pracownicy, kt\u00f3rzy prowadza zaj\u0119cia powinni decydowa\u0107 o oprogramowaniu instalowanym w pracowniach, o modernizacjach pracowni. Pracownie komputerowe zarz\u0105dzane przez administracj\u0119 szybko udowodni\u0142y swoj\u0105 \u017ale rozumiana niezale\u017cno\u015b\u0107.<br \/>\nObecny stan wymaga zmian.<br \/>\nInformatyk\u0119 sprowadzono tylko do u\u017cytkowania oprogramowania. Nauczanie informatyki to niestety cz\u0119sto kursy wykorzystywania program\u00f3w u\u017cytkowych. Czy do tego potrzebne s\u0105 studia wy\u017csze? <\/p><\/blockquote>\n<p>Od 1989 roku by\u0142em pracownikiem O\u015brodka Metod Komputerowych a potem Zak\u0142adu Zastosowa\u0144 Informatyki. W 2008 roku wraz z Zespo\u0142em Technologii Informatycznych przeszed\u0142em do Zak\u0142adu Budownictwa Og\u00f3lnego. Jestem w\u015br\u00f3d pracownik\u00f3w by\u0142ego OMK jedynym samodzielnym pracownikiem naukowym, co nak\u0142ada na mnie jeszcze mocniej przykry obowi\u0105zek odk\u0142amywania bzdur z ksi\u0119gi jubileuszowej. Ca\u0142o\u015b\u0107 podziel\u0119 na trzy cz\u0119\u015bci odpowiadaj\u0105ce trzem fazom &#8211; OMK, ZTI i ZZI. <\/p>\n<div class=\"gsp_post_data\" \r\n\t            data-post_type=\"page\" \r\n\t            data-cat=\"\" \r\n\t            data-modified=\"120\"\r\n\t            data-created=\"1434616606\"\r\n\t            data-title=\"HI\" \r\n\t            data-home=\"https:\/\/www.zti.il.pw.edu.pl\"><\/div>","protected":false},"excerpt":{"rendered":"<p>HI czyli&#8230; Historia Informatyki spisana w spos\u00f3b absolutnie tendencyjny i fa\u0142szywy w&#8230; Jubileuszowej Ksi\u0119dze na 100 lat odnowienia tradycji wydzia\u0142u sk\u0142oni\u0142a mnie do pr\u00f3by spo\u0142ecznego odk\u0142amania tego tekstu. Klasyk m\u00f3wi, \u017ce nie jest wa\u017cne kto i jak g\u0142osuje, wa\u017cne jest kto i jak liczy g\u0142osy. Jeste\u015bmy \u015bmiesznym krajem (narodem), kt\u00f3ry nie do ko\u0144ca potrafi spisa\u0107 &hellip; <\/p>\n<p class=\"link-more\"><a href=\"https:\/\/www.zti.il.pw.edu.pl\/?page_id=761\" class=\"more-link\">Czytaj dalej<span class=\"screen-reader-text\"> \u201eHI\u201d<\/span><\/a><\/p>\n","protected":false},"author":1,"featured_media":0,"parent":0,"menu_order":0,"comment_status":"open","ping_status":"open","template":"","meta":{"footnotes":""},"class_list":["post-761","page","type-page","status-publish","hentry"],"_links":{"self":[{"href":"https:\/\/www.zti.il.pw.edu.pl\/index.php?rest_route=\/wp\/v2\/pages\/761","targetHints":{"allow":["GET"]}}],"collection":[{"href":"https:\/\/www.zti.il.pw.edu.pl\/index.php?rest_route=\/wp\/v2\/pages"}],"about":[{"href":"https:\/\/www.zti.il.pw.edu.pl\/index.php?rest_route=\/wp\/v2\/types\/page"}],"author":[{"embeddable":true,"href":"https:\/\/www.zti.il.pw.edu.pl\/index.php?rest_route=\/wp\/v2\/users\/1"}],"replies":[{"embeddable":true,"href":"https:\/\/www.zti.il.pw.edu.pl\/index.php?rest_route=%2Fwp%2Fv2%2Fcomments&post=761"}],"version-history":[{"count":5,"href":"https:\/\/www.zti.il.pw.edu.pl\/index.php?rest_route=\/wp\/v2\/pages\/761\/revisions"}],"predecessor-version":[{"id":776,"href":"https:\/\/www.zti.il.pw.edu.pl\/index.php?rest_route=\/wp\/v2\/pages\/761\/revisions\/776"}],"wp:attachment":[{"href":"https:\/\/www.zti.il.pw.edu.pl\/index.php?rest_route=%2Fwp%2Fv2%2Fmedia&parent=761"}],"curies":[{"name":"wp","href":"https:\/\/api.w.org\/{rel}","templated":true}]}}