{"id":764,"date":"2015-06-18T08:41:57","date_gmt":"2015-06-18T06:41:57","guid":{"rendered":"http:\/\/www.zti.il.pw.edu.pl\/?page_id=764"},"modified":"2015-06-18T12:02:04","modified_gmt":"2015-06-18T10:02:04","slug":"omk","status":"publish","type":"page","link":"https:\/\/www.zti.il.pw.edu.pl\/?page_id=764","title":{"rendered":"OMK"},"content":{"rendered":"<p>Jak pisze jeden z historyk\u00f3w od spraw informatyki na wydziale &#8222;1 marca 1988 roku, jako niezale\u017cna jednostka organizacyjna, powsta\u0142 O\u015brodek Metod Komputerowych, z\u0142o\u017cony z zespo\u0142u dydaktycznego i technicznego&#8221;. M\u00f3j ulubiony sfrustrowany historyk potwierdza ten fakt, cho\u0107 nie podaje dok\u0142adnej daty stwierdzaj\u0105c jedynie \u017ce &#8222;w roku 1988 powo\u0142any zosta\u0142 O\u015brodek Metod Komputerowych&#8221;. <\/p>\n<div class=\"gsp_post_data\" \r\n\t            data-post_type=\"page\" \r\n\t            data-cat=\"\" \r\n\t            data-modified=\"120\"\r\n\t            data-created=\"1434616917\"\r\n\t            data-title=\"OMK\" \r\n\t            data-home=\"https:\/\/www.zti.il.pw.edu.pl\"><\/div>","protected":false},"excerpt":{"rendered":"<p>Jak pisze jeden z historyk\u00f3w od spraw informatyki na wydziale &#8222;1 marca 1988 roku, jako niezale\u017cna jednostka organizacyjna, powsta\u0142 O\u015brodek Metod Komputerowych, z\u0142o\u017cony z zespo\u0142u dydaktycznego i technicznego&#8221;. M\u00f3j ulubiony sfrustrowany historyk potwierdza ten fakt, cho\u0107 nie podaje dok\u0142adnej daty stwierdzaj\u0105c jedynie \u017ce &#8222;w roku 1988 powo\u0142any zosta\u0142 O\u015brodek Metod Komputerowych&#8221;.<\/p>\n","protected":false},"author":1,"featured_media":0,"parent":761,"menu_order":1,"comment_status":"open","ping_status":"open","template":"","meta":{"footnotes":""},"class_list":["post-764","page","type-page","status-publish","hentry"],"_links":{"self":[{"href":"https:\/\/www.zti.il.pw.edu.pl\/index.php?rest_route=\/wp\/v2\/pages\/764","targetHints":{"allow":["GET"]}}],"collection":[{"href":"https:\/\/www.zti.il.pw.edu.pl\/index.php?rest_route=\/wp\/v2\/pages"}],"about":[{"href":"https:\/\/www.zti.il.pw.edu.pl\/index.php?rest_route=\/wp\/v2\/types\/page"}],"author":[{"embeddable":true,"href":"https:\/\/www.zti.il.pw.edu.pl\/index.php?rest_route=\/wp\/v2\/users\/1"}],"replies":[{"embeddable":true,"href":"https:\/\/www.zti.il.pw.edu.pl\/index.php?rest_route=%2Fwp%2Fv2%2Fcomments&post=764"}],"version-history":[{"count":4,"href":"https:\/\/www.zti.il.pw.edu.pl\/index.php?rest_route=\/wp\/v2\/pages\/764\/revisions"}],"predecessor-version":[{"id":800,"href":"https:\/\/www.zti.il.pw.edu.pl\/index.php?rest_route=\/wp\/v2\/pages\/764\/revisions\/800"}],"up":[{"embeddable":true,"href":"https:\/\/www.zti.il.pw.edu.pl\/index.php?rest_route=\/wp\/v2\/pages\/761"}],"wp:attachment":[{"href":"https:\/\/www.zti.il.pw.edu.pl\/index.php?rest_route=%2Fwp%2Fv2%2Fmedia&parent=764"}],"curies":[{"name":"wp","href":"https:\/\/api.w.org\/{rel}","templated":true}]}}