{"id":766,"date":"2015-06-18T08:42:52","date_gmt":"2015-06-18T06:42:52","guid":{"rendered":"http:\/\/www.zti.il.pw.edu.pl\/?page_id=766"},"modified":"2015-06-19T13:33:19","modified_gmt":"2015-06-19T11:33:19","slug":"zzi","status":"publish","type":"page","link":"https:\/\/www.zti.il.pw.edu.pl\/?page_id=766","title":{"rendered":"ZZI"},"content":{"rendered":"<p>Jak stanowi ksi\u0119ga jubileuszowa &#8222;z pocz\u0105tkiem letniego semestru roku akademickiego 2002\/2003 OMK zosta\u0142 przekszta\u0142cony w Zak\u0142ad Zastosowa\u0144 Informatyki w In\u017cynierii L\u0105dowej&#8221;. Niestety nie jest prawd\u0105 stwierdzenie nast\u0119pnego zdania (akapitu), \u017ce &#8222;zacz\u0119\u0142a si\u0119 migracja nauczycieli akademickich&#8221;. Samo powstanie ZZI nie spowodowa\u0142o jakiejkolwiek fali migracji nauczycieli akademickich. Ten proces rozpocz\u0105\u0142 si\u0119 z chwil\u0105 zapocz\u0105tkowania likwidacji ZZI co mia\u0142o miejsce nieco p\u00f3\u017aniej. Fakt \u017ce mniej wi\u0119cej w roku akademickim 2002\/3 OMK zosta\u0142 przekszta\u0142cony w ZTI potwierdza m\u00f3j ulubiony sfrustrowany historyk. Jego zdaniem jednak &#8222;w roku 2002 O\u015brodek Metod Komputerowych zostaje przekszta\u0142cony w Zak\u0142ad Zastosowa\u0144 Informatyki (ZZI) bezpo\u015brednio podleg\u0142y Dziekanowi.&#8221; Ma\u0142a r\u00f3\u017cnica a jednak, bo semestr letni RA 2002\/3 to ju\u017c 2003 rok. Jedno jest pewne, w\u0142a\u015bnie wtedy przebywa\u0142em na stypendium Dekabana na University of Michigan w Ann Arbor tak wi\u0119c zmiana dokona\u0142a si\u0119 podczas mojej nieobecno\u015bci w kraju i si\u0142\u0105 rzeczy niewiele o niej wiem. Zdaniem mojego ulubionego historyka &#8222;formalnie nic si\u0119 w dzia\u0142alno\u015bci nie zmieni\u0142o&#8221;. W po\u0142\u0105czeniu ze stwierdzeniem \u017ce ZZI podlega\u0142o jak OMK bezpo\u015brednio dziekanowi rodzi to pytanie, po co by\u0142a ta zmiana. Ale nie mnie jest odpowiada\u0107 na to by\u0107 mo\u017ce fundamentalne dla historii rozwoju wydzia\u0142owej informatyki pytanie.<\/p>\n<p>Pocz\u0105tek ko\u0144ca ZZI zacz\u0105\u0142 si\u0119 we wrze\u015bniu 2005 roku, gdy jeden z jego samodzielnych pracownik\u00f3w przeszed\u0142 do Zak\u0142adu Budownictwa Og\u00f3lnego. Czy \u00f3wczesny dziekan mia\u0142 \u015bwiadomo\u015b\u0107, \u017ce tego typu ruch kadrowy oznacza likwidacj\u0119 ZZI nie mnie to rozs\u0105dza\u0107. Jedno jest pewne, ratowanie ZBO oznacza\u0142o pogr\u0105\u017cenie ZTI. A samo ZBO te\u017c d\u0142ugo nie po\u017cy\u0142o. Smutne, ale nie doczeka\u0142o jubileuszu 100 lecia. <a title=\"Likwidacja ZBO\" href=\"http:\/\/www.zti.il.pw.edu.pl\/?page_id=324\" target=\"_blank\">Wi\u0119cej na ten temat zawiera m\u00f3j wpis<\/a> dotycz\u0105cy kilkuletnich zabieg\u00f3w o utrzymanie i rozw\u00f3j ZBO by\u0107 mo\u017ce pod nieco zmienion\u0105 nazw\u0105 ZPB czyli Zak\u0142ad Podstaw Budownictwa, w kt\u00f3rym to zak\u0142adzie ka\u017cdy m\u00f3g\u0142by poczu\u0107 si\u0119 &#8222;u siebie&#8221;. Nie uda\u0142o si\u0119, a gdy w lipcu 2013 o\u015bmieli\u0142em si\u0119 przypomnie\u0107 te proste fakty historyczne oberwa\u0142em, <a title=\"Prawda o likwidacji ZZI\" href=\"http:\/\/www.zti.il.pw.edu.pl\/?p=363\" target=\"_blank\">co opisuje m\u00f3j inny wpis<\/a>.<\/p>\n<p>W tym samym pami\u0119tnym wrze\u015bniu 2005 do ZZI zosta\u0142 przyj\u0119ty a w zasadzie przesuni\u0119ty z innej jednostki wydzia\u0142u nowy pracownik a mnie pozbawiono prawa prowadzenia zaj\u0119\u0107 na drugim semestrze z przedmiotu, kt\u00f3ry mia\u0142 robocz\u0105 nazw\u0119 Algorytmika i Programowanie. Potwierdzaj\u0105 to fakty, a w\u0142a\u015bnie o faktach trzeba m\u00f3wi\u0107 pisz\u0105c histori\u0119 informatyki na wydziale. Na <a title=\"Internetowa Edukacja na Odleg\u0142o\u015b\u0107\" href=\"http:\/\/ieno.il.pw.edu.pl\" target=\"_blank\">portalu ieno.il.pw.edu.pl<\/a> wystarczy klikn\u0105\u0107 na AiP 2004\/5. Tak, to w\u0142a\u015bnie ostatni rok w kt\u00f3rym mia\u0142em mo\u017cliwo\u015b\u0107 prowadzi\u0107 te zaj\u0119cia. Jak kierownik zak\u0142adu i dziekan wydzia\u0142u motywowali t\u0119 decyzj\u0119? C\u00f3\u017c, nie ma pisemnych dowod\u00f3w, ale by\u0142a to ch\u0119\u0107&#8230; pomocy mi w zwi\u0105zku z habilitacj\u0105. Dowcip polega na tym, \u017ce habilitacj\u0119 z\u0142o\u017cy\u0142em w lipcu 2005 roku! Zabranie mi przedmiotu by\u0142o pierwszym etapem do przysz\u0142ego podzia\u0142u \u0142up\u00f3w dydaktycznych czyli godzin. No bo kto ma godziny ten ma w\u0142adz\u0119&#8230;<\/p>\n<p>Likwidacja ZZI \u00f3wczesnym w\u0142adzom wydzia\u0142u i kierownictwu zak\u0142adu zaj\u0119\u0142a trzy i p\u00f3\u0142 roku. Dopiero bowiem <a title=\"Uchwa\u0142a Senatu\" href=\"http:\/\/bip.pw.edu.pl\/var\/pw\/storage\/original\/application\/ce30eaf6c92a36db535b968789f0243a.pdf\" target=\"_blank\">uchwa\u0142\u0105 Senatu 51\/XLVII\/2009 z dnia 2009 stycznia 2009<\/a> wyra\u017cono zgoda na: zniesienie wydzia\u0142owego Zak\u0142adu Zastosowa\u0144 Informatyki i utworzenie Katedry Mechaniki Budowli i Zastosowa\u0144 Informatyki. Dlaczego a\u017c tyle czasu zaj\u0119\u0142o zlikwidowanie ZZI? W kwietniu 2007 odby\u0142o si\u0119 z pozytywnym rezultatem acz nie bez problem\u00f3w moje kolokwium habilitacyjne zwi\u0105zane ze z\u0142o\u017con\u0105 monografi\u0105 habilitacyjn\u0105 &#8222;Zastosowania informatyki i technologii informatycznych w budownictwie&#8221; tak wi\u0119c w ZZI pojawi\u0142 si\u0119 ten niezb\u0119dny samodzielny pracownik naukowy. Co wi\u0119cej za pozostaniem ZZI \u015bwiadczy\u0142 tak zwany zdrowy rozs\u0105dek. Na ca\u0142ym \u015bwiecie dzia\u0142ania wok\u00f3\u0142 informatyki i informatyzacji s\u0105 integrowane a nie rozpraszane. W Krakowie powsta\u0142 z po\u0142\u0105czenia dw\u00f3ch jednostek <a title=\"L5\" href=\"http:\/\/www.twins.pk.edu.pl\/index.php?lang=en\" target=\"_blank\">Instytut Technologii Informatycznych w In\u017cynierii L\u0105dowej. <\/a><\/p>\n<blockquote><p>The Institute for Computational Civil Engineering (L-5) was established on March 1, 2006 from former Institute of Computer Methods in Civil Engineering (L-5) and Division of Computational Methods in Mechanics (L-6) according to the decision of the Senate of Cracow University of Technology of January 20, 2006.<\/p><\/blockquote>\n<p>U nas integracja sprowadzi\u0142a si\u0119 do destrukcji, niszczenia tego co istnia\u0142o w imi\u0119 zdecydowanie niemerytorycznych idei i cel\u00f3w. Pami\u0119tam dok\u0142adnie, \u017ce ilekro\u0107 broni\u0105c racji istnienia ZZI powo\u0142ywa\u0142em si\u0119 na przypadek Krakowa jednoznacznie dawano mi do zrozumienia, \u017ce je\u015bli mi si\u0119 nie podoba w Warszawie to won do Krakowa&#8230;<\/p>\n<p>Ca\u0142y ten proces odby\u0142 si\u0119 oczywi\u015bcie w lepkiej otoczce tak zwanej akceptacji spo\u0142ecznej. Ot\u00f3\u017c odby\u0142 si\u0119 na jednym z zebra\u0144 ZZI anonimowy sonda\u017c dotycz\u0105cy przysz\u0142o\u015bci zak\u0142adu. Ich wyniki (g\u0142owy nie dam sobie uci\u0105\u0107, ale jestem o tym przekonany) by\u0142y prezentowane na posiedzeniu rady wydzia\u0142u i widzia\u0142em je w protokole obrad. W chwili obecnej nie cierpi\u0119 na nadmiar wolnego czasu wi\u0119c nie przedstawi\u0119 w ramach szacunku dla historycznej prawdy tych twardych danych faktograficznych.<br \/>\nPo przejrzeniu protoko\u0142\u00f3w z posiedze\u0144 rady znalaz\u0142\u0119m ten dokument. To protok\u00f3\u0142 z 28 lutego 2008 roku. Co zanotowano?<\/p>\n<blockquote><p>Dr hab. R. Gajewski powiedzia\u0142, \u017ce odszuka\u0142 w Internecie odpowiedni fragment dotycz\u0105cy g\u0142osowa\u0144 w ZZIwIL, z kt\u00f3rego wynika, \u017ce ZZIwIL nie chce by\u0107 w\u0142\u0105czony do ZMB w ramach IMKI.<br \/>\nProf. M. Witkowski poprosi\u0142 o g\u0142osowanie nad wnioskiem Dziekana i oddzielnie nad wnioskiem Komisji ds. Struktury Wydzia\u0142u.<\/p><\/blockquote>\n<p>Tak by\u0142o, bo kwestionariusz tej ankiety nie by\u0142 zero jedynkowy ale zak\u0142ada\u0142 uszeregowanie w kolejno\u015bci trzech opcji: przej\u015bcie do mechaniki, przej\u015bcie do budownictwa, samodzielno\u015b\u0107. Skoro powiedzia\u0142em co powiedzia\u0142em a na sali by\u0142o obecny \u00f3wczesny kierownik zak\u0142adu i nie sprostowa\u0142 mojej wypowiedzi powiedzia\u0142em prawd\u0119. Dzi\u015b oczywi\u015bcie tej informacji nie ma w internecie, bo bardzo wiele portali i serwer\u00f3w zwi\u0105zanych z zak\u0142adem po prostu znikn\u0119\u0142o. Jako lojalny pracownik ZZI trzyma\u0142em s\u0142u\u017cbowe dokumenty na oficjalnym serwerze zak\u0142adu, kt\u00f3ry to serwer pewnego pi\u0119knego dnia zosta\u0142 przez oficera prawdy historycznej zaorany najprawdopodobniej z dokumentem dotycz\u0105cym g\u0142osowa\u0144 w ZZI. C\u00f3\u017c, te sprawy s\u0105 nie do odtworzenia&#8230; Na tej radzie zosta\u0142a przes\u0105dzona przysz\u0142o\u015b\u0107 a w zasadzie jej brak ZZI.<\/p>\n<blockquote><p>2. Zniesienie Zak\u0142adu Zastosowa\u0144 Informatyki w In\u017cynierii L\u0105dowej. Pracownicy zniesionego Zak\u0142adu staj\u0105 si\u0119 pracownikami Zak\u0142adu Mechaniki Budowli w Instytucie Mechaniki Konstrukcji In\u017cynierskich lub Katedry Mechaniki Budowli (je\u015bli zostanie utworzona), je\u015bli wyra\u017c\u0105 na to zgod\u0119.<br \/>\nWyniki g\u0142osowania:<br \/>\nUprawnionych do g\u0142osowania &#8211; 44<br \/>\nW g\u0142osowaniu udzia\u0142 wzi\u0119\u0142o \u2013 37<br \/>\nZa wnioskiem g\u0142osowa\u0142o \u2013 23<br \/>\nPrzeciw wnioskowi g\u0142osowa\u0142o \u2013 7<br \/>\nWstrzyma\u0142o si\u0119 od g\u0142osu \u2013 7<\/p><\/blockquote>\n<p>A mo\u017ce kto\u015b jednak potrafi odszuka\u0107 w sieci wyniki tamtego g\u0142osowania w ZZI? Mam przed oczami tabel\u0119 z wynikami ale nie liczby, kt\u00f3re przytacza\u0142em. Szkoda, \u017ce protok\u00f3\u0142 jest pozbawiony tych danych&#8230;<\/p>\n<hr \/>\n<p>Niech \u017cyje konstruktywny up\u00f3r w badaniu prawdy historycznej! Si\u0119gn\u0105\u0142em do materia\u0142\u00f3w z kolejnej rady i znalaz\u0142em protok\u00f3\u0142 z adnotacj\u0105 bis uzupe\u0142niony o moj\u0105 autopoprawk\u0119. Wyja\u015bnienie ca\u0142ej sytuacji jest bardzo proste. W chwili tego g\u0142osowania istnia\u0142 ci\u0105gle Instytut Mechaniki Konstrukcji In\u017cynierskich czyli IMKI. Jego los zosta\u0142 przes\u0105dzony p\u00f3\u017aniej, ale to ju\u017c nie jest moja historia. By\u0142y wi\u0119c cztery opcje g\u0142osowania i trzeba by\u0142o na li\u015bcie preferencji uszeregowa\u0107 te cztery mo\u017cliwo\u015bci. A po\u0142\u0105czenie si\u0119 z mechanik\u0105 budowli w ramach IMKI dla wielu os\u00f3b by\u0142o nie do przyj\u0119cia. Powt\u00f3rz\u0119 raz jeszcze &#8211; w chwili g\u0142osowania istnia\u0142o IMKI wi\u0119c m\u00f3wienie o po\u0142\u0105czeniu z mechanik\u0105 poza IMKI by\u0142o melodi\u0105 przysz\u0142o\u015bci zale\u017cn\u0105 od dalszych zmian w strukturze. Moja poprawiona wypowied\u017a jest znacznie r\u00f3\u017cna od pierwotnej.<\/p>\n<blockquote><p>Dr hab. R. Gajewski powiedzia\u0142, \u017ce odszuka\u0142 w swojej prywatnej poczcie odpowiedni fragment wiadomo\u015bci dotycz\u0105cej g\u0142osowa\u0144 przeprowadzonych w ZZIwIL. Wyniki tych g\u0142osowa\u0144 by\u0142y nast\u0119puj\u0105ce:<br \/>\n&nbsp;&nbsp;&nbsp;# Po\u0142\u0105czenie z ZMB w Katedr\u0119 Mechaniki Budowli i Zastosowa\u0144 Informatyki \u2013 33 punkty.<br \/>\n&nbsp;&nbsp;&nbsp;# Zesp\u00f3\u0142 Zastosowa\u0144 Informatyki \u2013 14 punkt\u00f3w.<br \/>\n&nbsp;&nbsp;&nbsp;# Po\u0142\u0105czenie z ZBO w Zak\u0142ad Podstaw Budownictwa i Zastosowa\u0144 Informatyki \u2013 14 punkt\u00f3w.<br \/>\n&nbsp;&nbsp;&nbsp;# Po\u0142\u0105czenie z ZMB w Zak\u0142ad MBiZI w ramach instytutu \u2013 13 punkt\u00f3w.<br \/>\n<del>Dr hab. R. Gajewski powiedzia\u0142, \u017ce odszuka\u0142 w Internecie odpowiedni fragment dotycz\u0105cy g\u0142osowa\u0144 w ZZIwIL, z kt\u00f3rego wynika, \u017ce ZZIwIL nie chce by\u0107 w\u0142\u0105czony do ZMB w ramach IMKI.<\/del><\/p><\/blockquote>\n<p>Znalaz\u0142em tak\u017ce list z 1 czerwca 2007 roku z godziny 15:57 na kt\u00f3ry powo\u0142ywa\u0142em si\u0119 z wynikami g\u0142osowania w postaci pliku arkusza kalkulacyjnego. Chodzi\u0142o mi po prostu tylko o to, \u017ce ten wariant, kt\u00f3ry uzyska\u0142 33 punkty by\u0142 w chwili g\u0142osowania niemo\u017cliwy do zrealizowania. A wej\u015bcie do IMKI mia\u0142o mniej g\u0142os\u00f3w ni\u017c pozostanie niezale\u017cn\u0105 jednostk\u0105 organizacyjn\u0105! Na koniec dodam &#8211; miesi\u0105c wcze\u015bniej czyli w styczniu nie uda\u0142o si\u0119 przeforsowa\u0107 likwidacji IMKI, co pokazuje cytat z protoko\u0142u.<\/p>\n<blockquote><p>Czy zlikwidowa\u0107 Instytut Mechaniki Konstrukcji In\u017cynierskich?<br \/>\nUprawnionych do g\u0142osowania \u2013 44<br \/>\nW g\u0142osowaniu udzia\u0142 wzi\u0119\u0142o \u2013 42<br \/>\nTAK \u2013 odpowiedzia\u0142o \u2013 18<br \/>\nNIE \u2013 odpowiedzia\u0142o 20<br \/>\nWstrzyma\u0142o si\u0119 od g\u0142osu \u2013 3<br \/>\nG\u0142os\u00f3w niewa\u017cnych \u2013 1<\/p><\/blockquote>\n<div class=\"gsp_post_data\" \r\n\t            data-post_type=\"page\" \r\n\t            data-cat=\"\" \r\n\t            data-modified=\"120\"\r\n\t            data-created=\"1434616972\"\r\n\t            data-title=\"ZZI\" \r\n\t            data-home=\"https:\/\/www.zti.il.pw.edu.pl\"><\/div>","protected":false},"excerpt":{"rendered":"<p>Jak stanowi ksi\u0119ga jubileuszowa &#8222;z pocz\u0105tkiem letniego semestru roku akademickiego 2002\/2003 OMK zosta\u0142 przekszta\u0142cony w Zak\u0142ad Zastosowa\u0144 Informatyki w In\u017cynierii L\u0105dowej&#8221;. Niestety nie jest prawd\u0105 stwierdzenie nast\u0119pnego zdania (akapitu), \u017ce &#8222;zacz\u0119\u0142a si\u0119 migracja nauczycieli akademickich&#8221;. Samo powstanie ZZI nie spowodowa\u0142o jakiejkolwiek fali migracji nauczycieli akademickich. Ten proces rozpocz\u0105\u0142 si\u0119 z chwil\u0105 zapocz\u0105tkowania likwidacji ZZI co &hellip; <\/p>\n<p class=\"link-more\"><a href=\"https:\/\/www.zti.il.pw.edu.pl\/?page_id=766\" class=\"more-link\">Czytaj dalej<span class=\"screen-reader-text\"> \u201eZZI\u201d<\/span><\/a><\/p>\n","protected":false},"author":1,"featured_media":0,"parent":761,"menu_order":2,"comment_status":"open","ping_status":"open","template":"","meta":{"footnotes":""},"class_list":["post-766","page","type-page","status-publish","hentry"],"_links":{"self":[{"href":"https:\/\/www.zti.il.pw.edu.pl\/index.php?rest_route=\/wp\/v2\/pages\/766","targetHints":{"allow":["GET"]}}],"collection":[{"href":"https:\/\/www.zti.il.pw.edu.pl\/index.php?rest_route=\/wp\/v2\/pages"}],"about":[{"href":"https:\/\/www.zti.il.pw.edu.pl\/index.php?rest_route=\/wp\/v2\/types\/page"}],"author":[{"embeddable":true,"href":"https:\/\/www.zti.il.pw.edu.pl\/index.php?rest_route=\/wp\/v2\/users\/1"}],"replies":[{"embeddable":true,"href":"https:\/\/www.zti.il.pw.edu.pl\/index.php?rest_route=%2Fwp%2Fv2%2Fcomments&post=766"}],"version-history":[{"count":21,"href":"https:\/\/www.zti.il.pw.edu.pl\/index.php?rest_route=\/wp\/v2\/pages\/766\/revisions"}],"predecessor-version":[{"id":853,"href":"https:\/\/www.zti.il.pw.edu.pl\/index.php?rest_route=\/wp\/v2\/pages\/766\/revisions\/853"}],"up":[{"embeddable":true,"href":"https:\/\/www.zti.il.pw.edu.pl\/index.php?rest_route=\/wp\/v2\/pages\/761"}],"wp:attachment":[{"href":"https:\/\/www.zti.il.pw.edu.pl\/index.php?rest_route=%2Fwp%2Fv2%2Fmedia&parent=766"}],"curies":[{"name":"wp","href":"https:\/\/api.w.org\/{rel}","templated":true}]}}