{"id":829,"date":"2015-06-19T07:46:39","date_gmt":"2015-06-19T05:46:39","guid":{"rendered":"http:\/\/www.zti.il.pw.edu.pl\/?page_id=829"},"modified":"2016-01-24T21:43:51","modified_gmt":"2016-01-24T20:43:51","slug":"polemika","status":"publish","type":"page","link":"https:\/\/www.zti.il.pw.edu.pl\/?page_id=829","title":{"rendered":"Polemika"},"content":{"rendered":"<p>W tej zak\u0142adce (pod menu) postaram si\u0119 ustosunkowa\u0107 do r\u00f3\u017cnych mijaj\u0105cych si\u0119 zupe\u0142nie z prawd\u0105 fragment\u00f3w tekstu oficera prawdy historycznej. Postaram si\u0119 w moich komentarzach by\u0107 ogl\u0119dny, aby unikn\u0105\u0107 pr\u00f3b wytoczenia mi procesu cywilnego, bo taka moda jest ostatnio popularna na tym wydziale. Skoro jednak kto\u015b wyznaczy\u0142 oficera prawdy historycznej do spisania dziej\u00f3w wydzia\u0142owej informatyki kto\u015b inny musi odk\u0142ama\u0107 ten pe\u0142en zafa\u0142szowa\u0144 tekst. Oczywi\u015bcie tak jak w przypadku&#8230; plagiatu mo\u017cna toczy\u0107 akademick\u0105 dyskusj\u0119, czy to by\u0142o dzia\u0142anie \u015bwiadome i zamierzone. Oficer prawdy historycznej mo\u017ce zawsze stwierdzi\u0107, \u017ce te dane nie by\u0142y mu znane albo \u017ce po prostu po ludzku nie pami\u0119ta. Dla mnie jest oczywiste, \u017ce je\u015bli nie wiem, nie pami\u0119tam to pytam si\u0119 i szukam odpowiedzi na pytania. Jak jednak wida\u0107 dla niekt\u00f3rych jest to za trudne. Szkoda tylko, \u017ce tak zafa\u0142szowana historia ukaza\u0142a si\u0119 drukiem w tak wspania\u0142ej formie&#8230;<\/p>\n<p><video controls=\"controls\" ><source src=\"http:\/\/trwamtv.pd.e51-po.insyscd.net\/tr-223012016_900.mp4\" type=\"video\/mp4\" \/>Your browser does not support the video tag.<\/video><\/p>\n<p><iframe loading=\"lazy\" title=\"Tilt  - Jeszcze b\u0119dzie przepi\u0119knie\" width=\"525\" height=\"394\" src=\"https:\/\/www.youtube.com\/embed\/dUcWiRwtUxw?feature=oembed\" frameborder=\"0\" allow=\"accelerometer; autoplay; clipboard-write; encrypted-media; gyroscope; picture-in-picture; web-share\" referrerpolicy=\"strict-origin-when-cross-origin\" allowfullscreen><\/iframe><\/p>\n<p><iframe loading=\"lazy\" title=\"niE WIERZE POLITYKOM --- TILT\" width=\"525\" height=\"394\" src=\"https:\/\/www.youtube.com\/embed\/124VPP8l9p0?feature=oembed\" frameborder=\"0\" allow=\"accelerometer; autoplay; clipboard-write; encrypted-media; gyroscope; picture-in-picture; web-share\" referrerpolicy=\"strict-origin-when-cross-origin\" allowfullscreen><\/iframe><\/p>\n<div class=\"gsp_post_data\" \r\n\t            data-post_type=\"page\" \r\n\t            data-cat=\"\" \r\n\t            data-modified=\"120\"\r\n\t            data-created=\"1434699999\"\r\n\t            data-title=\"Polemika\" \r\n\t            data-home=\"https:\/\/www.zti.il.pw.edu.pl\"><\/div>","protected":false},"excerpt":{"rendered":"<p>W tej zak\u0142adce (pod menu) postaram si\u0119 ustosunkowa\u0107 do r\u00f3\u017cnych mijaj\u0105cych si\u0119 zupe\u0142nie z prawd\u0105 fragment\u00f3w tekstu oficera prawdy historycznej. Postaram si\u0119 w moich komentarzach by\u0107 ogl\u0119dny, aby unikn\u0105\u0107 pr\u00f3b wytoczenia mi procesu cywilnego, bo taka moda jest ostatnio popularna na tym wydziale. Skoro jednak kto\u015b wyznaczy\u0142 oficera prawdy historycznej do spisania dziej\u00f3w wydzia\u0142owej informatyki &hellip; <\/p>\n<p class=\"link-more\"><a href=\"https:\/\/www.zti.il.pw.edu.pl\/?page_id=829\" class=\"more-link\">Czytaj dalej<span class=\"screen-reader-text\"> \u201ePolemika\u201d<\/span><\/a><\/p>\n","protected":false},"author":1,"featured_media":0,"parent":0,"menu_order":0,"comment_status":"open","ping_status":"open","template":"","meta":{"footnotes":""},"class_list":["post-829","page","type-page","status-publish","hentry"],"_links":{"self":[{"href":"https:\/\/www.zti.il.pw.edu.pl\/index.php?rest_route=\/wp\/v2\/pages\/829","targetHints":{"allow":["GET"]}}],"collection":[{"href":"https:\/\/www.zti.il.pw.edu.pl\/index.php?rest_route=\/wp\/v2\/pages"}],"about":[{"href":"https:\/\/www.zti.il.pw.edu.pl\/index.php?rest_route=\/wp\/v2\/types\/page"}],"author":[{"embeddable":true,"href":"https:\/\/www.zti.il.pw.edu.pl\/index.php?rest_route=\/wp\/v2\/users\/1"}],"replies":[{"embeddable":true,"href":"https:\/\/www.zti.il.pw.edu.pl\/index.php?rest_route=%2Fwp%2Fv2%2Fcomments&post=829"}],"version-history":[{"count":6,"href":"https:\/\/www.zti.il.pw.edu.pl\/index.php?rest_route=\/wp\/v2\/pages\/829\/revisions"}],"predecessor-version":[{"id":943,"href":"https:\/\/www.zti.il.pw.edu.pl\/index.php?rest_route=\/wp\/v2\/pages\/829\/revisions\/943"}],"wp:attachment":[{"href":"https:\/\/www.zti.il.pw.edu.pl\/index.php?rest_route=%2Fwp%2Fv2%2Fmedia&parent=829"}],"curies":[{"name":"wp","href":"https:\/\/api.w.org\/{rel}","templated":true}]}}