{"id":831,"date":"2015-06-19T08:08:05","date_gmt":"2015-06-19T06:08:05","guid":{"rendered":"http:\/\/www.zti.il.pw.edu.pl\/?page_id=831"},"modified":"2015-06-19T08:11:19","modified_gmt":"2015-06-19T06:11:19","slug":"p1","status":"publish","type":"page","link":"https:\/\/www.zti.il.pw.edu.pl\/?page_id=831","title":{"rendered":"P1"},"content":{"rendered":"<p>W dziele oficera prawdy historycznej na stronie 122 czytamy: <strong>Pocz\u0105tkowo O\u015brodek nie nad\u0105\u017ca za rewolucyjnymi zmianami sprz\u0119towymi. Pierwsze nowoczesne pracownie komputerowe powstaj\u0105 poza OMK w zak\u0142adach IDIM. <\/strong> To jest fa\u0142sz&#8230;<br \/>\nPami\u0119tam dok\u0142adnie jak w laboratorium komputerowym zlokalizowanym w gmachu ITB w latach 89-93 prowadzi\u0142em zaj\u0119cia fakultatywne z arkusza kalkulacyjnego Quattro Pro. Pami\u0119tam te\u017c z tego czasu zaj\u0119cia z kultowego programu Norton Commander. W ramach zaj\u0119\u0107 z metod komputerowych w tych samych latach Studenci analizowali zagadnienie stacjonarnego przep\u0142ywu ciep\u0142a stosuj\u0105c program PC FEAP autorstwa Profesora Taylora w wersji pecetowej. W ramach tych zaj\u0119\u0107 w obszarze bada\u0144 operacyjnych by\u0142y wykorzystywane autorskie programy prowadz\u0105cych zaj\u0119cia. Tak wi\u0119c nad\u0105\u017cali\u015bmy za zmianami, ale mo\u017ce oficer prawdy historycznej spr\u00f3buje sobie przypomnie\u0107 ceny komputer\u00f3w z pocz\u0105tku lat &#8217;90. Na pewno nie by\u0142o mnie sta\u0107 na zakup takiego sprz\u0119tu! A by\u0142y to w pracowni komputery PC XT z monochromatycznymi monitorami i kartami graficznym Hercules. Nie s\u0105dz\u0119 wi\u0119c, \u017ce pierwsze pracownie powstawa\u0142y w zak\u0142adach IDIM. Jestem g\u0142\u0119boko przekonany \u017ce pracownie komputerowe ta z gmachu ITB a p\u00f3\u017aniej te trzy &#8222;akwaria&#8221; zlokalizowane w obecnej sali wyk\u0142adowej na drugim pi\u0119trze od strony wschodniej by\u0142y pracowniami OMK a nie tych mitycznych zak\u0142ad\u00f3w IDIM. A swoj\u0105 drog\u0105 podziwiam oficera prawdy historycznej, kt\u00f3ry w\u0142a\u015bnie z IDIM przeszed\u0142 do OMK po to, by po latach&#8230; szkalowa\u0107 OMK? <\/p>\n<div class=\"gsp_post_data\" \r\n\t            data-post_type=\"page\" \r\n\t            data-cat=\"\" \r\n\t            data-modified=\"120\"\r\n\t            data-created=\"1434701285\"\r\n\t            data-title=\"P1\" \r\n\t            data-home=\"https:\/\/www.zti.il.pw.edu.pl\"><\/div>","protected":false},"excerpt":{"rendered":"<p>W dziele oficera prawdy historycznej na stronie 122 czytamy: Pocz\u0105tkowo O\u015brodek nie nad\u0105\u017ca za rewolucyjnymi zmianami sprz\u0119towymi. Pierwsze nowoczesne pracownie komputerowe powstaj\u0105 poza OMK w zak\u0142adach IDIM. To jest fa\u0142sz&#8230; Pami\u0119tam dok\u0142adnie jak w laboratorium komputerowym zlokalizowanym w gmachu ITB w latach 89-93 prowadzi\u0142em zaj\u0119cia fakultatywne z arkusza kalkulacyjnego Quattro Pro. Pami\u0119tam te\u017c z tego &hellip; <\/p>\n<p class=\"link-more\"><a href=\"https:\/\/www.zti.il.pw.edu.pl\/?page_id=831\" class=\"more-link\">Czytaj dalej<span class=\"screen-reader-text\"> \u201eP1\u201d<\/span><\/a><\/p>\n","protected":false},"author":1,"featured_media":0,"parent":0,"menu_order":0,"comment_status":"open","ping_status":"open","template":"","meta":{"footnotes":""},"class_list":["post-831","page","type-page","status-publish","hentry"],"_links":{"self":[{"href":"https:\/\/www.zti.il.pw.edu.pl\/index.php?rest_route=\/wp\/v2\/pages\/831","targetHints":{"allow":["GET"]}}],"collection":[{"href":"https:\/\/www.zti.il.pw.edu.pl\/index.php?rest_route=\/wp\/v2\/pages"}],"about":[{"href":"https:\/\/www.zti.il.pw.edu.pl\/index.php?rest_route=\/wp\/v2\/types\/page"}],"author":[{"embeddable":true,"href":"https:\/\/www.zti.il.pw.edu.pl\/index.php?rest_route=\/wp\/v2\/users\/1"}],"replies":[{"embeddable":true,"href":"https:\/\/www.zti.il.pw.edu.pl\/index.php?rest_route=%2Fwp%2Fv2%2Fcomments&post=831"}],"version-history":[{"count":2,"href":"https:\/\/www.zti.il.pw.edu.pl\/index.php?rest_route=\/wp\/v2\/pages\/831\/revisions"}],"predecessor-version":[{"id":835,"href":"https:\/\/www.zti.il.pw.edu.pl\/index.php?rest_route=\/wp\/v2\/pages\/831\/revisions\/835"}],"wp:attachment":[{"href":"https:\/\/www.zti.il.pw.edu.pl\/index.php?rest_route=%2Fwp%2Fv2%2Fmedia&parent=831"}],"curies":[{"name":"wp","href":"https:\/\/api.w.org\/{rel}","templated":true}]}}