{"id":854,"date":"2015-06-22T08:25:29","date_gmt":"2015-06-22T06:25:29","guid":{"rendered":"http:\/\/www.zti.il.pw.edu.pl\/?page_id=854"},"modified":"2015-06-22T08:25:29","modified_gmt":"2015-06-22T06:25:29","slug":"p3","status":"publish","type":"page","link":"https:\/\/www.zti.il.pw.edu.pl\/?page_id=854","title":{"rendered":"P3"},"content":{"rendered":"<p>Na stronie 119 wynurze\u0144 oficera prawdy historycznej mo\u017cna przeczyta\u0107: &#8222;<strong>istotne zmiany w ogranizacji informatyki na wydziale przynosi rok 1985<\/strong>&#8222;. Nie mnie to komentowa\u0107, bo w tym czasie prowadzi\u0142\u0119m zaj\u0119cia z mechaniki budowli. Na stronie 121 czytamy za\u015b: &#8222;<strong>na podstawie tych do\u015bwiadcze\u0144 powsta\u0142 pomys\u0142 (przedmiot metody komputerowe zaproponowali Andrzej Gomuli\u0144ski i Zbigniew Kacprzyk) wprowadzenia do programu nauczania na kierunku budownictwo obowi\u0105zkowego przedmiotu metody komputerowe, kt\u00f3rego zadaniem by\u0142o wymuszenie zastosowania komputer\u00f3w w budownictwie<\/strong>&#8222;. To jednoznaczne stwierdzenie nie mo\u017ce pozostac bez komentarza. Przedmiot metody komputerowe powsta\u0142 w zasadzie na wszystkich wydzia\u0142ach budownictwa i in\u017cynierii l\u0105dowej, bo takie by\u0142y w tym czasie trendy zmian. Coraz powszechniej wchodzi\u0142a do u\u017cycia metoda element\u00f3w sko\u0144czonych, komputery osobiste wypiera\u0142y klasyczne maszyny cyfrowe. Klasyczne powiedzenie, \u017ce sukces ma wielu ojc\u00f3w \u015bwietnie pasuje do tej sytuacji. Poza przedmiotem powstawa\u0142y tak\u017ce na uczelniach jednostki typu O\u015brodek Metod Komputerowych odpowiedzialne za wdra\u017canie tego przedmiotu. Czy powstanie przedmiotu nawet najwspanialszego jest w stanie wymusi\u0107 zastosowanie komputer\u00f3w w budownictwie? \u015amiem w\u0105tpi\u0107! O tym w du\u017cej mierze decyduje rynek. To nie uczelnie wymusi\u0142y zastosowanie przogram\u00f3w z grupy CAD! A dzisiaj widac wyra\u017anie, \u017ce to budownictwo (biura projekt\u00f3w) zacz\u0119\u0142y jako pierwsze wprowadza\u0107 BIM. W tmm miejscu dla rozlu\u017anienia przytocze dowcip-suchar. Kto wynalaz\u0142 pierwsz\u0105 \u017car\u00f3wk\u0119. Nie Edison ale rosyjski uczony \u0141obanow. A Edison? Edison wynalaz\u0142 pierwsz\u0105 dzia\u0142aj\u0105c\u0105 \u017car\u00f3wk\u0119! Tak jak wspomnia\u0142em nie podejmuj\u0119 si\u0119 dyskusji na temat tego, co mia\u0142o miejsce 30 lat temu i kto by\u0142 a kto nie by\u0142 autorem pomys\u0142u przedmiotu metody komputerowe. Wiem natomiast ponad wszelk\u0105 w\u0105tpliwo\u015b\u0107, kto w latach 1989-1993 &#8222;wdra\u017ca\u0142&#8221; ten przedmiot i prowadzi\u0142 z niego zaj\u0119cia. W 1992 roku powsta\u0142 skrypt<a href=\"https:\/\/books.google.pl\/books\/about\/Metody_komputerowe_w_in%C5%BCynierii_l%C4%85dowe.html?id=CwY8MwEACAAJ&#038;hl=pl\" title=\"MKwIL\" target=\"_blank\"> Metody Komputerowe w Inzynierii L\u0105dowej<\/a>, a ja w tch latach prowadzi\u0142em \u0107wiczenia z tego przedmiotu. Dlaczego tylko przez te lata? W latach 1993\/4 by\u0142em na stypendium w Delft a w latach 1995\/6 jako tak zwany Guest Professor w Essen. W nagrod\u0119 za to zosta\u0142em pozbawiony prawa prowadzenia zaj\u0119c z metod komputerowych, ale to temat na zupe\u0142nie inne opowiadanie. A po 15 latach od 2008 roku prowadze zaj\u0119cia z metod obliczeniowych. Historia ko\u0142em si\u0119 toczy&#8230;<\/p>\n<div class=\"gsp_post_data\" \r\n\t            data-post_type=\"page\" \r\n\t            data-cat=\"\" \r\n\t            data-modified=\"120\"\r\n\t            data-created=\"1434961529\"\r\n\t            data-title=\"P3\" \r\n\t            data-home=\"https:\/\/www.zti.il.pw.edu.pl\"><\/div>","protected":false},"excerpt":{"rendered":"<p>Na stronie 119 wynurze\u0144 oficera prawdy historycznej mo\u017cna przeczyta\u0107: &#8222;istotne zmiany w ogranizacji informatyki na wydziale przynosi rok 1985&#8222;. Nie mnie to komentowa\u0107, bo w tym czasie prowadzi\u0142\u0119m zaj\u0119cia z mechaniki budowli. Na stronie 121 czytamy za\u015b: &#8222;na podstawie tych do\u015bwiadcze\u0144 powsta\u0142 pomys\u0142 (przedmiot metody komputerowe zaproponowali Andrzej Gomuli\u0144ski i Zbigniew Kacprzyk) wprowadzenia do programu &hellip; <\/p>\n<p class=\"link-more\"><a href=\"https:\/\/www.zti.il.pw.edu.pl\/?page_id=854\" class=\"more-link\">Czytaj dalej<span class=\"screen-reader-text\"> \u201eP3\u201d<\/span><\/a><\/p>\n","protected":false},"author":1,"featured_media":0,"parent":0,"menu_order":0,"comment_status":"open","ping_status":"open","template":"","meta":{"footnotes":""},"class_list":["post-854","page","type-page","status-publish","hentry"],"_links":{"self":[{"href":"https:\/\/www.zti.il.pw.edu.pl\/index.php?rest_route=\/wp\/v2\/pages\/854","targetHints":{"allow":["GET"]}}],"collection":[{"href":"https:\/\/www.zti.il.pw.edu.pl\/index.php?rest_route=\/wp\/v2\/pages"}],"about":[{"href":"https:\/\/www.zti.il.pw.edu.pl\/index.php?rest_route=\/wp\/v2\/types\/page"}],"author":[{"embeddable":true,"href":"https:\/\/www.zti.il.pw.edu.pl\/index.php?rest_route=\/wp\/v2\/users\/1"}],"replies":[{"embeddable":true,"href":"https:\/\/www.zti.il.pw.edu.pl\/index.php?rest_route=%2Fwp%2Fv2%2Fcomments&post=854"}],"version-history":[{"count":1,"href":"https:\/\/www.zti.il.pw.edu.pl\/index.php?rest_route=\/wp\/v2\/pages\/854\/revisions"}],"predecessor-version":[{"id":855,"href":"https:\/\/www.zti.il.pw.edu.pl\/index.php?rest_route=\/wp\/v2\/pages\/854\/revisions\/855"}],"wp:attachment":[{"href":"https:\/\/www.zti.il.pw.edu.pl\/index.php?rest_route=%2Fwp%2Fv2%2Fmedia&parent=854"}],"curies":[{"name":"wp","href":"https:\/\/api.w.org\/{rel}","templated":true}]}}