{"id":857,"date":"2015-06-22T09:00:43","date_gmt":"2015-06-22T07:00:43","guid":{"rendered":"http:\/\/www.zti.il.pw.edu.pl\/?page_id=857"},"modified":"2015-06-22T09:04:51","modified_gmt":"2015-06-22T07:04:51","slug":"p4","status":"publish","type":"page","link":"https:\/\/www.zti.il.pw.edu.pl\/?page_id=857","title":{"rendered":"P4"},"content":{"rendered":"<p>Moje kolejne zastrze\u017cenie budz\u0105 wynurzenia oficera prawdy historycznej ze strony 123 opisuj\u0105ce jak to \u017ale by\u0142o w ko\u0144cu lat &#8217;90 ubieg\u0142ego wieku i jak to on zbawi\u0142 wydzia\u0142 i \u015bwiat swoim projektem z 1999 roku. Aby nie by\u0107 go\u0142os\u0142ownym cytuj\u0119 ca\u0142y akapit. <\/p>\n<blockquote><p>W ko\u0144cu lat dziewi\u0119\u0107dziesi\u0105tych XX wielu na wydziale dzia\u0142a 8 pracowni komputerowych (65 stanowisk). Niestety pracownie te nie s\u0105 wyposazone w nowoczesny sprz\u0119t i nie s\u0105 w\u0142aczone do wsp\u00f3lnej sieci komputerowej. Dopiero w roku 1999 powstaje projekt nowoczesnej sieci TCP\/IP (projekt ten opracowa\u0142 dr Zbignew Kacprzyk). Projekt ten zostaje zrealizowany w roku 2000. W nowej sieci komputerowej znajduje si\u0119 70 komputer\u00f3w w zmodernizowanych pracowniach dydaktycznych, ponad 250 komputer\u00f3w pracownik\u00f3w wydzia\u0142u, serwer plik\u00f3w i serwer poczty. Wszyscy pracownicy i studenci otrzymuj\u0105 indywidualne konta z pe\u0142nym dost\u0119pem do internetu (ponad 2500 kont) i indywidualne skrzynki pocztowe. <\/p><\/blockquote>\n<p>Postaram si\u0119 dok\u0142\u0105dnie odmitologizowac kolejne stwierdzenia mijaj\u0105ce si\u0119 z prawda fakt\u00f3w. <\/p>\n<ul>\n<li>Moge potwierdzi\u0107, \u017ce w OMK dzia\u0142a\u0142y wtedy pracownie w sali 236, obecnie sali wyk\u0142adowej. By\u0142a ona podzielona na trzy osobne &#8222;akwaria&#8221;. W ka\u017cdej z sali by\u0142o 8-12 komputer\u00f3w. Dok\u0142\u0105dnych danych nie pamietam. Przyznaj\u0119, \u017ce nie interesowa\u0142y mnie w\u00f3czas kwestie innych pracowni komputerowych&#8230;<\/li>\n<li>Stwierdzenie, \u017ce pracownie te nie by\u0142y wyposa\u017cone w nowoczesny sprz\u0119t jest p\u00f3\u0142prawd\u0105. Pracownie by\u0142y wyposa\u017cone w najnowocze\u015bniejszy sprz\u0119t na jaki by\u0142o sta\u0107 wydzia\u0142. To jakby dzi\u015b poowiedzie\u0107, \u017ce w pracowniach nie ma nowoczesnego sprz\u0119tu. Jest dok\u0142\u0105dnie taki na jaki stac wydzia\u0142! <a href=\"http:\/\/netwiki.il.pw.edu.pl\/index.php\/Dane_techniczne_komputer%C3%B3w_w_poszczeg%C3%B3lnych_salach\" title=\"Pracownie\" target=\"_blank\">W poszczeg\u00f3lnych pracowniach jest pe\u0142na r\u00f3\u017cnorodno\u015b\u0107 sprz\u0119tu wymienianego sukcesywnie w ramach mo\u017cliwo\u015bci finansowych wydzia\u0142u<\/a>. S\u0105 to komputery z procesorami Pentium IV, i3, i5 i Xenon. <\/li>\n<li>P\u00f3\u0142prawd\u0105 jest zarzut, \u017ce kompuery nie by\u0142y w\u0142\u0105czone do sieci. Co najmniej od roku 1993 wszystkie pracownie OMK dzia\u0142a\u0142y w sieci Novell. Pami\u0119tam to dok\u0142adnie, bo w tej sieci instalowa\u0142em w\u0142\u0105sne oprogramowanie do przeprowadzania test\u00f3w. Owszem, nie by\u0142o sieci og\u00f3lnowydzia\u0142owej, ale&#8230; Zupe\u0142nie dobrze m\u00f3g\u0142bym napisac, \u017ce ten wspania\u0142y projekt z 1999 roku pozbawia\u0142 wydzia\u0142&#8230; sieci WiFi. Pozwole sobie przypomnie\u0107 oficerowi prawdy historycznej, \u017ce <a href=\"https:\/\/pl.wikipedia.org\/wiki\/Linux\" title=\"Linux\" target=\"_blank\">system Linux na kt\u00f3rym opar\u0142 on swoje rozwi\u0105zanie powsta\u0142 w 1991 roku<\/a>! <\/li>\n<li>Stwierdzenie, \u017ce w nowej sieci projektu oficera prawdy historycznej znalaz\u0142 si\u0119 serwer poczty i serwer plik\u00f3w mo\u017ce sugerowa\u0107, \u017ce do tego momentu pracownicy wydzia\u0142u byli pozbawieni dost\u0119pu do poczty elektronicznej. Nie jest to prawd\u0105! Z poczty wydzia\u0142owej korzystam regularnie od 1992 roku. A kultowy pod\u00f3wczas serwer ESM (bodaj Everex Spep Megacube) pe\u0142ni\u0142 rol\u0119 serwera plik\u00f3w w sieci Novell. <\/li>\n<li>Na miejscu oficera prawdy historycznej przemilcza\u0142 bym temat pe\u0142nego dost\u0119pu do internetu. W tym czasie dost\u0119p by\u0142 jednie do tych serwis\u00f3w, kt\u00f3re zosta\u0142y uznane za s\u0142uszne i w\u0142a\u015bciwe. Pami\u0119tam, \u017ce jednym z hase\u0142 dzieka\u0144skiej kampanii wyborczej w 2002 roku by\u0142o w\u0142\u0105\u015bnie przywr\u00f3cenie studentom pe\u0142nego dost\u0119pu do Internetu. <\/li>\n<li>Last but not least&#8230; Zmodernozowane pracownie komputerowe&#8230; Jest to tylko i wy\u0142\u0105cznie kwestia pieni\u0119dzy, kt\u00f3rych na uczelni jest jak zawsze za ma\u0142o.<\/li>\n<\/ul>\n<div class=\"gsp_post_data\" \r\n\t            data-post_type=\"page\" \r\n\t            data-cat=\"\" \r\n\t            data-modified=\"120\"\r\n\t            data-created=\"1434963643\"\r\n\t            data-title=\"P4\" \r\n\t            data-home=\"https:\/\/www.zti.il.pw.edu.pl\"><\/div>","protected":false},"excerpt":{"rendered":"<p>Moje kolejne zastrze\u017cenie budz\u0105 wynurzenia oficera prawdy historycznej ze strony 123 opisuj\u0105ce jak to \u017ale by\u0142o w ko\u0144cu lat &#8217;90 ubieg\u0142ego wieku i jak to on zbawi\u0142 wydzia\u0142 i \u015bwiat swoim projektem z 1999 roku. Aby nie by\u0107 go\u0142os\u0142ownym cytuj\u0119 ca\u0142y akapit. W ko\u0144cu lat dziewi\u0119\u0107dziesi\u0105tych XX wielu na wydziale dzia\u0142a 8 pracowni komputerowych (65 &hellip; <\/p>\n<p class=\"link-more\"><a href=\"https:\/\/www.zti.il.pw.edu.pl\/?page_id=857\" class=\"more-link\">Czytaj dalej<span class=\"screen-reader-text\"> \u201eP4\u201d<\/span><\/a><\/p>\n","protected":false},"author":1,"featured_media":0,"parent":0,"menu_order":0,"comment_status":"open","ping_status":"open","template":"","meta":{"footnotes":""},"class_list":["post-857","page","type-page","status-publish","hentry"],"_links":{"self":[{"href":"https:\/\/www.zti.il.pw.edu.pl\/index.php?rest_route=\/wp\/v2\/pages\/857","targetHints":{"allow":["GET"]}}],"collection":[{"href":"https:\/\/www.zti.il.pw.edu.pl\/index.php?rest_route=\/wp\/v2\/pages"}],"about":[{"href":"https:\/\/www.zti.il.pw.edu.pl\/index.php?rest_route=\/wp\/v2\/types\/page"}],"author":[{"embeddable":true,"href":"https:\/\/www.zti.il.pw.edu.pl\/index.php?rest_route=\/wp\/v2\/users\/1"}],"replies":[{"embeddable":true,"href":"https:\/\/www.zti.il.pw.edu.pl\/index.php?rest_route=%2Fwp%2Fv2%2Fcomments&post=857"}],"version-history":[{"count":3,"href":"https:\/\/www.zti.il.pw.edu.pl\/index.php?rest_route=\/wp\/v2\/pages\/857\/revisions"}],"predecessor-version":[{"id":860,"href":"https:\/\/www.zti.il.pw.edu.pl\/index.php?rest_route=\/wp\/v2\/pages\/857\/revisions\/860"}],"wp:attachment":[{"href":"https:\/\/www.zti.il.pw.edu.pl\/index.php?rest_route=%2Fwp%2Fv2%2Fmedia&parent=857"}],"curies":[{"name":"wp","href":"https:\/\/api.w.org\/{rel}","templated":true}]}}