{"id":865,"date":"2015-06-22T12:25:37","date_gmt":"2015-06-22T10:25:37","guid":{"rendered":"http:\/\/www.zti.il.pw.edu.pl\/?page_id=865"},"modified":"2015-06-22T12:32:54","modified_gmt":"2015-06-22T10:32:54","slug":"p5","status":"publish","type":"page","link":"https:\/\/www.zti.il.pw.edu.pl\/?page_id=865","title":{"rendered":"P5"},"content":{"rendered":"<p>No i ostatni kwiatek z bogatego zbioru r\u00f3\u017cnych i r\u00f3\u017cniastych wpadek oficera prawdy historycznej. To oczywi\u015bcie raczej ma\u0142o istotny detal, ale jak piszemy o czym\u015b co mia\u0142o miejsce 15 lat temu to warto trzyma\u0107 si\u0119 fakt\u00f3w. Zacytuj\u0119 odpowiedni fragment ze strony 124. <\/p>\n<blockquote><p>W roku 2002 O\u015brodek Metod Komputerowych zostaje przekszta\u0142cony w Zak\u0142ad Zastosowa\u0144 Informatyki (ZZI) bezpo\u015brednio podleg\u0142y Dziekanowi. Formalnie nic si\u0119 w dzia\u0142alno\u015bci nie zmieni\u0142o. Pomieszczenia znajduj\u0105ce si\u0119 na parterze gmachu IL przechodz\u0105 kapitalny remont i tworzone s\u0105 pracownie dla ca\u0142ej grupy dzieka\u0144skiej.\n<\/p><\/blockquote>\n<p>Po pierwsze formalnie zmieni\u0142o si\u0119 bardzo wiele. Zak\u0142ad to jednostka, kt\u00f3r\u0105 zgodnie ze statutem musi chyba kierowa\u0107 samodzielny pracownik naukowy a dla jej istnienia potrzeba na pewno dw\u00f3ch takich pracownik\u00f3w. O ile mnie nie myli pami\u0119\u0107 w OMK nie by\u0142o takich restrykcji. Druga uwaga dotyczy daty remontu. Pami\u0119tam na pewno, bo w tym czyli w 1999 roku organizowa\u0142em na XXX rocznic\u0119 istnienia Klubu Turystyki Wszelakiej Dreptak jubileuszowy koncert szant w wykonaniu Dzwon\u00f3w Gajowego, \u017ce zaj\u0119cia prowadzi\u0142em wtedy w sali 237. I chyba to by\u0142 ostatni rok zaj\u0119\u0107 na drugim pietrze&#8230; Czyli w\u0142asnie w tym czasie pojawi\u0142y si\u0119 laboratoria na parterze a sekretariat zosta\u0142 przeniesiony na drugie pi\u0119tro! Sprawdzi\u0142em to &#8211; trzy osoby potwierdzi\u0142y moje wspomnienia, remont na pewno nast\u0105pi\u0142 przed 2002 rokiem.  <\/p>\n<div class=\"gsp_post_data\" \r\n\t            data-post_type=\"page\" \r\n\t            data-cat=\"\" \r\n\t            data-modified=\"120\"\r\n\t            data-created=\"1434975937\"\r\n\t            data-title=\"P5\" \r\n\t            data-home=\"https:\/\/www.zti.il.pw.edu.pl\"><\/div>","protected":false},"excerpt":{"rendered":"<p>No i ostatni kwiatek z bogatego zbioru r\u00f3\u017cnych i r\u00f3\u017cniastych wpadek oficera prawdy historycznej. To oczywi\u015bcie raczej ma\u0142o istotny detal, ale jak piszemy o czym\u015b co mia\u0142o miejsce 15 lat temu to warto trzyma\u0107 si\u0119 fakt\u00f3w. Zacytuj\u0119 odpowiedni fragment ze strony 124. W roku 2002 O\u015brodek Metod Komputerowych zostaje przekszta\u0142cony w Zak\u0142ad Zastosowa\u0144 Informatyki (ZZI) &hellip; <\/p>\n<p class=\"link-more\"><a href=\"https:\/\/www.zti.il.pw.edu.pl\/?page_id=865\" class=\"more-link\">Czytaj dalej<span class=\"screen-reader-text\"> \u201eP5\u201d<\/span><\/a><\/p>\n","protected":false},"author":1,"featured_media":0,"parent":0,"menu_order":0,"comment_status":"open","ping_status":"open","template":"","meta":{"footnotes":""},"class_list":["post-865","page","type-page","status-publish","hentry"],"_links":{"self":[{"href":"https:\/\/www.zti.il.pw.edu.pl\/index.php?rest_route=\/wp\/v2\/pages\/865","targetHints":{"allow":["GET"]}}],"collection":[{"href":"https:\/\/www.zti.il.pw.edu.pl\/index.php?rest_route=\/wp\/v2\/pages"}],"about":[{"href":"https:\/\/www.zti.il.pw.edu.pl\/index.php?rest_route=\/wp\/v2\/types\/page"}],"author":[{"embeddable":true,"href":"https:\/\/www.zti.il.pw.edu.pl\/index.php?rest_route=\/wp\/v2\/users\/1"}],"replies":[{"embeddable":true,"href":"https:\/\/www.zti.il.pw.edu.pl\/index.php?rest_route=%2Fwp%2Fv2%2Fcomments&post=865"}],"version-history":[{"count":4,"href":"https:\/\/www.zti.il.pw.edu.pl\/index.php?rest_route=\/wp\/v2\/pages\/865\/revisions"}],"predecessor-version":[{"id":870,"href":"https:\/\/www.zti.il.pw.edu.pl\/index.php?rest_route=\/wp\/v2\/pages\/865\/revisions\/870"}],"wp:attachment":[{"href":"https:\/\/www.zti.il.pw.edu.pl\/index.php?rest_route=%2Fwp%2Fv2%2Fmedia&parent=865"}],"curies":[{"name":"wp","href":"https:\/\/api.w.org\/{rel}","templated":true}]}}