{"id":897,"date":"2015-09-15T17:17:53","date_gmt":"2015-09-15T15:17:53","guid":{"rendered":"http:\/\/www.zti.il.pw.edu.pl\/?page_id=897"},"modified":"2016-04-18T08:28:11","modified_gmt":"2016-04-18T06:28:11","slug":"dorobek-mj","status":"publish","type":"page","link":"https:\/\/www.zti.il.pw.edu.pl\/?page_id=897","title":{"rendered":"Dorobek MJ"},"content":{"rendered":"<p><a href=\"https:\/\/repo.pw.edu.pl\/reports\/researcherReportHtml.seam?lang=pl&#038;affil=&#038;cid=1895986\" title=\"repo\" target=\"_blank\">&#8222;Wyd\u0142ubane&#8221; po b\u00f3lach z repo&#8230;<\/a><\/p>\n<p>[10]\tM. Jaczewski and S. Firl\u0105g, \u201cCharakterystyka budynku Centrum Transferu Technologii w obszarze OZE w kontek\u015bcie wymaga\u0144 dla standardu pasywnego,\u201d Acta Innovations, no. 13, pp. 32\u201340, 2014.<br \/>\n [9]\tM. Jaczewski, \u201cProblematyka zr\u00f3wnowa\u017conego budownictwa na etapie realizacji inwestycji,\u201d Budownictwo, Technologie, Architektura, no. 4, pp. 60\u201363, 2014.<br \/>\n[8]\tM. Jaczewski, \u201cBudownictwo zr\u00f3wnowa\u017cone \u2013 metody projektowania,\u201d in XV Polska Konferencja Naukowo-Techniczna Fizyka Budowli w Teorii i Praktyce \u0141\u00f3d\u017a &#8211; S\u0142ok 2015, 2014.<br \/>\n[7]\tR. R. Gajewski and M. Jaczewski, \u201cFlipped Computer Science Classes,\u201d in Computer Science and Information Systems (FedCSIS), 2014 Federated Conference on, 2014, pp. 795\u2013802.<br \/>\n[6]\tM. Jaczewski, \u201cWielokryterialna ocena \u015brodowiskowa budynk\u00f3w &#8211; nowe spojrzenie na proces projektowania,\u201d in Ekologia w budownictwie, Dolno\u015bl\u0105skie Wydawnictwo Edukacyjne, 2014, pp. 61\u201371.<br \/>\n[5]\tR. R. Gajewski and M. Jaczewski, PTC Mathcad Prime 3.0. Warszawa: Wydawnictwo Naukowe PWN, 2014.<br \/>\n[4]\tM. Jaczewski, \u201cMateria\u0142y budowlane w aspekcie wielokryterialnej oceny \u015brodowiskowej budynk\u00f3w,\u201d Budownictwo, Technologie, Architektura, no. 4, pp. 44\u201347, 2013.<br \/>\n[3]\tL. W\u0142asak, M. Jaczewski, T. Dubilis, and T. Warda, \u201cHow to Motivate Digital Natives to Learn?,\u201d in X  World  Conference on  Computers in  Education, July 2 &#8211; 5, 2013;  Toru\u0144, Poland, 2013, vol. Volume 3 &#8211; Invited Presentations, Book of Abstracts.<br \/>\n[2]\tM. Jaczewski, \u201cWielokryterialna ocena \u015brodowiskowa budynk\u00f3w \u2013 nowe spojrzenie na proces projektowania,\u201d in XXI Og\u00f3lnopolska Interdyscyplinarna Konferencja Naukowo-Techniczna \u201cEkologia a Budownictwo\u201d, Bielsko-Bia\u0142a, 10-12 pa\u017adziernika 2013, 2013, pp. 129\u2013139.<br \/>\n[1]\tR. R. Gajewski, L. Wlasak, and M. Jaczewski, \u201cIS (ICT) and CS in Civil Engineering curricula: Case study,\u201d in Computer Science and Information Systems (FedCSIS), 2013 Federated Conference on, 2013, pp. 717\u2013720.<\/p>\n<div class=\"gsp_post_data\" \r\n\t            data-post_type=\"page\" \r\n\t            data-cat=\"\" \r\n\t            data-modified=\"120\"\r\n\t            data-created=\"1442337473\"\r\n\t            data-title=\"Dorobek MJ\" \r\n\t            data-home=\"https:\/\/www.zti.il.pw.edu.pl\"><\/div>","protected":false},"excerpt":{"rendered":"<p>&#8222;Wyd\u0142ubane&#8221; po b\u00f3lach z repo&#8230; [10] M. Jaczewski and S. Firl\u0105g, \u201cCharakterystyka budynku Centrum Transferu Technologii w obszarze OZE w kontek\u015bcie wymaga\u0144 dla standardu pasywnego,\u201d Acta Innovations, no. 13, pp. 32\u201340, 2014. [9] M. Jaczewski, \u201cProblematyka zr\u00f3wnowa\u017conego budownictwa na etapie realizacji inwestycji,\u201d Budownictwo, Technologie, Architektura, no. 4, pp. 60\u201363, 2014. [8] M. Jaczewski, \u201cBudownictwo zr\u00f3wnowa\u017cone &hellip; <\/p>\n<p class=\"link-more\"><a href=\"https:\/\/www.zti.il.pw.edu.pl\/?page_id=897\" class=\"more-link\">Czytaj dalej<span class=\"screen-reader-text\"> \u201eDorobek MJ\u201d<\/span><\/a><\/p>\n","protected":false},"author":1,"featured_media":0,"parent":77,"menu_order":0,"comment_status":"open","ping_status":"open","template":"","meta":{"footnotes":""},"class_list":["post-897","page","type-page","status-publish","hentry"],"_links":{"self":[{"href":"https:\/\/www.zti.il.pw.edu.pl\/index.php?rest_route=\/wp\/v2\/pages\/897","targetHints":{"allow":["GET"]}}],"collection":[{"href":"https:\/\/www.zti.il.pw.edu.pl\/index.php?rest_route=\/wp\/v2\/pages"}],"about":[{"href":"https:\/\/www.zti.il.pw.edu.pl\/index.php?rest_route=\/wp\/v2\/types\/page"}],"author":[{"embeddable":true,"href":"https:\/\/www.zti.il.pw.edu.pl\/index.php?rest_route=\/wp\/v2\/users\/1"}],"replies":[{"embeddable":true,"href":"https:\/\/www.zti.il.pw.edu.pl\/index.php?rest_route=%2Fwp%2Fv2%2Fcomments&post=897"}],"version-history":[{"count":4,"href":"https:\/\/www.zti.il.pw.edu.pl\/index.php?rest_route=\/wp\/v2\/pages\/897\/revisions"}],"predecessor-version":[{"id":1104,"href":"https:\/\/www.zti.il.pw.edu.pl\/index.php?rest_route=\/wp\/v2\/pages\/897\/revisions\/1104"}],"up":[{"embeddable":true,"href":"https:\/\/www.zti.il.pw.edu.pl\/index.php?rest_route=\/wp\/v2\/pages\/77"}],"wp:attachment":[{"href":"https:\/\/www.zti.il.pw.edu.pl\/index.php?rest_route=%2Fwp%2Fv2%2Fmedia&parent=897"}],"curies":[{"name":"wp","href":"https:\/\/api.w.org\/{rel}","templated":true}]}}