{"id":93,"date":"2012-10-23T19:54:08","date_gmt":"2012-10-23T17:54:08","guid":{"rendered":"http:\/\/www.zti.il.pw.edu.pl\/?page_id=93"},"modified":"2012-11-07T07:20:59","modified_gmt":"2012-11-07T06:20:59","slug":"ankieta-pracownicza","status":"publish","type":"page","link":"https:\/\/www.zti.il.pw.edu.pl\/?page_id=93","title":{"rendered":"Ankieta pracownicza"},"content":{"rendered":"<p>Projekt <strong>ankieta pracownicza<\/strong> zosta\u0142 zrealizowany na zlecenie Dziekana Wydzia\u0142u w okresie 09.2008-01-2009. Produkty finalne tego projektu &#8211; narz\u0119dzie do wype\u0142niania i przesy\u0142ania ankiet oraz baza danych wype\u0142nionych ankiet s\u0105 wykorzystywane do dnia dzisiejszego. Co rok ankiet\u0119 wype\u0142nia i przesy\u0142a w spos\u00f3b elektroniczny oko\u0142o 150 pracownik\u00f3w. Przez lata w bazie zgromadzonych s\u0105 setki tabel i tysi\u0105ce rekord\u00f3w:<\/p>\n<ul>\n<li>2003-8 &#8211; 83 tabele na rok, \u0142\u0105cznie 11 745 rekord\u00f3w<\/li>\n<li>2009 &#8211; 93 tabele, 2929 rekord\u00f3w<\/li>\n<li>2010 &#8211; 94 tabele, 3897 rekord\u00f3w<\/li>\n<li>2011 &#8211; 110 tabel, 4287 rekord\u00f3w<\/li>\n<\/ul>\n<p><a href=\"http:\/\/www.zti.il.pw.edu.pl\/wp-content\/uploads\/2012\/10\/ankieta.gif\"><img loading=\"lazy\" decoding=\"async\" class=\"alignnone size-full wp-image-131\" title=\"ankieta\" src=\"http:\/\/www.zti.il.pw.edu.pl\/wp-content\/uploads\/2012\/10\/ankieta.gif\" alt=\"\" width=\"661\" height=\"528\" \/><\/a><\/p>\n<div class=\"gsp_post_data\" \r\n\t            data-post_type=\"page\" \r\n\t            data-cat=\"\" \r\n\t            data-modified=\"120\"\r\n\t            data-created=\"1351022048\"\r\n\t            data-title=\"Ankieta pracownicza\" \r\n\t            data-home=\"https:\/\/www.zti.il.pw.edu.pl\"><\/div>","protected":false},"excerpt":{"rendered":"<p>Projekt ankieta pracownicza zosta\u0142 zrealizowany na zlecenie Dziekana Wydzia\u0142u w okresie 09.2008-01-2009. Produkty finalne tego projektu &#8211; narz\u0119dzie do wype\u0142niania i przesy\u0142ania ankiet oraz baza danych wype\u0142nionych ankiet s\u0105 wykorzystywane do dnia dzisiejszego. Co rok ankiet\u0119 wype\u0142nia i przesy\u0142a w spos\u00f3b elektroniczny oko\u0142o 150 pracownik\u00f3w. Przez lata w bazie zgromadzonych s\u0105 setki tabel i tysi\u0105ce &hellip; <\/p>\n<p class=\"link-more\"><a href=\"https:\/\/www.zti.il.pw.edu.pl\/?page_id=93\" class=\"more-link\">Czytaj dalej<span class=\"screen-reader-text\"> \u201eAnkieta pracownicza\u201d<\/span><\/a><\/p>\n","protected":false},"author":1,"featured_media":0,"parent":84,"menu_order":0,"comment_status":"open","ping_status":"open","template":"","meta":{"footnotes":""},"class_list":["post-93","page","type-page","status-publish","hentry"],"_links":{"self":[{"href":"https:\/\/www.zti.il.pw.edu.pl\/index.php?rest_route=\/wp\/v2\/pages\/93","targetHints":{"allow":["GET"]}}],"collection":[{"href":"https:\/\/www.zti.il.pw.edu.pl\/index.php?rest_route=\/wp\/v2\/pages"}],"about":[{"href":"https:\/\/www.zti.il.pw.edu.pl\/index.php?rest_route=\/wp\/v2\/types\/page"}],"author":[{"embeddable":true,"href":"https:\/\/www.zti.il.pw.edu.pl\/index.php?rest_route=\/wp\/v2\/users\/1"}],"replies":[{"embeddable":true,"href":"https:\/\/www.zti.il.pw.edu.pl\/index.php?rest_route=%2Fwp%2Fv2%2Fcomments&post=93"}],"version-history":[{"count":6,"href":"https:\/\/www.zti.il.pw.edu.pl\/index.php?rest_route=\/wp\/v2\/pages\/93\/revisions"}],"predecessor-version":[{"id":125,"href":"https:\/\/www.zti.il.pw.edu.pl\/index.php?rest_route=\/wp\/v2\/pages\/93\/revisions\/125"}],"up":[{"embeddable":true,"href":"https:\/\/www.zti.il.pw.edu.pl\/index.php?rest_route=\/wp\/v2\/pages\/84"}],"wp:attachment":[{"href":"https:\/\/www.zti.il.pw.edu.pl\/index.php?rest_route=%2Fwp%2Fv2%2Fmedia&parent=93"}],"curies":[{"name":"wp","href":"https:\/\/api.w.org\/{rel}","templated":true}]}}