{"id":95,"date":"2012-10-23T19:54:53","date_gmt":"2012-10-23T17:54:53","guid":{"rendered":"http:\/\/www.zti.il.pw.edu.pl\/?page_id=95"},"modified":"2017-02-12T08:58:20","modified_gmt":"2017-02-12T07:58:20","slug":"portal-informacyjny","status":"publish","type":"page","link":"https:\/\/www.zti.il.pw.edu.pl\/?page_id=95","title":{"rendered":"Portal informacyjny"},"content":{"rendered":"<p>Projekt portal informacyjny wydzia\u0142u by\u0142 realizowany od wrze\u015bnia 2008 do wrze\u015bnia 2009. Oficjalne otwarcie nowej wersji portalu nast\u0105pi\u0142o 1 pa\u017adziernika 2009. W pracach uczestnicz\u0105 Tomasz Dubilis i R.Robert Gajewski. Portal informacyjny zosta\u0142 zbudowany na <em>Content Management System Joomla<\/em>!. W jego tworzenie rozumiane jako tworzenie wpis\u00f3w z nowymi informacjami jest zaanga\u017cowanych ponad dwadzie\u015bcia os\u00f3b. Taka rozproszona struktura przyspiesza znacznie przep\u0142yw informacji. Podczas prac nad tworzeniem portalu informacyjnego zosta\u0142a opracowana profesjonalna <a title=\"KsiegaZnaku\" href=\"https:\/\/www.il.pw.edu.pl\/index.php\/pl\/component\/remository\/Dokumenty-Og%C3%B3lnowydzia%C5%82owe\/Ksi%C4%99ga-znaku-Wydzia%C5%82u?Itemid=105\" target=\"_blank\">ksi\u0119ga znaku Wydzia\u0142u In\u017cynierii L\u0105dowej<\/a>. Prace wdro\u017ceniowe portalu zako\u0144czy\u0142y si\u0119 publikacj\u0105 w punktowanym czasopi\u015bmie (8 pkt) <a title=\"e-mentor\" href=\"http:\/\/www.e-mentor.edu.pl\/mobi\/artykul\/index\/numer\/33\/id\/715\" target=\"_blank\">e-mentor<\/a>.<\/p>\n<div class=\"gsp_post_data\" \r\n\t            data-post_type=\"page\" \r\n\t            data-cat=\"\" \r\n\t            data-modified=\"120\"\r\n\t            data-created=\"1351022093\"\r\n\t            data-title=\"Portal informacyjny\" \r\n\t            data-home=\"https:\/\/www.zti.il.pw.edu.pl\"><\/div>","protected":false},"excerpt":{"rendered":"<p>Projekt portal informacyjny wydzia\u0142u by\u0142 realizowany od wrze\u015bnia 2008 do wrze\u015bnia 2009. Oficjalne otwarcie nowej wersji portalu nast\u0105pi\u0142o 1 pa\u017adziernika 2009. W pracach uczestnicz\u0105 Tomasz Dubilis i R.Robert Gajewski. Portal informacyjny zosta\u0142 zbudowany na Content Management System Joomla!. W jego tworzenie rozumiane jako tworzenie wpis\u00f3w z nowymi informacjami jest zaanga\u017cowanych ponad dwadzie\u015bcia os\u00f3b. Taka rozproszona &hellip; <\/p>\n<p class=\"link-more\"><a href=\"https:\/\/www.zti.il.pw.edu.pl\/?page_id=95\" class=\"more-link\">Czytaj dalej<span class=\"screen-reader-text\"> \u201ePortal informacyjny\u201d<\/span><\/a><\/p>\n","protected":false},"author":1,"featured_media":0,"parent":84,"menu_order":0,"comment_status":"open","ping_status":"open","template":"","meta":{"footnotes":""},"class_list":["post-95","page","type-page","status-publish","hentry"],"_links":{"self":[{"href":"https:\/\/www.zti.il.pw.edu.pl\/index.php?rest_route=\/wp\/v2\/pages\/95","targetHints":{"allow":["GET"]}}],"collection":[{"href":"https:\/\/www.zti.il.pw.edu.pl\/index.php?rest_route=\/wp\/v2\/pages"}],"about":[{"href":"https:\/\/www.zti.il.pw.edu.pl\/index.php?rest_route=\/wp\/v2\/types\/page"}],"author":[{"embeddable":true,"href":"https:\/\/www.zti.il.pw.edu.pl\/index.php?rest_route=\/wp\/v2\/users\/1"}],"replies":[{"embeddable":true,"href":"https:\/\/www.zti.il.pw.edu.pl\/index.php?rest_route=%2Fwp%2Fv2%2Fcomments&post=95"}],"version-history":[{"count":4,"href":"https:\/\/www.zti.il.pw.edu.pl\/index.php?rest_route=\/wp\/v2\/pages\/95\/revisions"}],"predecessor-version":[{"id":1603,"href":"https:\/\/www.zti.il.pw.edu.pl\/index.php?rest_route=\/wp\/v2\/pages\/95\/revisions\/1603"}],"up":[{"embeddable":true,"href":"https:\/\/www.zti.il.pw.edu.pl\/index.php?rest_route=\/wp\/v2\/pages\/84"}],"wp:attachment":[{"href":"https:\/\/www.zti.il.pw.edu.pl\/index.php?rest_route=%2Fwp%2Fv2%2Fmedia&parent=95"}],"curies":[{"name":"wp","href":"https:\/\/api.w.org\/{rel}","templated":true}]}}