{"id":97,"date":"2012-10-23T19:55:21","date_gmt":"2012-10-23T17:55:21","guid":{"rendered":"http:\/\/www.zti.il.pw.edu.pl\/?page_id=97"},"modified":"2012-10-25T14:58:24","modified_gmt":"2012-10-25T12:58:24","slug":"portal-edukacyjny","status":"publish","type":"page","link":"https:\/\/www.zti.il.pw.edu.pl\/?page_id=97","title":{"rendered":"Portal edukacyjny"},"content":{"rendered":"<p>Prace nad uruchomieniem portalu edukacyjnego trwa\u0142y bardzo kr\u00f3tko, bo jedynie miesi\u0105c, co wynika\u0142o z du\u017cego do\u015bwiadczenia zespo\u0142u wdro\u017ceniowego w realizacji tego typu zada\u0144. Po 2.5 roku dzia\u0142ania portalu jest na nim zarejestrowanych 1580 u\u017cytkownik\u00f3w. Jest to jak na przedsi\u0119wzi\u0119cie realizowane w ramach wolontariatu, czyli bez jakiegokolwiek bud\u017cetu, liczba imponuj\u0105ca. Wystarczy wspomnie\u0107, \u017ce na Politechnice Warszawskiej w ramach realizacji <a href=\"http:\/\/www.pr.pw.edu.pl\/zadania-projektu\/e-learning\/\" title=\"prpw\" target=\"_blank\">Programu Rozwojowego<\/a> opiewaj\u0105cego na kwot\u0119 nieca\u0142ych 90 milion\u00f3w z\u0142otych &#8222;powstanie 6 nowych portali edukacyjnych i system\u00f3w zarz\u0105dzania zasobami edukacyjnymi. Ka\u017cdy z nich zawiera\u0107 b\u0119dzie wyk\u0142ady, materia\u0142y pomocnicze, sekwencje wideo, prezentacje multimedialne itp. Ponadto przygotowana i utrzymywana b\u0119dzie infrastruktura informatyczna, dzi\u0119ki temu mo\u017cliwe b\u0119dzie prowadzenie zdalnych konsultacji, \u0107wicze\u0144 laboratoryjnych i do\u015bwiadcze\u0144. \u0141\u0105cznie z e-learningowego systemu kszta\u0142cenia skorzysta ponad 3 tys. student\u00f3w.&#8221; Nie jest to chyba wynik imponuj\u0105cy, skoro na Wydziale In\u017cynierii L\u0105dowej bez jakiegokolwiek finansowania z e-Learningu korzysta 1580 zarejestrowanych os\u00f3b. <\/p>\n<div class=\"gsp_post_data\" \r\n\t            data-post_type=\"page\" \r\n\t            data-cat=\"\" \r\n\t            data-modified=\"120\"\r\n\t            data-created=\"1351022121\"\r\n\t            data-title=\"Portal edukacyjny\" \r\n\t            data-home=\"https:\/\/www.zti.il.pw.edu.pl\"><\/div>","protected":false},"excerpt":{"rendered":"<p>Prace nad uruchomieniem portalu edukacyjnego trwa\u0142y bardzo kr\u00f3tko, bo jedynie miesi\u0105c, co wynika\u0142o z du\u017cego do\u015bwiadczenia zespo\u0142u wdro\u017ceniowego w realizacji tego typu zada\u0144. Po 2.5 roku dzia\u0142ania portalu jest na nim zarejestrowanych 1580 u\u017cytkownik\u00f3w. Jest to jak na przedsi\u0119wzi\u0119cie realizowane w ramach wolontariatu, czyli bez jakiegokolwiek bud\u017cetu, liczba imponuj\u0105ca. Wystarczy wspomnie\u0107, \u017ce na Politechnice Warszawskiej &hellip; <\/p>\n<p class=\"link-more\"><a href=\"https:\/\/www.zti.il.pw.edu.pl\/?page_id=97\" class=\"more-link\">Czytaj dalej<span class=\"screen-reader-text\"> \u201ePortal edukacyjny\u201d<\/span><\/a><\/p>\n","protected":false},"author":1,"featured_media":0,"parent":84,"menu_order":0,"comment_status":"open","ping_status":"open","template":"","meta":{"footnotes":""},"class_list":["post-97","page","type-page","status-publish","hentry"],"_links":{"self":[{"href":"https:\/\/www.zti.il.pw.edu.pl\/index.php?rest_route=\/wp\/v2\/pages\/97","targetHints":{"allow":["GET"]}}],"collection":[{"href":"https:\/\/www.zti.il.pw.edu.pl\/index.php?rest_route=\/wp\/v2\/pages"}],"about":[{"href":"https:\/\/www.zti.il.pw.edu.pl\/index.php?rest_route=\/wp\/v2\/types\/page"}],"author":[{"embeddable":true,"href":"https:\/\/www.zti.il.pw.edu.pl\/index.php?rest_route=\/wp\/v2\/users\/1"}],"replies":[{"embeddable":true,"href":"https:\/\/www.zti.il.pw.edu.pl\/index.php?rest_route=%2Fwp%2Fv2%2Fcomments&post=97"}],"version-history":[{"count":3,"href":"https:\/\/www.zti.il.pw.edu.pl\/index.php?rest_route=\/wp\/v2\/pages\/97\/revisions"}],"predecessor-version":[{"id":129,"href":"https:\/\/www.zti.il.pw.edu.pl\/index.php?rest_route=\/wp\/v2\/pages\/97\/revisions\/129"}],"up":[{"embeddable":true,"href":"https:\/\/www.zti.il.pw.edu.pl\/index.php?rest_route=\/wp\/v2\/pages\/84"}],"wp:attachment":[{"href":"https:\/\/www.zti.il.pw.edu.pl\/index.php?rest_route=%2Fwp%2Fv2%2Fmedia&parent=97"}],"curies":[{"name":"wp","href":"https:\/\/api.w.org\/{rel}","templated":true}]}}